{"id":68354245,"date":"2025-12-15T23:16:00","date_gmt":"2025-12-15T22:16:00","guid":{"rendered":"https:\/\/kraftwerk-shop.cc\/?post_type=product&#038;p=68354245"},"modified":"2026-02-18T00:51:21","modified_gmt":"2026-02-17T23:51:21","slug":"afe-bladerunner-kolektor-wydechowy-46-40154","status":"publish","type":"product","link":"https:\/\/kraftwerk-shop.cc\/pl\/produkt\/afe-bladerunner-kruemmer-46-40154\/","title":{"rendered":"Kolektor wydechowy aFe BladeRunner RAM 5.7"},"content":{"rendered":"<h1>Kolektor wydechowy aFe BladeRunner 46-40154 wykonany z \u017celiwa sferoidalnego dla RAM 1500 5.7 Hemi DT od 2019 do 2024 r.<\/h1>\n<p>&nbsp;<\/p>\n<p>Standardowe kolektory wydechowe w silnikach 5. generacji RAM 5.7 s\u0105 podatne na p\u0119kanie. Kolektory wydechowe Bladerunner maj\u0105 o 25 % grubsze \u015bcianki ni\u017c oryginalna konstrukcja, zapewniaj\u0105c wi\u0119ksz\u0105 wytrzyma\u0142o\u015b\u0107 i trwa\u0142o\u015b\u0107. Dodatkowy materia\u0142 pomaga wytrzyma\u0107 wysokie zmiany temperatury i wibracje bez wypacze\u0144 i p\u0119kni\u0119\u0107.<\/p>\n<p>&nbsp;<\/p>\n<p><strong>Obrabiane elementy \u0142\u0105cz\u0105ce<br \/>\n<\/strong>W tych kolektorach zar\u00f3wno z\u0142\u0105cza wlotowe, jak i wylotowe s\u0105 obrobione tak, aby pasowa\u0142y do fabrycznych uszczelek. Umo\u017cliwia to maksymalny przep\u0142yw bez wp\u0142ywu na dzia\u0142anie uszczelek.<\/p>\n<p><strong>\u017beliwo sferoidalne<br \/>\n<\/strong>\u017beliwo sferoidalne jest szczeg\u00f3lnie odpornym materia\u0142em odlewniczym. W por\u00f3wnaniu do konwencjonalnego \u017celiwa jest mniej kruche i znacznie bardziej spr\u0119\u017cyste. W rezultacie lepiej znosi obci\u0105\u017cenia mechaniczne i wahania temperatury.<\/p>\n<p><strong>Wi\u0119ksza grubo\u015b\u0107 \u015bcianki<br \/>\n<\/strong>Te kolektory maj\u0105 \u015bcianki grubsze o 25 % ni\u017c podatne na p\u0119kni\u0119cia kolektory oryginalne. Wi\u0119ksza grubo\u015b\u0107 \u015bcianek zwi\u0119ksza sztywno\u015b\u0107 kolektor\u00f3w i sprawia, \u017ce s\u0105 one znacznie trwalsze ni\u017c kolektory OE.<\/p>\n<p><strong>\u0141atwa instalacja<br \/>\n<\/strong>Kolektory te s\u0105 przykr\u0119cane bezpo\u015brednio do fabrycznej rury Y, co u\u0142atwia instalacj\u0119.<\/p>\n<p>&nbsp;<\/p>\n<p>&nbsp;<\/p>\n<p><strong>Odpowiedni dla:<\/strong><\/p>\n<table width=\"538\">\n<tbody>\n<tr>\n<td width=\"82\"><strong>Marka<\/strong><\/td>\n<td width=\"82\"><strong>Model<\/strong><\/td>\n<td width=\"154\"><strong>Silnik<\/strong><\/td>\n<td width=\"220\"><strong>Rok<\/strong><\/td>\n<\/tr>\n<tr>\n<td width=\"82\">RAM<\/td>\n<td width=\"82\">1500<\/td>\n<td width=\"154\">5.7<\/td>\n<td width=\"220\">2019\u20132024<\/td>\n<\/tr>\n<\/tbody>\n<\/table>\n<p>Nie nadaje si\u0119 do RAM Classic, 1500 Mega Cab, 2500 lub 3500!<\/p>\n<p>&nbsp;<\/p>\n<p>&nbsp;<\/p>\n<p><strong>O aFe Power<\/strong><\/p>\n<p>aFe Power (advanced FLOW engineering) jest wiod\u0105cym producentem wysokowydajnych produkt\u00f3w dla przemys\u0142u motoryzacyjnego. Od momentu powstania firma jest zaanga\u017cowana w opracowywanie innowacyjnych i wydajnych rozwi\u0105za\u0144, kt\u00f3re znacznie zwi\u0119kszaj\u0105 wydajno\u015b\u0107 i osi\u0105gi pojazd\u00f3w.<\/p>\n<p><strong>Jako\u015b\u0107 i innowacyjno\u015b\u0107<\/strong><\/p>\n<p>Ka\u017cdy produkt aFe Power jest opracowywany i testowany w najnowocze\u015bniejszych zak\u0142adach firmy w USA. Koncentruj\u0105c si\u0119 na badaniach i rozwoju, aFe Power wykorzystuje zaawansowane technologie do tworzenia produkt\u00f3w spe\u0142niaj\u0105cych najwy\u017csze standardy jako\u015bci. Te rygorystyczne kontrole jako\u015bci zapewniaj\u0105, \u017ce produkty zapewniaj\u0105 najwy\u017csz\u0105 wydajno\u015b\u0107 i spe\u0142niaj\u0105 potrzeby najbardziej wymagaj\u0105cych kierowc\u00f3w.<\/p>\n<p><strong>Zaanga\u017cowanie w sprawy klient\u00f3w<\/strong><\/p>\n<p>aFe Power stara si\u0119 zawsze oferowa\u0107 swoim klientom najlepsze rozwi\u0105zania. Dzi\u0119ki ci\u0105g\u0142ym innowacjom i uwzgl\u0119dnianiu opinii klient\u00f3w, firma pozostaje w czo\u0142\u00f3wce technologii motoryzacyjnych. Produkty aFe Power s\u0105 zaprojektowane tak, aby by\u0142y \u0142atwe w instalacji i zapewnia\u0142y zauwa\u017caln\u0105 popraw\u0119 osi\u0105g\u00f3w pojazdu i przyjemno\u015bci z jazdy.<\/p>\n<p>Dzi\u0119ki wyra\u017anemu naciskowi na wydajno\u015b\u0107, jako\u015b\u0107 i zadowolenie klienta, aFe Power zbudowa\u0142 wyj\u0105tkow\u0105 reputacj\u0119 w bran\u017cy motoryzacyjnej. Czy to na drodze, na torze wy\u015bcigowym, czy w terenie, produkty aFe Power s\u0105 pierwszym wyborem dla ka\u017cdego, kto chce wydoby\u0107 ze swojego pojazdu to, co najlepsze.<\/p>\n<p>&nbsp;<\/p>","protected":false},"excerpt":{"rendered":"<p>2019\u20132024<\/p>","protected":false},"featured_media":68354251,"comment_status":"open","ping_status":"closed","template":"","meta":{"_acf_changed":false},"product_brand":[16879],"product_cat":[6624],"product_tag":[475,20000,91,1035,16880,498,2441,546,6557,5197,49,476,20001,692,543,549,126,532,20273,550,34,186,86,3369,3368,3340,3055,547,7084],"class_list":{"0":"post-68354245","1":"product","2":"type-product","3":"status-publish","4":"has-post-thumbnail","6":"product_brand-afe-power","7":"product_cat-1500-57-dt-abgaskruemmer-katalysatoren","8":"product_tag-475","9":"product_tag-46-40154","10":"product_tag-5-7","11":"product_tag-abgasanlage","12":"product_tag-advanced-flow-engineering","13":"product_tag-afe","14":"product_tag-afe-power","15":"product_tag-auspuff","16":"product_tag-auspuffkruemmer","17":"product_tag-bladerunner","18":"product_tag-dodge","19":"product_tag-dt","20":"product_tag-duktiles-eisen","21":"product_tag-ersatzteil","22":"product_tag-faecherkruemmer","23":"product_tag-header","24":"product_tag-hemi","25":"product_tag-kat","26":"product_tag-keintuev","27":"product_tag-kruemmer","28":"product_tag-original","29":"product_tag-performance","30":"product_tag-ram","31":"product_tag-short-tube","32":"product_tag-shorties","33":"product_tag-shorty","34":"product_tag-sportabgasanlage","35":"product_tag-sportauspuff","36":"product_tag-twisted-steel","37":"product_shipping_class-paket-l","39":"first","40":"instock","41":"taxable","42":"shipping-taxable","43":"purchasable","44":"product-type-simple"},"bundled_by":[],"bundle_stock_status":"instock","bundle_stock_quantity":1,"bundle_virtual":false,"bundle_layout":"","bundle_add_to_cart_form_location":"","bundle_editable_in_cart":false,"bundle_sold_individually_context":"","bundle_item_grouping":"","bundle_min_size":"","bundle_max_size":"","bundle_price":[],"bundled_items":[],"bundle_sell_ids":[],"exclude_global_add_ons":[],"addons":[],"acf":[],"_links":{"self":[{"href":"https:\/\/kraftwerk-shop.cc\/pl\/wp-json\/wp\/v2\/product\/68354245","targetHints":{"allow":["GET"]}}],"collection":[{"href":"https:\/\/kraftwerk-shop.cc\/pl\/wp-json\/wp\/v2\/product"}],"about":[{"href":"https:\/\/kraftwerk-shop.cc\/pl\/wp-json\/wp\/v2\/types\/product"}],"replies":[{"embeddable":true,"href":"https:\/\/kraftwerk-shop.cc\/pl\/wp-json\/wp\/v2\/comments?post=68354245"}],"version-history":[{"count":0,"href":"https:\/\/kraftwerk-shop.cc\/pl\/wp-json\/wp\/v2\/product\/68354245\/revisions"}],"wp:featuredmedia":[{"embeddable":true,"href":"https:\/\/kraftwerk-shop.cc\/pl\/wp-json\/wp\/v2\/media\/68354251"}],"wp:attachment":[{"href":"https:\/\/kraftwerk-shop.cc\/pl\/wp-json\/wp\/v2\/media?parent=68354245"}],"wp:term":[{"taxonomy":"product_brand","embeddable":true,"href":"https:\/\/kraftwerk-shop.cc\/pl\/wp-json\/wp\/v2\/product_brand?post=68354245"},{"taxonomy":"product_cat","embeddable":true,"href":"https:\/\/kraftwerk-shop.cc\/pl\/wp-json\/wp\/v2\/product_cat?post=68354245"},{"taxonomy":"product_tag","embeddable":true,"href":"https:\/\/kraftwerk-shop.cc\/pl\/wp-json\/wp\/v2\/product_tag?post=68354245"}],"curies":[{"name":"wp","href":"https:\/\/api.w.org\/{rel}","templated":true}]}}