{"id":68354355,"date":"2025-12-20T14:13:28","date_gmt":"2025-12-20T13:13:28","guid":{"rendered":"https:\/\/kraftwerk-shop.cc\/?post_type=product&#038;p=68354355"},"modified":"2026-02-15T01:27:31","modified_gmt":"2026-02-15T00:27:31","slug":"kolektor-wydechowy-bd-1046069-cummins","status":"publish","type":"product","link":"https:\/\/kraftwerk-shop.cc\/pl\/produkt\/bd-abgaskruemmer-1046069-cummins\/","title":{"rendered":"Zestaw kolektora wydechowego BD 1046069 RAM 6.7 Cummins"},"content":{"rendered":"<h1>Zestaw kolektora wydechowego BD <span class=\"sku\">1046069<\/span> dla RAM 6,7 Cummins od 2019 do 2024 roku<\/h1>\n<p>&nbsp;<\/p>\n<p><strong>Numer por\u00f3wnawczy Mopar:<\/strong> 68444858AA<\/p>\n<p>Zestaw kolektora wydechowego BD Diesel dla modeli Dodge\/RAM 6.7L Cummins 3500 Cab &amp; Chassis od 2019 do 2024 roku zosta\u0142 specjalnie zaprojektowany dla ci\u0119\u017car\u00f3wek, kt\u00f3re s\u0105 znane z p\u0119kania ich d\u0142ugich, jednocz\u0119\u015bciowych \u017celiwnych kolektor\u00f3w. Problem ten nadal dotyczy wielu ci\u0119\u017car\u00f3wek RAM. Kolektor wydechowy BD Diesel rozwi\u0105zuje ten problem dzi\u0119ki grubo\u015bciennej formie i sekcji \u015brodkowej z przegubem \u015blizgowym, kt\u00f3ry pozwala na naturalne rozszerzanie i kurczenie si\u0119, znacznie zmniejszaj\u0105c ryzyko p\u0119kania.<\/p>\n<p>Dzielona konstrukcja kolektora wydechowego optymalizuje przep\u0142yw spalin, wykorzystuj\u0105c naturalne impulsy wydechowe silnika, zapewniaj\u0105c p\u0142ynniejsz\u0105 prac\u0119 i lepsze w\u0142a\u015bciwo\u015bci jezdne.<\/p>\n<p>Niezale\u017cnie od tego, czy RAM Cummins jest standardowy, czy zmodyfikowany, jest to idealne rozwi\u0105zanie zapewniaj\u0105ce niezawodno\u015b\u0107 i trwa\u0142o\u015b\u0107.<\/p>\n<div class=\"relative inline-flex items-center\"><\/div>\n<div><\/div>\n<p><strong>G\u0142\u00f3wne cechy:<\/strong><\/p>\n<ul>\n<li>Grubo\u015bcienne \u017celiwo jest odporne na p\u0119kni\u0119cia spowodowane wysok\u0105 temperatur\u0105 i zapewnia d\u0142ugotrwa\u0142\u0105 wytrzyma\u0142o\u015b\u0107<\/li>\n<li>Dwucz\u0119\u015bciowe po\u0142\u0105czenie \u015blizgowe zmniejsza obci\u0105\u017cenie spowodowane cyklami termicznymi, a tym samym zapobiega awariom.<\/li>\n<li>Konstrukcja z dzielonym impulsem poprawia przep\u0142yw spalin, zapewniaj\u0105c lepsz\u0105 wydajno\u015b\u0107 i wi\u0119ksz\u0105 moc turbospr\u0119\u017carki.<\/li>\n<li>Wst\u0119pnie nawiercony otw\u00f3r EGT u\u0142atwia instalacj\u0119 nieoryginalnych urz\u0105dze\u0144 pomiarowych<\/li>\n<li>Bezpo\u015bredni zamiennik komponent\u00f3w seryjnych z pe\u0142n\u0105 kompatybilno\u015bci\u0105 z EGR dla \u0142atwej instalacji<\/li>\n<li>Zawiera wszystkie cz\u0119\u015bci monta\u017cowe u\u0142atwiaj\u0105ce instalacj\u0119<\/li>\n<\/ul>\n<p>&nbsp;<\/p>\n<p><strong>Dodatkowe informacje:<\/strong><\/p>\n<ul>\n<li>Czas instalacji<strong>:<\/strong> Oko\u0142o 8 godzin<\/li>\n<\/ul>\n<p>&nbsp;<\/p>\n<p>&nbsp;<\/p>\n<p><strong>Odpowiedni dla:<\/strong><\/p>\n<table width=\"1100\">\n<tbody>\n<tr>\n<td width=\"91\"><strong>Rok<\/strong><\/td>\n<td width=\"111\"><strong>Marka<\/strong><\/td>\n<td width=\"106\"><strong>Model<\/strong><\/td>\n<td width=\"536\"><strong>Wersja<\/strong><\/td>\n<td width=\"256\"><strong>Silnik<\/strong><\/td>\n<\/tr>\n<tr>\n<td width=\"91\">2024<\/td>\n<td width=\"111\">Ram<\/td>\n<td width=\"106\">2500<\/td>\n<td width=\"536\">Big Horn, Laramie, Limited, Limited Longhorn, Lone Star, Rebel, Tradesman<\/td>\n<td width=\"256\">6.7L<\/td>\n<\/tr>\n<tr>\n<td width=\"91\">2024<\/td>\n<td width=\"111\">Ram<\/td>\n<td width=\"106\">3500<\/td>\n<td width=\"536\">Big Horn, Laramie, Limited, Limited Longhorn, Tradesman<\/td>\n<td width=\"256\">6.7L<\/td>\n<\/tr>\n<tr>\n<td width=\"91\">2023<\/td>\n<td width=\"111\">Ram<\/td>\n<td width=\"106\">2500<\/td>\n<td width=\"536\">Big Horn, Laramie, Limited, Limited Longhorn, Lone Star, Rebel, Tradesman<\/td>\n<td width=\"256\">6.7L<\/td>\n<\/tr>\n<tr>\n<td width=\"91\">2023<\/td>\n<td width=\"111\">Ram<\/td>\n<td width=\"106\">3500<\/td>\n<td width=\"536\">Big Horn, Laramie, Limited, Limited Longhorn, Tradesman<\/td>\n<td width=\"256\">6.7L<\/td>\n<\/tr>\n<tr>\n<td width=\"91\">2022<\/td>\n<td width=\"111\">Ram<\/td>\n<td width=\"106\">2500<\/td>\n<td width=\"536\">Big Horn, Laramie, Limited, Limited Longhorn, Lone Star, Tradesman<\/td>\n<td width=\"256\">6.7L<\/td>\n<\/tr>\n<tr>\n<td width=\"91\">2022<\/td>\n<td width=\"111\">Ram<\/td>\n<td width=\"106\">3500<\/td>\n<td width=\"536\">Big Horn, Laramie, Limited, Limited Longhorn, Lone Star, Tradesman<\/td>\n<td width=\"256\">6.7L<\/td>\n<\/tr>\n<tr>\n<td width=\"91\">2021<\/td>\n<td width=\"111\">Ram<\/td>\n<td width=\"106\">2500<\/td>\n<td width=\"536\">Big Horn, Laramie, Limited, Limited Longhorn, Lone Star, Tradesman<\/td>\n<td width=\"256\">6.7L<\/td>\n<\/tr>\n<tr>\n<td width=\"91\">2021<\/td>\n<td width=\"111\">Ram<\/td>\n<td width=\"106\">3500<\/td>\n<td width=\"536\">Big Horn, Laramie, Limited, Limited Longhorn, Lone Star, Tradesman<\/td>\n<td width=\"256\">6.7L<\/td>\n<\/tr>\n<tr>\n<td width=\"91\">2020<\/td>\n<td width=\"111\">Ram<\/td>\n<td width=\"106\">2500<\/td>\n<td width=\"536\">Big Horn, Laramie, Laramie Longhorn, Limited, Lone Star, Tradesman<\/td>\n<td width=\"256\">6.7L<\/td>\n<\/tr>\n<tr>\n<td width=\"91\">2020<\/td>\n<td width=\"111\">Ram<\/td>\n<td width=\"106\">3500<\/td>\n<td width=\"536\">Laramie Longhorn<\/td>\n<td width=\"256\">6.7L<\/td>\n<\/tr>\n<tr>\n<td width=\"91\">2019<\/td>\n<td width=\"111\">Ram<\/td>\n<td width=\"106\">2500<\/td>\n<td width=\"536\">Big Horn, Laramie, Laramie Longhorn, Limited, Lone Star, Tradesman<\/td>\n<td width=\"256\">6.7L<\/td>\n<\/tr>\n<tr>\n<td width=\"91\">2019<\/td>\n<td width=\"111\">Ram<\/td>\n<td width=\"106\">3500<\/td>\n<td width=\"536\">Big Horn, Laramie, Laramie Longhorn, Limited, Lone Star, Tradesman<\/td>\n<td width=\"256\">6.7L<\/td>\n<\/tr>\n<\/tbody>\n<\/table>\n<p>&nbsp;<\/p>\n<p>&nbsp;<\/p>\n<p><strong>O producencie<\/strong><\/p>\n<p>Firma BD zosta\u0142a za\u0142o\u017cona w 1972 roku jako Valley Fuel Injection Ltd. i zyska\u0142a s\u0142aw\u0119 w 1989 roku, kiedy wprowadzi\u0142a pierwszy hamulec wydechowy dla wschodz\u0105cego rynku pick-up\u00f3w z silnikiem Diesla. Dzi\u015b Valley Fuel Injection (obecnie BD Diesel Truck Service &amp; Performance Centre) i BD Diesel Performance to jedna firma z wyspecjalizowanymi dzia\u0142ami zajmuj\u0105cymi si\u0119 komponentami uk\u0142adu nap\u0119dowego z silnikiem wysokopr\u0119\u017cnym. BD jest innowacyjn\u0105 i globaln\u0105 firm\u0105, kt\u00f3ra dystrybuuje produkty na rynek p\u00f3\u0142nocnoameryka\u0144ski, zar\u00f3wno do silnik\u00f3w wysokopr\u0119\u017cnych, jak i benzynowych. Nasz zestaw kolektora wydechowego RAM 5.7 to wysokiej jako\u015bci produkt dla Twojego RAM, kt\u00f3ry zapewnia optymalne osi\u0105gi i wydajno\u015b\u0107.<\/p>\n<p>&nbsp;<\/p>","protected":false},"excerpt":{"rendered":"<p>2019\u20132024<\/p>","protected":false},"featured_media":68354359,"comment_status":"open","ping_status":"closed","template":"","meta":{"_acf_changed":false},"product_brand":[20019],"product_cat":[10262,2925],"product_tag":[20020,506,507,7200,20018,605,9618,9614,9606,9621,9610,9605,9619,9631,9626,9622,9613,9616,9601,9615,9627,9633,9624,9634,9636,9625,9617,9623,9637,9629,9607,9609,9611,9612,9620,9608,9632,9628,9635,9630,6579,9599,20099,20100,7201,9602,476,9603,9407,9604,550,393,86,216,9406],"class_list":{"0":"post-68354355","1":"product","2":"type-product","3":"status-publish","4":"has-post-thumbnail","6":"product_brand-bd-diesel","7":"product_cat-alle-produkte","8":"product_cat-67-cummins-abgasanlage","9":"product_tag-20020","10":"product_tag-506","11":"product_tag-507","12":"product_tag-6-7","13":"product_tag-68444858aa","14":"product_tag-abgaskruemmer","15":"product_tag-abgaskruemmer-angebote","16":"product_tag-abgaskruemmer-anleitung","17":"product_tag-abgaskruemmer-austausch","18":"product_tag-abgaskruemmer-bewertungen","19":"product_tag-abgaskruemmer-bolzen","20":"product_tag-abgaskruemmer-dichtung","21":"product_tag-abgaskruemmer-erfahrungen","22":"product_tag-abgaskruemmer-ersatzteile","23":"product_tag-abgaskruemmer-garantie","24":"product_tag-abgaskruemmer-hersteller","25":"product_tag-abgaskruemmer-installation","26":"product_tag-abgaskruemmer-kaufen","27":"product_tag-abgaskruemmer-kit","28":"product_tag-abgaskruemmer-kosten","29":"product_tag-abgaskruemmer-lebensdauer","30":"product_tag-abgaskruemmer-lieferzeit","31":"product_tag-abgaskruemmer-material","32":"product_tag-abgaskruemmer-montage","33":"product_tag-abgaskruemmer-online-shop","34":"product_tag-abgaskruemmer-passgenauigkeit","35":"product_tag-abgaskruemmer-preisvergleich","36":"product_tag-abgaskruemmer-qualitaet","37":"product_tag-abgaskruemmer-rabatt","38":"product_tag-abgaskruemmer-reinigung","39":"product_tag-abgaskruemmer-reparatur","40":"product_tag-abgaskruemmer-riss","41":"product_tag-abgaskruemmer-schrauben","42":"product_tag-abgaskruemmer-set","43":"product_tag-abgaskruemmer-testberichte","44":"product_tag-abgaskruemmer-upgrade","45":"product_tag-abgaskruemmer-versand","46":"product_tag-abgaskruemmer-wartung","47":"product_tag-abgaskruemmer-werkstatt","48":"product_tag-abgaskruemmer-zubehoer","49":"product_tag-bd","50":"product_tag-bd-abgaskruemmer","51":"product_tag-bd-diesel","52":"product_tag-bd-diesel-performance","53":"product_tag-cummins","54":"product_tag-dodge-ram-tuning","55":"product_tag-dt","56":"product_tag-edelstahl-abgaskruemmer","57":"product_tag-gerissene-kruemmer-ram","58":"product_tag-hitzeschutzband","59":"product_tag-kruemmer","60":"product_tag-leistungssteigerung","61":"product_tag-ram","62":"product_tag-upgrade","63":"product_tag-upgrade-kruemmer","64":"product_shipping_class-paket-l","66":"first","67":"onbackorder","68":"taxable","69":"shipping-taxable","70":"purchasable","71":"product-type-simple"},"bundled_by":[],"bundle_stock_status":"onbackorder","bundle_stock_quantity":0,"bundle_virtual":false,"bundle_layout":"","bundle_add_to_cart_form_location":"","bundle_editable_in_cart":false,"bundle_sold_individually_context":"","bundle_item_grouping":"","bundle_min_size":"","bundle_max_size":"","bundle_price":[],"bundled_items":[],"bundle_sell_ids":[],"exclude_global_add_ons":[],"addons":[],"acf":[],"_links":{"self":[{"href":"https:\/\/kraftwerk-shop.cc\/pl\/wp-json\/wp\/v2\/product\/68354355","targetHints":{"allow":["GET"]}}],"collection":[{"href":"https:\/\/kraftwerk-shop.cc\/pl\/wp-json\/wp\/v2\/product"}],"about":[{"href":"https:\/\/kraftwerk-shop.cc\/pl\/wp-json\/wp\/v2\/types\/product"}],"replies":[{"embeddable":true,"href":"https:\/\/kraftwerk-shop.cc\/pl\/wp-json\/wp\/v2\/comments?post=68354355"}],"version-history":[{"count":0,"href":"https:\/\/kraftwerk-shop.cc\/pl\/wp-json\/wp\/v2\/product\/68354355\/revisions"}],"wp:featuredmedia":[{"embeddable":true,"href":"https:\/\/kraftwerk-shop.cc\/pl\/wp-json\/wp\/v2\/media\/68354359"}],"wp:attachment":[{"href":"https:\/\/kraftwerk-shop.cc\/pl\/wp-json\/wp\/v2\/media?parent=68354355"}],"wp:term":[{"taxonomy":"product_brand","embeddable":true,"href":"https:\/\/kraftwerk-shop.cc\/pl\/wp-json\/wp\/v2\/product_brand?post=68354355"},{"taxonomy":"product_cat","embeddable":true,"href":"https:\/\/kraftwerk-shop.cc\/pl\/wp-json\/wp\/v2\/product_cat?post=68354355"},{"taxonomy":"product_tag","embeddable":true,"href":"https:\/\/kraftwerk-shop.cc\/pl\/wp-json\/wp\/v2\/product_tag?post=68354355"}],"curies":[{"name":"wp","href":"https:\/\/api.w.org\/{rel}","templated":true}]}}