{"id":68354419,"date":"2025-12-20T20:51:27","date_gmt":"2025-12-20T19:51:27","guid":{"rendered":"https:\/\/kraftwerk-shop.cc\/?post_type=product&#038;p=68354419"},"modified":"2026-02-15T01:27:31","modified_gmt":"2026-02-15T00:27:31","slug":"kolektor-wydechowy-bd-1046047-ram-cummins","status":"publish","type":"product","link":"https:\/\/kraftwerk-shop.cc\/pl\/produkt\/bd-abgaskruemmer-1046047-ram-cummins\/","title":{"rendered":"Zestaw kolektora wydechowego BD 1046047 RAM 5.9 Cummins"},"content":{"rendered":"<h1>Zestaw kolektora wydechowego BD 1046047 dla Dodge RAM 5.9 Cummins od 1998 do 2002 r.<\/h1>\n<p>&nbsp;<\/p>\n<p><strong>Cummins Numer por\u00f3wnawczy:<\/strong> 3946036<\/p>\n<p>Jest to idealna cz\u0119\u015b\u0107 zamienna. W pe\u0142ni dzielony rozdzielacz impuls\u00f3w wykonany z wysokokrzemowego \u017celiwa sferoidalnego zosta\u0142 zaprojektowany z my\u015bl\u0105 o ekstremalnych temperaturach i wibracjach. Zosta\u0142 opracowany przy u\u017cyciu nowoczesnej technologii, aby zapewni\u0107 optymaln\u0105 geometri\u0119 wewn\u0119trzn\u0105. Precyzyjne przeguby \u015blizgowe umo\u017cliwiaj\u0105 rozszerzanie i kurczenie si\u0119 rozdzielacza, co zmniejsza cykliczne zm\u0119czenie cieplne i znacznie wyd\u0142u\u017ca \u017cywotno\u015b\u0107 rozdzielacza. Zestaw zawiera nowe uszczelki, \u015bruby i elementy dystansowe, aby zapewni\u0107 maksymalne korzy\u015bci i warto\u015b\u0107.<\/p>\n<p>&nbsp;<\/p>\n<div class=\"relative inline-flex items-center\"><\/div>\n<div><\/div>\n<p><strong>G\u0142\u00f3wne cechy:<\/strong><\/p>\n<ul>\n<li>Odlew z \u017celiwa sferoidalnego o wysokiej zawarto\u015bci krzemu, odpornego na ekstremalne temperatury i wibracje<\/li>\n<li>W pe\u0142ni dzielony rozdzielacz impuls\u00f3w<\/li>\n<li>Idealny do zastosowa\u0144 seryjnych i wydajno\u015bciowych<\/li>\n<li>Z\u0142\u0105cza pozwalaj\u0105 na rozszerzanie i kurczenie si\u0119, aby zapobiec p\u0119kni\u0119ciom lub wyciekom spalin<\/li>\n<li>W tym uszczelki uk\u0142adu wydechowego i turbospr\u0119\u017carki<\/li>\n<li>Zawiera pokryte czarn\u0105 oksyd\u0105 \u015bruby klasy 10.9 i elementy dystansowe<\/li>\n<li>Otwory pilota\u017cowe dla sond pirometrycznych<\/li>\n<\/ul>\n<p>&nbsp;<\/p>\n<p><strong>Dodatkowe informacje:<\/strong><\/p>\n<ul>\n<li>Czas instalacji<strong>:<\/strong> oko\u0142o 3 godzin<\/li>\n<\/ul>\n<p>&nbsp;<\/p>\n<p>&nbsp;<\/p>\n<p><strong>Odpowiedni dla:<\/strong><\/p>\n<table style=\"height: 72px;\" width=\"753\">\n<tbody>\n<tr style=\"height: 24px;\">\n<td style=\"width: 129.767px; height: 24px;\"><strong>Rok<\/strong><\/td>\n<td style=\"width: 110.1px; height: 24px;\"><strong>Marka<\/strong><\/td>\n<td style=\"width: 131.2px; height: 24px;\"><strong>Model<\/strong><\/td>\n<td style=\"width: 96.7167px; height: 24px;\"><strong>Wariant<\/strong><\/td>\n<td style=\"width: 249.817px; height: 24px;\"><strong>Silnik<\/strong><\/td>\n<\/tr>\n<tr style=\"height: 24px;\">\n<td style=\"width: 129.767px; height: 24px;\">1998 - 2002<\/td>\n<td style=\"width: 110.1px; height: 24px;\">Dodge<\/td>\n<td style=\"width: 131.2px; height: 24px;\">Ram 2500<\/td>\n<td style=\"width: 96.7167px; height: 24px;\">Cummins<\/td>\n<td style=\"width: 249.817px; height: 24px;\">5.9L<\/td>\n<\/tr>\n<tr style=\"height: 24px;\">\n<td style=\"width: 129.767px; height: 24px;\">1998 - 2002<\/td>\n<td style=\"width: 110.1px; height: 24px;\">Dodge<\/td>\n<td style=\"width: 131.2px; height: 24px;\">Ram 3500<\/td>\n<td style=\"width: 96.7167px; height: 24px;\">Cummins<\/td>\n<td style=\"width: 249.817px; height: 24px;\">5.9L<\/td>\n<\/tr>\n<\/tbody>\n<\/table>\n<p>&nbsp;<\/p>\n<p>&nbsp;<\/p>\n<p><strong>O producencie<\/strong><\/p>\n<p>Firma BD zosta\u0142a za\u0142o\u017cona w 1972 roku jako Valley Fuel Injection Ltd. i zyska\u0142a s\u0142aw\u0119 w 1989 roku, kiedy wprowadzi\u0142a pierwszy hamulec wydechowy dla wschodz\u0105cego rynku pick-up\u00f3w z silnikiem Diesla. Dzi\u015b Valley Fuel Injection (obecnie BD Diesel Truck Service &amp; Performance Centre) i BD Diesel Performance to jedna firma z wyspecjalizowanymi dzia\u0142ami zajmuj\u0105cymi si\u0119 komponentami uk\u0142adu nap\u0119dowego z silnikiem wysokopr\u0119\u017cnym. BD jest innowacyjn\u0105 i globaln\u0105 firm\u0105, kt\u00f3ra dystrybuuje produkty na rynek p\u00f3\u0142nocnoameryka\u0144ski, zar\u00f3wno do silnik\u00f3w wysokopr\u0119\u017cnych, jak i benzynowych. Nasz zestaw kolektora wydechowego RAM 5.7 to wysokiej jako\u015bci produkt dla Twojego RAM, kt\u00f3ry zapewnia optymalne osi\u0105gi i wydajno\u015b\u0107.<\/p>\n<p>&nbsp;<\/p>","protected":false},"excerpt":{"rendered":"<p>1998 - 2002<\/p>","protected":false},"featured_media":68354422,"comment_status":"open","ping_status":"closed","template":"","meta":{"_acf_changed":false},"product_brand":[20019],"product_cat":[10262,20033],"product_tag":[20037,506,507,20038,10268,605,9618,9614,9606,9621,9610,9605,9619,9631,9626,9622,9613,9616,9601,9615,9627,9633,9624,9634,9636,9625,9617,9623,9637,9629,9607,9609,9611,9612,9620,9608,9632,9628,9635,9630,6579,9599,20099,20100,7201,9602,476,9603,9407,9604,550,393,86,216,9406],"class_list":{"0":"post-68354419","1":"product","2":"type-product","3":"status-publish","4":"has-post-thumbnail","6":"product_brand-bd-diesel","7":"product_cat-alle-produkte","8":"product_cat-59-cummins-abgasanlage","9":"product_tag-20037","10":"product_tag-506","11":"product_tag-507","12":"product_tag-20038","13":"product_tag-5-9","14":"product_tag-abgaskruemmer","15":"product_tag-abgaskruemmer-angebote","16":"product_tag-abgaskruemmer-anleitung","17":"product_tag-abgaskruemmer-austausch","18":"product_tag-abgaskruemmer-bewertungen","19":"product_tag-abgaskruemmer-bolzen","20":"product_tag-abgaskruemmer-dichtung","21":"product_tag-abgaskruemmer-erfahrungen","22":"product_tag-abgaskruemmer-ersatzteile","23":"product_tag-abgaskruemmer-garantie","24":"product_tag-abgaskruemmer-hersteller","25":"product_tag-abgaskruemmer-installation","26":"product_tag-abgaskruemmer-kaufen","27":"product_tag-abgaskruemmer-kit","28":"product_tag-abgaskruemmer-kosten","29":"product_tag-abgaskruemmer-lebensdauer","30":"product_tag-abgaskruemmer-lieferzeit","31":"product_tag-abgaskruemmer-material","32":"product_tag-abgaskruemmer-montage","33":"product_tag-abgaskruemmer-online-shop","34":"product_tag-abgaskruemmer-passgenauigkeit","35":"product_tag-abgaskruemmer-preisvergleich","36":"product_tag-abgaskruemmer-qualitaet","37":"product_tag-abgaskruemmer-rabatt","38":"product_tag-abgaskruemmer-reinigung","39":"product_tag-abgaskruemmer-reparatur","40":"product_tag-abgaskruemmer-riss","41":"product_tag-abgaskruemmer-schrauben","42":"product_tag-abgaskruemmer-set","43":"product_tag-abgaskruemmer-testberichte","44":"product_tag-abgaskruemmer-upgrade","45":"product_tag-abgaskruemmer-versand","46":"product_tag-abgaskruemmer-wartung","47":"product_tag-abgaskruemmer-werkstatt","48":"product_tag-abgaskruemmer-zubehoer","49":"product_tag-bd","50":"product_tag-bd-abgaskruemmer","51":"product_tag-bd-diesel","52":"product_tag-bd-diesel-performance","53":"product_tag-cummins","54":"product_tag-dodge-ram-tuning","55":"product_tag-dt","56":"product_tag-edelstahl-abgaskruemmer","57":"product_tag-gerissene-kruemmer-ram","58":"product_tag-hitzeschutzband","59":"product_tag-kruemmer","60":"product_tag-leistungssteigerung","61":"product_tag-ram","62":"product_tag-upgrade","63":"product_tag-upgrade-kruemmer","64":"product_shipping_class-paket-l","66":"first","67":"onbackorder","68":"taxable","69":"shipping-taxable","70":"purchasable","71":"product-type-simple"},"bundled_by":[],"bundle_stock_status":"onbackorder","bundle_stock_quantity":0,"bundle_virtual":false,"bundle_layout":"","bundle_add_to_cart_form_location":"","bundle_editable_in_cart":false,"bundle_sold_individually_context":"","bundle_item_grouping":"","bundle_min_size":"","bundle_max_size":"","bundle_price":[],"bundled_items":[],"bundle_sell_ids":[],"exclude_global_add_ons":[],"addons":[],"acf":[],"_links":{"self":[{"href":"https:\/\/kraftwerk-shop.cc\/pl\/wp-json\/wp\/v2\/product\/68354419","targetHints":{"allow":["GET"]}}],"collection":[{"href":"https:\/\/kraftwerk-shop.cc\/pl\/wp-json\/wp\/v2\/product"}],"about":[{"href":"https:\/\/kraftwerk-shop.cc\/pl\/wp-json\/wp\/v2\/types\/product"}],"replies":[{"embeddable":true,"href":"https:\/\/kraftwerk-shop.cc\/pl\/wp-json\/wp\/v2\/comments?post=68354419"}],"version-history":[{"count":0,"href":"https:\/\/kraftwerk-shop.cc\/pl\/wp-json\/wp\/v2\/product\/68354419\/revisions"}],"wp:featuredmedia":[{"embeddable":true,"href":"https:\/\/kraftwerk-shop.cc\/pl\/wp-json\/wp\/v2\/media\/68354422"}],"wp:attachment":[{"href":"https:\/\/kraftwerk-shop.cc\/pl\/wp-json\/wp\/v2\/media?parent=68354419"}],"wp:term":[{"taxonomy":"product_brand","embeddable":true,"href":"https:\/\/kraftwerk-shop.cc\/pl\/wp-json\/wp\/v2\/product_brand?post=68354419"},{"taxonomy":"product_cat","embeddable":true,"href":"https:\/\/kraftwerk-shop.cc\/pl\/wp-json\/wp\/v2\/product_cat?post=68354419"},{"taxonomy":"product_tag","embeddable":true,"href":"https:\/\/kraftwerk-shop.cc\/pl\/wp-json\/wp\/v2\/product_tag?post=68354419"}],"curies":[{"name":"wp","href":"https:\/\/api.w.org\/{rel}","templated":true}]}}