{"id":68354437,"date":"2025-12-20T22:31:19","date_gmt":"2025-12-20T21:31:19","guid":{"rendered":"https:\/\/kraftwerk-shop.cc\/?post_type=product&#038;p=68354437"},"modified":"2026-02-15T01:27:29","modified_gmt":"2026-02-15T00:27:29","slug":"afe-momentum-intake-50-72005-ram-67","status":"publish","type":"product","link":"https:\/\/kraftwerk-shop.cc\/pl\/produkt\/afe-momentum-intake-50-72005-ram-67\/","title":{"rendered":"Wlot zimnego powietrza aFe Momentum HD RAM 6.7"},"content":{"rendered":"<h1>aFe POWER 50-72005 Uk\u0142ad dolotowy zimnego powietrza Momentum HD dla RAM 2500 i 3500 6.7 Cummins od 2013 do 2018 roku<\/h1>\n<p>&nbsp;<\/p>\n<p><strong>Unikalna obudowa<\/strong><br \/>\nG\u0142adka, jednocz\u0119\u015bciowa, szczelna obudowa wykonana z odpornego na ciep\u0142o, usieciowanego polietylenu (XLPE) jest wyposa\u017cona w opatentowany (US PAT 9440175) interfejs filtr-obudowa. Innowacyjna konstrukcja minimalizuje ca\u0142kowit\u0105 liczb\u0119 cz\u0119\u015bci, umo\u017cliwiaj\u0105c \u0142atw\u0105 instalacj\u0119.<br \/>\nDu\u017ce, przezroczyste okienko u\u0142atwia kontrol\u0119 filtra bez konieczno\u015bci demonta\u017cu systemu.<br \/>\nDodatkowy wlot powietrza mo\u017ce by\u0107 u\u017cywany do dostarczania dodatkowego powietrza lub mo\u017ce by\u0107 zamkni\u0119ty za pomoc\u0105 dostarczonej zatyczki.<\/p>\n<p><strong>Kolektor dolotowy<\/strong><br \/>\nSystem ten wykorzystuje zaprojektowany przez CAD kolektor dolotowy, opracowany na stanowisku testowym i wyprodukowany w procesie obrotowym, aby zagwarantowa\u0107 najwi\u0119kszy mo\u017cliwy wzrost wydajno\u015bci przy idealnym dopasowaniu.<\/p>\n<p><strong>Du\u017cy 10-warstwowy filtr powietrza o wysokiej wydajno\u015bci<\/strong><br \/>\nUk\u0142ad dolotowy Momentum GT zosta\u0142 zaprojektowany w oparciu o najwi\u0119kszy mo\u017cliwy filtr powietrza, aby zmaksymalizowa\u0107 skuteczno\u015b\u0107 filtracji i wydajno\u015b\u0107.<br \/>\nTen radialny filtr powietrza o wysoko\u015bci 9\u2033 i 360-stopniowym przep\u0142ywie ma ko\u0142nierz 5 1\/2\u2033 i wst\u0119pnie naoliwiony no\u015bnik Pro 10R z 10 warstwami stopniowo drobniejszej gazy bawe\u0142nianej dla maksymalnej wydajno\u015bci.<br \/>\nOdwr\u00f3cona g\u00f3rna cz\u0119\u015b\u0107 i du\u017ca powierzchnia zapewniaj\u0105 znacznie d\u0142u\u017csz\u0105 \u017cywotno\u015b\u0107 mi\u0119dzy okresami konserwacji, a wzmocniony metal zapewnia maksymaln\u0105 wytrzyma\u0142o\u015b\u0107, dzi\u0119ki czemu filtr nie zapada si\u0119. Ten materia\u0142 filtracyjny najlepiej nadaje si\u0119 do zastosowa\u0144 terenowych.<\/p>\n<p><strong>Wysokiej jako\u015bci materia\u0142 monta\u017cowy<\/strong><br \/>\nZaciski \u015blimakowe ze stali nierdzewnej i wzmocniony w\u0105\u017c silikonowy zapewniaj\u0105 stabilno\u015b\u0107 i trwa\u0142o\u015b\u0107, a tak\u017ce bezpieczn\u0105 i \u0142atw\u0105 instalacj\u0119. Uk\u0142ady dolotowe Momentum s\u0105 zaprojektowane z mo\u017cliwie najmniejsz\u0105 liczb\u0105 pojedynczych cz\u0119\u015bci, aby zapewni\u0107 szybk\u0105 i \u0142atw\u0105 instalacj\u0119.<\/p>\n<p>&nbsp;<\/p>\n<p><strong>szczeg\u00f3\u0142y<\/strong><\/p>\n<p>- +7 PS, +24 NM maksymalny wzrost mocy<br \/>\n- 10% wi\u0119kszy przep\u0142yw ni\u017c w standardowym filtrze powietrza<br \/>\n- Kolektor dolotowy opracowany w programie CAD<br \/>\n- Jednocz\u0119\u015bciowa obudowa zamkni\u0119ta od g\u00f3ry z wbudowanym oknem podgl\u0105du<br \/>\n- Wst\u0119pnie naoliwiony, zmywalny i wielokrotnego u\u017cytku filtr powietrza Pro 10R zapewnia maksymaln\u0105 wydajno\u015b\u0107<br \/>\n- Unikalna konstrukcja obudowy filtra<br \/>\n- Doskona\u0142a dok\u0142adno\u015b\u0107 dopasowania<\/p>\n<p>&nbsp;<\/p>\n<p><strong>Odpowiedni dla:<\/strong><\/p>\n<table width=\"681\">\n<tbody>\n<tr>\n<td width=\"103\"><strong>Rok<\/strong><\/td>\n<td width=\"83\"><strong>Marka<\/strong><\/td>\n<td width=\"141\"><strong>Model<\/strong><\/td>\n<td width=\"73\"><strong>Wariant<\/strong><\/td>\n<td width=\"281\"><strong>Silnik<\/strong><\/td>\n<\/tr>\n<tr>\n<td width=\"103\">2025-2026<\/td>\n<td width=\"83\">RAM<\/td>\n<td width=\"141\">2500<\/td>\n<td width=\"73\">Cummins<\/td>\n<td width=\"281\">L6-6.7L Diesel<\/td>\n<\/tr>\n<tr>\n<td width=\"103\">2025-2026<\/td>\n<td width=\"83\">RAM<\/td>\n<td width=\"141\">3500<\/td>\n<td width=\"73\">Cummins<\/td>\n<td width=\"281\">L6-6.7L Diesel<\/td>\n<\/tr>\n<\/tbody>\n<\/table>\n<p>&nbsp;<\/p>\n<p>&nbsp;<\/p>","protected":false},"excerpt":{"rendered":"<p>2013\u20132018<\/p>","protected":false},"featured_media":68354440,"comment_status":"open","ping_status":"closed","template":"","meta":{"_acf_changed":false},"product_brand":[16879],"product_cat":[10262,2926],"product_tag":[506,507,20040,16880,498,9569,2441,9582,2741,826,824,825,9572,49,9580,9581,8640,9598,9589,9593,9587,9596,9597,9590,9586,9591,9585,9594,9584,9595,9592,9588,126,20273,8638,393,9577,9573,57,9583,9579,822,9570,8662,9578,828,9574,86,9571,500,9575,9576],"class_list":{"0":"post-68354437","1":"product","2":"type-product","3":"status-publish","4":"has-post-thumbnail","6":"product_brand-afe-power","7":"product_cat-alle-produkte","8":"product_cat-67-cummins-ansaugung","9":"product_tag-506","10":"product_tag-507","11":"product_tag-50-72005","12":"product_tag-advanced-flow-engineering","13":"product_tag-afe","14":"product_tag-afe-cold-air-intake","15":"product_tag-afe-power","16":"product_tag-aftermarket-teile","17":"product_tag-ansaugsystem","18":"product_tag-ansaugung","19":"product_tag-cai","20":"product_tag-cold-air-intake","21":"product_tag-diesel-performance","22":"product_tag-dodge","23":"product_tag-drehmomentzuwachs","24":"product_tag-einbauanleitung","25":"product_tag-fahrzeugkompatibilitaet","26":"product_tag-filterangebote","27":"product_tag-filterbewertungen","28":"product_tag-filtereffizienz","29":"product_tag-filterersatz","30":"product_tag-filterersatzteile","31":"product_tag-filterhersteller","32":"product_tag-filterinstallation","33":"product_tag-filterlebensdauer","34":"product_tag-filtermaterialien","35":"product_tag-filteroel","36":"product_tag-filterpflege","37":"product_tag-filterreinigung","38":"product_tag-filterreinigungskit","39":"product_tag-filtertechnologie","40":"product_tag-filtervergleich","41":"product_tag-hemi","42":"product_tag-keintuev","43":"product_tag-kraftstoffeffizienz","44":"product_tag-leistungssteigerung","45":"product_tag-lkw-upgrade","46":"product_tag-lufteinlasssystem","47":"product_tag-luftfilter","48":"product_tag-luftfilterwartung","49":"product_tag-luftstrom-erhoehen","50":"product_tag-momentum","51":"product_tag-momentum-hd","52":"product_tag-motoroptimierung","53":"product_tag-motortuning","54":"product_tag-pickup","55":"product_tag-pro-10r-filter","56":"product_tag-ram","57":"product_tag-ram-6-7-cummins","58":"product_tag-sportluftfilter","59":"product_tag-waschbarer-luftfilter","60":"product_tag-wiederverwendbarer-filter","62":"first","63":"onbackorder","64":"taxable","65":"shipping-taxable","66":"purchasable","67":"product-type-simple"},"bundled_by":[],"bundle_stock_status":"onbackorder","bundle_stock_quantity":0,"bundle_virtual":false,"bundle_layout":"","bundle_add_to_cart_form_location":"","bundle_editable_in_cart":false,"bundle_sold_individually_context":"","bundle_item_grouping":"","bundle_min_size":"","bundle_max_size":"","bundle_price":[],"bundled_items":[],"bundle_sell_ids":[],"exclude_global_add_ons":[],"addons":[],"acf":[],"_links":{"self":[{"href":"https:\/\/kraftwerk-shop.cc\/pl\/wp-json\/wp\/v2\/product\/68354437","targetHints":{"allow":["GET"]}}],"collection":[{"href":"https:\/\/kraftwerk-shop.cc\/pl\/wp-json\/wp\/v2\/product"}],"about":[{"href":"https:\/\/kraftwerk-shop.cc\/pl\/wp-json\/wp\/v2\/types\/product"}],"replies":[{"embeddable":true,"href":"https:\/\/kraftwerk-shop.cc\/pl\/wp-json\/wp\/v2\/comments?post=68354437"}],"version-history":[{"count":0,"href":"https:\/\/kraftwerk-shop.cc\/pl\/wp-json\/wp\/v2\/product\/68354437\/revisions"}],"wp:featuredmedia":[{"embeddable":true,"href":"https:\/\/kraftwerk-shop.cc\/pl\/wp-json\/wp\/v2\/media\/68354440"}],"wp:attachment":[{"href":"https:\/\/kraftwerk-shop.cc\/pl\/wp-json\/wp\/v2\/media?parent=68354437"}],"wp:term":[{"taxonomy":"product_brand","embeddable":true,"href":"https:\/\/kraftwerk-shop.cc\/pl\/wp-json\/wp\/v2\/product_brand?post=68354437"},{"taxonomy":"product_cat","embeddable":true,"href":"https:\/\/kraftwerk-shop.cc\/pl\/wp-json\/wp\/v2\/product_cat?post=68354437"},{"taxonomy":"product_tag","embeddable":true,"href":"https:\/\/kraftwerk-shop.cc\/pl\/wp-json\/wp\/v2\/product_tag?post=68354437"}],"curies":[{"name":"wp","href":"https:\/\/api.w.org\/{rel}","templated":true}]}}