{"id":68354861,"date":"2025-12-28T22:49:10","date_gmt":"2025-12-28T21:49:10","guid":{"rendered":"https:\/\/kraftwerk-shop.cc\/?post_type=product&#038;p=68354861"},"modified":"2026-02-15T01:27:46","modified_gmt":"2026-02-15T00:27:46","slug":"ulepszona-pompa-wody-chlodzacej-68087367ab","status":"publish","type":"product","link":"https:\/\/kraftwerk-shop.cc\/pl\/produkt\/upgrade-kuehlwasserpumpe-68087367ab\/","title":{"rendered":"Modernizacja pompy wody ch\u0142odz\u0105cej Grand Cherokee i Commander 3.0 Diesel"},"content":{"rendered":"<h1>Modernizacja pompy wody ch\u0142odz\u0105cej dla Jeep, Grand Cherokee i Commander 3.0 Diesel od 2006 do 2010 roku<\/h1>\n<p>&nbsp;<\/p>\n<p><strong>Liczby por\u00f3wnawcze Mopar:<\/strong> 5175580AA, 68047688AA, 68087367AA, 68087367AB<\/p>\n<p>&nbsp;<\/p>\n<p><strong>W\u0142a\u015bciwo\u015bci<\/strong><\/p>\n<ul>\n<li>Hartowane \u0142o\u017cyska<\/li>\n<li>Precyzyjnie obrabiane CNC powierzchnie<\/li>\n<li>Metalowy wirnik<\/li>\n<li>W tym uszczelka pompy wodnej<\/li>\n<\/ul>\n<p>&nbsp;<\/p>\n<p><strong>Zalety \u0142o\u017cysk utwardzanych powierzchniowo<\/strong><\/p>\n<p>Ta pompa wody ch\u0142odz\u0105cej wykorzystuje hartowane \u0142o\u017cyska opracowane zgodnie ze specyfikacjami oryginalnego producenta, aby spe\u0142ni\u0107 okre\u015blone wymagania dotycz\u0105ce momentu promieniowego i obci\u0105\u017cenia osiowego dla ka\u017cdego zastosowania.<br \/>\nTe wysokiej jako\u015bci hartowane \u0142o\u017cyska maj\u0105 wy\u017csz\u0105 no\u015bno\u015b\u0107 i s\u0105 wytrzyma\u0142e na zewn\u0105trz, ale elastyczne wewn\u0105trz. Dzi\u0119ki temu idealnie nadaj\u0105 si\u0119 do przeciwdzia\u0142ania niewywa\u017ceniu lub wibracjom w uk\u0142adzie ch\u0142odzenia.<\/p>\n<p>&nbsp;<\/p>\n<ul>\n<li>D\u0142uga \u017cywotno\u015b\u0107<\/li>\n<li>Wysoka no\u015bno\u015b\u0107<\/li>\n<li>Twarda na zewn\u0105trz i elastyczna wewn\u0105trz<\/li>\n<li>Odporno\u015b\u0107 na niewywa\u017cenie lub wibracje w uk\u0142adzie ch\u0142odzenia<\/li>\n<\/ul>\n<p>&nbsp;<\/p>\n<p><strong>Zalety precyzyjnych powierzchni frezowanych CNC<\/strong><\/p>\n<p>Pompa wody jest produkowana zgodnie ze specyfikacj\u0105 oryginalnego odlewu, a wszystkie powierzchnie monta\u017cowe s\u0105 nast\u0119pnie frezowane CNC.<br \/>\nUmo\u017cliwia to \u0142atw\u0105 instalacj\u0119 i zapewnia precyzyjne uszczelnienie wszystkich \u0142\u0105czonych powierzchni. Szczelne po\u0142\u0105czenie zapewnia d\u0142ug\u0105 \u017cywotno\u015b\u0107 komponent\u00f3w i maksymaln\u0105 wydajno\u015b\u0107.<\/p>\n<p>&nbsp;<\/p>\n<ul>\n<li>Gwarantowana dok\u0142adno\u015b\u0107 dopasowania z dopasowanymi komponentami<\/li>\n<li>Zapobiega wyciekom<\/li>\n<li>Sprawdzone i przetestowane zgodnie z normami ISO9001:2015<\/li>\n<\/ul>\n<p>&nbsp;<\/p>\n<p><strong>Zalety wirnik\u00f3w metalowych<\/strong><\/p>\n<p>Wirniki metalowe s\u0105 znacznie lepsze od wirnik\u00f3w plastikowych. Dzi\u0119ki zastosowaniu metalowych wirnik\u00f3w, pompa wodna mo\u017ce sprosta\u0107 wy\u017cszym momentom obrotowym i wy\u017cszym temperaturom.<br \/>\nPomaga to nie tylko poprawi\u0107 wydajno\u015b\u0107, ale tak\u017ce zapobiega awariom podzespo\u0142\u00f3w spowodowanym przez p\u0119kni\u0119te lub zdeformowane ko\u0142a.<\/p>\n<p>&nbsp;<\/p>\n<ul>\n<li>Wytrzymuje wysokie temperatury<\/li>\n<li>Odporno\u015b\u0107 na chemikalia<\/li>\n<li>Du\u017ca moc przy wysokich pr\u0119dko\u015bciach<\/li>\n<li>Nie odkszta\u0142ca si\u0119<\/li>\n<li>Wytrzymuje wysokie momenty obrotowe<\/li>\n<li>Nie ulega fragmentacji<\/li>\n<li>Brak p\u0119kni\u0119\u0107 podczas pasowania<\/li>\n<li>Wyj\u0105tkowa wytrzyma\u0142o\u015b\u0107<\/li>\n<li>Wytrzymuje tolerancje w silnikach o du\u017cym przebiegu<\/li>\n<\/ul>\n<p>&nbsp;<\/p>\n<p>&nbsp;<\/p>\n<p><strong>Odpowiedni dla:<\/strong><\/p>\n<table width=\"996\">\n<tbody>\n<tr>\n<td width=\"138\"><strong>Rok<\/strong><\/td>\n<td width=\"168\"><strong>Marka<\/strong><\/td>\n<td width=\"144\"><strong>Model<\/strong><\/td>\n<td width=\"290\"><strong>Wersja<\/strong><\/td>\n<td width=\"256\"><strong>Silnik<\/strong><\/td>\n<\/tr>\n<tr>\n<td width=\"138\">2010<\/td>\n<td width=\"168\">Jeep<\/td>\n<td width=\"144\">Commander<\/td>\n<td width=\"290\"><\/td>\n<td width=\"256\">3.0L Diesel<\/td>\n<\/tr>\n<tr>\n<td width=\"138\">2009<\/td>\n<td width=\"168\">Jeep<\/td>\n<td width=\"144\">Grand Cherokee<\/td>\n<td width=\"290\">Laredo, Limited, Overland<\/td>\n<td width=\"256\">3.0L Diesel<\/td>\n<\/tr>\n<tr>\n<td width=\"138\">2009<\/td>\n<td width=\"168\">Jeep<\/td>\n<td width=\"144\">Commander<\/td>\n<td width=\"290\"><\/td>\n<td width=\"256\">3.0L Diesel<\/td>\n<\/tr>\n<tr>\n<td width=\"138\">2008<\/td>\n<td width=\"168\">Jeep<\/td>\n<td width=\"144\">Grand Cherokee<\/td>\n<td width=\"290\">Laredo, Limited, Overland<\/td>\n<td width=\"256\">3.0L Diesel<\/td>\n<\/tr>\n<tr>\n<td width=\"138\">2008<\/td>\n<td width=\"168\">Jeep<\/td>\n<td width=\"144\">Commander<\/td>\n<td width=\"290\"><\/td>\n<td width=\"256\">3.0L Diesel<\/td>\n<\/tr>\n<tr>\n<td width=\"138\">2007<\/td>\n<td width=\"168\">Jeep<\/td>\n<td width=\"144\">Grand Cherokee<\/td>\n<td width=\"290\">Laredo, Limited, Overland<\/td>\n<td width=\"256\">3.0L Diesel<\/td>\n<\/tr>\n<tr>\n<td width=\"138\">2007<\/td>\n<td width=\"168\">Jeep<\/td>\n<td width=\"144\">Commander<\/td>\n<td width=\"290\"><\/td>\n<td width=\"256\">3.0L Diesel<\/td>\n<\/tr>\n<tr>\n<td width=\"138\">2007<\/td>\n<td width=\"168\">Jeep<\/td>\n<td width=\"144\">Grand Cherokee<\/td>\n<td width=\"290\">Laredo, Limited, Overland<\/td>\n<td width=\"256\">3.0L Diesel<\/td>\n<\/tr>\n<tr>\n<td width=\"138\">2006<\/td>\n<td width=\"168\">Jeep<\/td>\n<td width=\"144\">Commander<\/td>\n<td width=\"290\"><\/td>\n<td width=\"256\">3.0L Diesel<\/td>\n<\/tr>\n<\/tbody>\n<\/table>\n<p>&nbsp;<\/p>","protected":false},"excerpt":{"rendered":"<p>2006\u20132010<\/p>","protected":false},"featured_media":68354974,"comment_status":"open","ping_status":"closed","template":"","meta":{"_acf_changed":false},"product_brand":[],"product_cat":[10262,6383,20120],"product_tag":[20165,89,572,20161,20162,20163,20164,94,90,875,56,50,5255,6426,877,216,6430,5254,673],"class_list":{"0":"post-68354861","1":"product","2":"type-product","3":"status-publish","4":"has-post-thumbnail","6":"product_cat-alle-produkte","7":"product_cat-commander-kuehlung","8":"product_cat-grand-cherokee-30-diesel-kuehlung","9":"product_tag-05175580aa","10":"product_tag-3-0","11":"product_tag-3-0-crd","12":"product_tag-5175580aa","13":"product_tag-68047688aa","14":"product_tag-68087367aa","15":"product_tag-68087367ab","16":"product_tag-commander","17":"product_tag-crd","18":"product_tag-diesel","19":"product_tag-grand-cherokee","20":"product_tag-jeep","21":"product_tag-kuehlwasserpumpe","22":"product_tag-luefterkupplung","23":"product_tag-multijet","24":"product_tag-upgrade","25":"product_tag-usmotor","26":"product_tag-wasserpumpe","27":"product_tag-zubehoer","29":"first","30":"instock","31":"taxable","32":"shipping-taxable","33":"purchasable","34":"product-type-simple"},"bundled_by":[],"bundle_stock_status":"instock","bundle_stock_quantity":1,"bundle_virtual":false,"bundle_layout":"","bundle_add_to_cart_form_location":"","bundle_editable_in_cart":false,"bundle_sold_individually_context":"","bundle_item_grouping":"","bundle_min_size":"","bundle_max_size":"","bundle_price":[],"bundled_items":[],"bundle_sell_ids":[],"exclude_global_add_ons":[],"addons":[],"acf":[],"_links":{"self":[{"href":"https:\/\/kraftwerk-shop.cc\/pl\/wp-json\/wp\/v2\/product\/68354861","targetHints":{"allow":["GET"]}}],"collection":[{"href":"https:\/\/kraftwerk-shop.cc\/pl\/wp-json\/wp\/v2\/product"}],"about":[{"href":"https:\/\/kraftwerk-shop.cc\/pl\/wp-json\/wp\/v2\/types\/product"}],"replies":[{"embeddable":true,"href":"https:\/\/kraftwerk-shop.cc\/pl\/wp-json\/wp\/v2\/comments?post=68354861"}],"version-history":[{"count":0,"href":"https:\/\/kraftwerk-shop.cc\/pl\/wp-json\/wp\/v2\/product\/68354861\/revisions"}],"wp:featuredmedia":[{"embeddable":true,"href":"https:\/\/kraftwerk-shop.cc\/pl\/wp-json\/wp\/v2\/media\/68354974"}],"wp:attachment":[{"href":"https:\/\/kraftwerk-shop.cc\/pl\/wp-json\/wp\/v2\/media?parent=68354861"}],"wp:term":[{"taxonomy":"product_brand","embeddable":true,"href":"https:\/\/kraftwerk-shop.cc\/pl\/wp-json\/wp\/v2\/product_brand?post=68354861"},{"taxonomy":"product_cat","embeddable":true,"href":"https:\/\/kraftwerk-shop.cc\/pl\/wp-json\/wp\/v2\/product_cat?post=68354861"},{"taxonomy":"product_tag","embeddable":true,"href":"https:\/\/kraftwerk-shop.cc\/pl\/wp-json\/wp\/v2\/product_tag?post=68354861"}],"curies":[{"name":"wp","href":"https:\/\/api.w.org\/{rel}","templated":true}]}}