{"id":68355042,"date":"2026-01-03T12:40:49","date_gmt":"2026-01-03T11:40:49","guid":{"rendered":"https:\/\/kraftwerk-shop.cc\/?post_type=product&#038;p=68355042"},"modified":"2026-02-15T01:27:50","modified_gmt":"2026-02-15T00:27:50","slug":"swiece-mopar-68304022aa","status":"publish","type":"product","link":"https:\/\/kraftwerk-shop.cc\/pl\/produkt\/mopar-zuendkerzen-68304022aa\/","title":{"rendered":"\u015awiece zap\u0142onowe Mopar 68304022AA (10 sztuk)"},"content":{"rendered":"<h1>Oryginalne \u015bwiece zap\u0142onowe Mopar 68304022AA dla Dodge Viper i RAM 8.3 SRT-10, 10 sztuk<\/h1>\n<p>&nbsp;<\/p>\n<p><strong>Numer cz\u0119\u015bci Mopar:<\/strong> 68304022AA<br \/>\n<strong>Zast\u0105piony:<\/strong>\u00a056041402AB, SP0RC12ECC<\/p>\n<p>&nbsp;<\/p>\n<p><strong>Odpowiedni dla:<\/strong><\/p>\n<table width=\"947\">\n<tbody>\n<tr>\n<td width=\"138\"><strong>Rok<\/strong><\/td>\n<td width=\"168\"><strong>Marka<\/strong><\/td>\n<td width=\"144\"><strong>Model<\/strong><\/td>\n<td width=\"241\"><strong>Wersja<\/strong><\/td>\n<td width=\"256\"><strong>Silnik<\/strong><\/td>\n<\/tr>\n<tr>\n<td width=\"138\">2006<\/td>\n<td width=\"168\">Dodge<\/td>\n<td width=\"144\">Ram 1500<\/td>\n<td width=\"241\">SRT-10<\/td>\n<td width=\"256\">8.3L<\/td>\n<\/tr>\n<tr>\n<td width=\"138\">2006<\/td>\n<td width=\"168\">Dodge<\/td>\n<td width=\"144\">Viper<\/td>\n<td width=\"241\">SRT-10<\/td>\n<td width=\"256\">8.3L<\/td>\n<\/tr>\n<tr>\n<td width=\"138\">2005<\/td>\n<td width=\"168\">Dodge<\/td>\n<td width=\"144\">Ram 1500<\/td>\n<td width=\"241\">SRT-10<\/td>\n<td width=\"256\">8.3L<\/td>\n<\/tr>\n<tr>\n<td width=\"138\">2005<\/td>\n<td width=\"168\">Dodge<\/td>\n<td width=\"144\">Viper<\/td>\n<td width=\"241\">SRT-10<\/td>\n<td width=\"256\">8.3L<\/td>\n<\/tr>\n<tr>\n<td width=\"138\">2004<\/td>\n<td width=\"168\">Dodge<\/td>\n<td width=\"144\">Ram 1500<\/td>\n<td width=\"241\">SRT-10<\/td>\n<td width=\"256\">8.3L<\/td>\n<\/tr>\n<tr>\n<td width=\"138\">2004<\/td>\n<td width=\"168\">Dodge<\/td>\n<td width=\"144\">Viper<\/td>\n<td width=\"241\">SRT-10<\/td>\n<td width=\"256\">8.3L<\/td>\n<\/tr>\n<\/tbody>\n<\/table>\n<p>&nbsp;<\/p>\n<p><strong>Zakres dostawy:<br \/>\n<\/strong><\/p>\n<ul>\n<li>10 \u015bwiec zap\u0142onowych<\/li>\n<\/ul>\n<p>&nbsp;<\/p>\n<p>&nbsp;<\/p>\n<h4>Zaufaj oryginalnym cz\u0119\u015bciom Mopar<\/h4>\n<p><strong>Precyzyjne dopasowanie i sprawdzona jako\u015b\u0107 producenta:<\/strong> Mopar dostarcza oryginalne cz\u0119\u015bci, kt\u00f3re zosta\u0142y opracowane specjalnie dla Twojego pojazdu - nie na zam\u00f3wienie, ale oryginalne. Ka\u017cda cz\u0119\u015b\u0107 spe\u0142nia dok\u0142adne standardy fabryczne i dlatego gwarantuje bezproblemow\u0105 instalacj\u0119, pe\u0142n\u0105 funkcjonalno\u015b\u0107 i maksymalne bezpiecze\u0144stwo.<\/p>\n<p><strong>D\u0142ugowieczno\u015b\u0107, na kt\u00f3r\u0105 mo\u017cna liczy\u0107:<\/strong> Oryginalne cz\u0119\u015bci Mopar s\u0105 produkowane z trwa\u0142ych materia\u0142\u00f3w i poddawane rygorystycznym testom jako\u015bci. Rezultat: maksymalna niezawodno\u015b\u0107 nawet przy intensywnym u\u017cytkowaniu - dla d\u0142ugoterminowego utrzymania warto\u015bci i sta\u0142ej wydajno\u015bci pojazdu.<\/p>","protected":false},"excerpt":{"rendered":"<p>Oryginalna cz\u0119\u015b\u0107 Mopar<\/p>","protected":false},"featured_media":68355044,"comment_status":"open","ping_status":"closed","template":"","meta":{"_acf_changed":false},"product_brand":[16270],"product_cat":[8054,8048],"product_tag":[20181,20179,20178,1099,49,31,8813,9424,16271,16273,16275,16272,16274,7221,34,86,20180,7099,1097,1098,559,1073],"class_list":{"0":"post-68355042","1":"product","2":"type-product","3":"status-publish","4":"has-post-thumbnail","6":"product_brand-mopar","7":"product_cat-viper-83-elektrik","8":"product_cat-viper-83-wartung","9":"product_tag-056041402ab","10":"product_tag-56041402ab","11":"product_tag-68304022aa","12":"product_tag-8-3","13":"product_tag-dodge","14":"product_tag-mopar","15":"product_tag-mopar-autoteile","16":"product_tag-mopar-ersatzteile","17":"product_tag-mopar-ersatzteile-kaufen","18":"product_tag-mopar-performance-teile","19":"product_tag-mopar-teile-katalog","20":"product_tag-mopar-teile-online","21":"product_tag-mopar-tuningteile","22":"product_tag-mopar10","23":"product_tag-original","24":"product_tag-ram","25":"product_tag-sp0rc12ecc","26":"product_tag-sp138239ac","27":"product_tag-srt-10","28":"product_tag-srt10","29":"product_tag-viper","30":"product_tag-zuendkerzen","32":"first","33":"instock","34":"taxable","35":"shipping-taxable","36":"purchasable","37":"product-type-simple"},"bundled_by":[],"bundle_stock_status":"instock","bundle_stock_quantity":1,"bundle_virtual":false,"bundle_layout":"","bundle_add_to_cart_form_location":"","bundle_editable_in_cart":false,"bundle_sold_individually_context":"","bundle_item_grouping":"","bundle_min_size":"","bundle_max_size":"","bundle_price":[],"bundled_items":[],"bundle_sell_ids":[],"exclude_global_add_ons":[],"addons":[],"acf":[],"_links":{"self":[{"href":"https:\/\/kraftwerk-shop.cc\/pl\/wp-json\/wp\/v2\/product\/68355042","targetHints":{"allow":["GET"]}}],"collection":[{"href":"https:\/\/kraftwerk-shop.cc\/pl\/wp-json\/wp\/v2\/product"}],"about":[{"href":"https:\/\/kraftwerk-shop.cc\/pl\/wp-json\/wp\/v2\/types\/product"}],"replies":[{"embeddable":true,"href":"https:\/\/kraftwerk-shop.cc\/pl\/wp-json\/wp\/v2\/comments?post=68355042"}],"version-history":[{"count":0,"href":"https:\/\/kraftwerk-shop.cc\/pl\/wp-json\/wp\/v2\/product\/68355042\/revisions"}],"wp:featuredmedia":[{"embeddable":true,"href":"https:\/\/kraftwerk-shop.cc\/pl\/wp-json\/wp\/v2\/media\/68355044"}],"wp:attachment":[{"href":"https:\/\/kraftwerk-shop.cc\/pl\/wp-json\/wp\/v2\/media?parent=68355042"}],"wp:term":[{"taxonomy":"product_brand","embeddable":true,"href":"https:\/\/kraftwerk-shop.cc\/pl\/wp-json\/wp\/v2\/product_brand?post=68355042"},{"taxonomy":"product_cat","embeddable":true,"href":"https:\/\/kraftwerk-shop.cc\/pl\/wp-json\/wp\/v2\/product_cat?post=68355042"},{"taxonomy":"product_tag","embeddable":true,"href":"https:\/\/kraftwerk-shop.cc\/pl\/wp-json\/wp\/v2\/product_tag?post=68355042"}],"curies":[{"name":"wp","href":"https:\/\/api.w.org\/{rel}","templated":true}]}}