{"id":68355047,"date":"2026-01-03T13:13:35","date_gmt":"2026-01-03T12:13:35","guid":{"rendered":"https:\/\/kraftwerk-shop.cc\/?post_type=product&#038;p=68355047"},"modified":"2026-02-15T01:27:50","modified_gmt":"2026-02-15T00:27:50","slug":"zaslepki-mopar-svre10pmc5","status":"publish","type":"product","link":"https:\/\/kraftwerk-shop.cc\/pl\/produkt\/mopar-zuendkerzen-svre10pmc5\/","title":{"rendered":"\u015awiece zap\u0142onowe Mopar \/ Champion SVRE10PMC5 (10 sztuk)"},"content":{"rendered":"<h1>Oryginalne \u015bwiece zap\u0142onowe Mopar \/ Champion SVRE10PMC5 do Dodge Viper 8.4, 10 sztuk<\/h1>\n<p>&nbsp;<\/p>\n<p><strong>Numer cz\u0119\u015bci Mopar:<\/strong>\u00a0SVRE10PMC5<br \/>\n<strong>Zast\u0105piony:<\/strong> 68304015AA, SPRE10PMC5<\/p>\n<p>&nbsp;<\/p>\n<p><strong>Odpowiedni dla:<\/strong><\/p>\n<table width=\"996\">\n<tbody>\n<tr>\n<td width=\"138\"><strong>Rok<\/strong><\/td>\n<td width=\"168\"><strong>Marka<\/strong><\/td>\n<td width=\"144\"><strong>Model<\/strong><\/td>\n<td width=\"290\"><strong>Wersja<\/strong><\/td>\n<td width=\"256\"><strong>Silnik<\/strong><\/td>\n<\/tr>\n<tr>\n<td width=\"138\">2017<\/td>\n<td width=\"168\">Dodge<\/td>\n<td width=\"144\">Viper<\/td>\n<td width=\"290\">ACR, GTC, GTS<\/td>\n<td width=\"256\">8.4L<\/td>\n<\/tr>\n<tr>\n<td width=\"138\">2016<\/td>\n<td width=\"168\">Dodge<\/td>\n<td width=\"144\">Viper<\/td>\n<td width=\"290\">ACR, GTC, GTS<\/td>\n<td width=\"256\">8.4L<\/td>\n<\/tr>\n<tr>\n<td width=\"138\">2015<\/td>\n<td width=\"168\">Dodge<\/td>\n<td width=\"144\">Viper<\/td>\n<td width=\"290\">Base, GT, GTS<\/td>\n<td width=\"256\">8.4L<\/td>\n<\/tr>\n<tr>\n<td width=\"138\">2014<\/td>\n<td width=\"168\">SRT<\/td>\n<td width=\"144\">Viper<\/td>\n<td width=\"290\">Base, GTS<\/td>\n<td width=\"256\">8.4L<\/td>\n<\/tr>\n<tr>\n<td width=\"138\">2013<\/td>\n<td width=\"168\">SRT<\/td>\n<td width=\"144\">Viper<\/td>\n<td width=\"290\">Base, GTS<\/td>\n<td width=\"256\">8.4L<\/td>\n<\/tr>\n<tr>\n<td width=\"138\">2010<\/td>\n<td width=\"168\">Dodge<\/td>\n<td width=\"144\">Viper<\/td>\n<td width=\"290\">SRT-10, SRT-10 ACR<\/td>\n<td width=\"256\">8.4L<\/td>\n<\/tr>\n<tr>\n<td width=\"138\">2009<\/td>\n<td width=\"168\">Dodge<\/td>\n<td width=\"144\">Viper<\/td>\n<td width=\"290\">SRT-10, SRT-10 ACR<\/td>\n<td width=\"256\">8.4L<\/td>\n<\/tr>\n<tr>\n<td width=\"138\">2008<\/td>\n<td width=\"168\">Dodge<\/td>\n<td width=\"144\">Viper<\/td>\n<td width=\"290\">SRT-10, SRT-10 ACR<\/td>\n<td width=\"256\">8.4L<\/td>\n<\/tr>\n<\/tbody>\n<\/table>\n<p>&nbsp;<\/p>\n<p><strong>Zakres dostawy:<br \/>\n<\/strong><\/p>\n<ul>\n<li>10 \u015bwiec zap\u0142onowych (Champion, cz\u0119\u015b\u0107 OEM Mopar)<\/li>\n<\/ul>\n<p>&nbsp;<\/p>\n<p>&nbsp;<\/p>\n<h4>Zaufaj oryginalnym cz\u0119\u015bciom Mopar<\/h4>\n<p><strong>Precyzyjne dopasowanie i sprawdzona jako\u015b\u0107 producenta:<\/strong> Mopar dostarcza oryginalne cz\u0119\u015bci, kt\u00f3re zosta\u0142y opracowane specjalnie dla Twojego pojazdu - nie na zam\u00f3wienie, ale oryginalne. Ka\u017cda cz\u0119\u015b\u0107 spe\u0142nia dok\u0142adne standardy fabryczne i dlatego gwarantuje bezproblemow\u0105 instalacj\u0119, pe\u0142n\u0105 funkcjonalno\u015b\u0107 i maksymalne bezpiecze\u0144stwo.<\/p>\n<p><strong>D\u0142ugowieczno\u015b\u0107, na kt\u00f3r\u0105 mo\u017cna liczy\u0107:<\/strong> Oryginalne cz\u0119\u015bci Mopar s\u0105 produkowane z trwa\u0142ych materia\u0142\u00f3w i poddawane rygorystycznym testom jako\u015bci. Rezultat: maksymalna niezawodno\u015b\u0107 nawet przy intensywnym u\u017cytkowaniu - dla d\u0142ugoterminowego utrzymania warto\u015bci i sta\u0142ej wydajno\u015bci pojazdu.<\/p>","protected":false},"excerpt":{"rendered":"<p>Oryginalna cz\u0119\u015b\u0107 Mopar<\/p>","protected":false},"featured_media":68355050,"comment_status":"open","ping_status":"closed","template":"","meta":{"_acf_changed":false},"product_brand":[16270],"product_cat":[8053,8049],"product_tag":[20184,20183,49,31,8813,9424,16271,16273,16275,16272,16274,7221,34,20185,1097,1098,20182,559,1073],"class_list":{"0":"post-68355047","1":"product","2":"type-product","3":"status-publish","4":"has-post-thumbnail","6":"product_brand-mopar","7":"product_cat-viper-84-elektrik","8":"product_cat-viper-84-wartung","9":"product_tag-68304015aa","10":"product_tag-champion","11":"product_tag-dodge","12":"product_tag-mopar","13":"product_tag-mopar-autoteile","14":"product_tag-mopar-ersatzteile","15":"product_tag-mopar-ersatzteile-kaufen","16":"product_tag-mopar-performance-teile","17":"product_tag-mopar-teile-katalog","18":"product_tag-mopar-teile-online","19":"product_tag-mopar-tuningteile","20":"product_tag-mopar10","21":"product_tag-original","22":"product_tag-spre10pmc5","23":"product_tag-srt-10","24":"product_tag-srt10","25":"product_tag-svre10pmc5","26":"product_tag-viper","27":"product_tag-zuendkerzen","29":"first","30":"instock","31":"taxable","32":"shipping-taxable","33":"purchasable","34":"product-type-simple"},"bundled_by":[],"bundle_stock_status":"instock","bundle_stock_quantity":1,"bundle_virtual":false,"bundle_layout":"","bundle_add_to_cart_form_location":"","bundle_editable_in_cart":false,"bundle_sold_individually_context":"","bundle_item_grouping":"","bundle_min_size":"","bundle_max_size":"","bundle_price":[],"bundled_items":[],"bundle_sell_ids":[],"exclude_global_add_ons":[],"addons":[],"acf":[],"_links":{"self":[{"href":"https:\/\/kraftwerk-shop.cc\/pl\/wp-json\/wp\/v2\/product\/68355047","targetHints":{"allow":["GET"]}}],"collection":[{"href":"https:\/\/kraftwerk-shop.cc\/pl\/wp-json\/wp\/v2\/product"}],"about":[{"href":"https:\/\/kraftwerk-shop.cc\/pl\/wp-json\/wp\/v2\/types\/product"}],"replies":[{"embeddable":true,"href":"https:\/\/kraftwerk-shop.cc\/pl\/wp-json\/wp\/v2\/comments?post=68355047"}],"version-history":[{"count":0,"href":"https:\/\/kraftwerk-shop.cc\/pl\/wp-json\/wp\/v2\/product\/68355047\/revisions"}],"wp:featuredmedia":[{"embeddable":true,"href":"https:\/\/kraftwerk-shop.cc\/pl\/wp-json\/wp\/v2\/media\/68355050"}],"wp:attachment":[{"href":"https:\/\/kraftwerk-shop.cc\/pl\/wp-json\/wp\/v2\/media?parent=68355047"}],"wp:term":[{"taxonomy":"product_brand","embeddable":true,"href":"https:\/\/kraftwerk-shop.cc\/pl\/wp-json\/wp\/v2\/product_brand?post=68355047"},{"taxonomy":"product_cat","embeddable":true,"href":"https:\/\/kraftwerk-shop.cc\/pl\/wp-json\/wp\/v2\/product_cat?post=68355047"},{"taxonomy":"product_tag","embeddable":true,"href":"https:\/\/kraftwerk-shop.cc\/pl\/wp-json\/wp\/v2\/product_tag?post=68355047"}],"curies":[{"name":"wp","href":"https:\/\/api.w.org\/{rel}","templated":true}]}}