{"id":68355610,"date":"2026-01-23T12:44:00","date_gmt":"2026-01-23T11:44:00","guid":{"rendered":"https:\/\/kraftwerk-shop.cc\/?post_type=product&#038;p=68355610"},"modified":"2026-02-15T01:28:08","modified_gmt":"2026-02-15T00:28:08","slug":"mbrp-s72773cf-wydech-ford-mustang-gt","status":"publish","type":"product","link":"https:\/\/kraftwerk-shop.cc\/pl\/produkt\/mbrp-s72773cf-auspuff-ford-mustang-gt\/","title":{"rendered":"MBRP Dual Cat-Back Street Profile Ford Mustang GT 5.0"},"content":{"rendered":"<h1>Uk\u0142ad wydechowy MBRP Dual Cat-Back Street Profile dla Ford Mustang GT 5.0<\/h1>\n<p>Do\u015bwiadcz nowego poziomu d\u017awi\u0119ku, wydajno\u015bci i wra\u017ce\u0144 z jazdy dzi\u0119ki uk\u0142adowi wydechowemu cat-back MBRP - opracowanemu specjalnie dla modelu Ford Mustang GT z 5,0-litrowym silnikiem V8 z lat modelowych 2015, 2016 i 2017. Ten wysokiej jako\u015bci uk\u0142ad wydechowy zast\u0119puje standardowy uk\u0142ad wydechowy z katalizatora i oferuje po\u0142\u0105czenie sportowego d\u017awi\u0119ku, ulepszonego prowadzenia wydechu i trwa\u0142ego wykonania.<\/p>\n<p>&nbsp;<\/p>\n<p>W\u0142a\u015bciwo\u015bci techniczne<\/p>\n<p><strong>Typ systemu:<\/strong> Cat-back - kompletny uk\u0142ad wydechowy z katalizatorem, zoptymalizowany pod k\u0105tem maksymalnej przepustowo\u015bci i d\u017awi\u0119ku.<\/p>\n<p><strong>\u015arednica rury:<\/strong> 3 cale (ok. 76 mm) - zapewnia lepszy przep\u0142yw spalin i wspomaga oddychanie silnika.<\/p>\n<p><strong>Materia\u0142:<\/strong> Wysokiej jako\u015bci stal nierdzewna T304 - wyj\u0105tkowo odporna na korozj\u0119 i trwa\u0142a.<\/p>\n<p><strong>Profil d\u017awi\u0119kowy:<\/strong> Street Profile - g\u0142\u0119boki i bogaty d\u017awi\u0119k o sportowej charakterystyce, idealny do codziennego u\u017cytku i entuzjastycznej jazdy.<\/p>\n<p><strong>Rury wydechowe:<\/strong> Podw\u00f3jny tylny wylot z ko\u0144c\u00f3wkami z w\u0142\u00f3kna w\u0119glowego - klasyczny, sportowy wygl\u0105d ty\u0142u.<\/p>\n<p>&nbsp;<\/p>\n<p>Uk\u0142ad wydechowy typu cat-back MBRP S72773CF Street Profile 3\u2033 wykonany ze stali nierdzewnej T409 jest odpowiedni dla nast\u0119puj\u0105cych modeli:<\/p>\n<table width=\"449\">\n<tbody>\n<tr>\n<td width=\"115\"><strong>Marka<\/strong><\/td>\n<td width=\"145\"><strong>Model<\/strong><\/td>\n<td width=\"106\"><strong>Silnik<\/strong><\/td>\n<td width=\"83\"><strong>Rok<\/strong><\/td>\n<\/tr>\n<tr>\n<td>Ford<\/td>\n<td>Mustang GT (nie dla kabrioletu)<\/td>\n<td>5.0<\/td>\n<td>2015\u20132017<\/td>\n<\/tr>\n<tr>\n<td>Ford<\/td>\n<td>Mustang GT Premium (nie dla kabriolet\u00f3w)<\/td>\n<td>5.0<\/td>\n<td>2015\u20132017<\/td>\n<\/tr>\n<tr>\n<td>Ford<\/td>\n<td>Mustang GT 50 Years Limited Edition (nie dla kabriolet\u00f3w)<\/td>\n<td>5.0<\/td>\n<td>2015<\/td>\n<\/tr>\n<\/tbody>\n<\/table>\n<p>&nbsp;<\/p>","protected":false},"excerpt":{"rendered":"<p>Stal nierdzewna T304, w\u0119glowe rury wydechowe<br \/>\n2015\u20132017<\/p>","protected":false},"featured_media":68355617,"comment_status":"open","ping_status":"closed","template":"","meta":{"_acf_changed":false},"product_brand":[17169],"product_cat":[4033,1779,3024],"product_tag":[20328,20275,20274,20281,7055,20288,20289,20290,20308,20330,20297,20277,20334,20279,20332,20302,20299,20320,20340,20283,20318,20310,20300,20312,20336,20338,20342,4615,20295,2934,20273,20284,20285,20286,20307,20329,20280,20296,17297,20333,20278,20331,20301,20298,4587,20319,20339,20282,20317,17307,17298,20311,20335,20337,20341,20276,20294,20327],"class_list":{"0":"post-68355610","1":"product","2":"type-product","3":"status-publish","4":"has-post-thumbnail","6":"product_brand-mbrp","7":"product_cat-mustang-50-gt-abgasanlage","8":"product_cat-neue-produkte","9":"product_cat-nicht-nach-eu","10":"product_tag-0s72773cf","11":"product_tag-5-0-gt","12":"product_tag-5-0-mustang","13":"product_tag-5-0-v8","14":"product_tag-ford-mustang","15":"product_tag-gt-2015","16":"product_tag-gt-2016","17":"product_tag-gt-2017","18":"product_tag-gt-3-inch","19":"product_tag-gt-5","20":"product_tag-gt-aftermarket-auspuff","21":"product_tag-gt-auspuff","22":"product_tag-gt-carbon-tip","23":"product_tag-gt-cat-back","24":"product_tag-gt-catback","25":"product_tag-gt-dual-exit","26":"product_tag-gt-edelstahl-auspuff","27":"product_tag-gt-muffler","28":"product_tag-gt-performance","29":"product_tag-gt-performance-auspuff","30":"product_tag-gt-polished-tip","31":"product_tag-gt-sound-upgrade","32":"product_tag-gt-sportauspuff","33":"product_tag-gt-sportpaket","34":"product_tag-gt-street-profile","35":"product_tag-gt-t304","36":"product_tag-gt-upgrade","37":"product_tag-gt-v8","38":"product_tag-gt-v8-5-0","39":"product_tag-harder","40":"product_tag-keintuev","41":"product_tag-mustang-2015","42":"product_tag-mustang-2016","43":"product_tag-mustang-2017","44":"product_tag-mustang-3-inch","45":"product_tag-mustang-5","46":"product_tag-mustang-5-0","47":"product_tag-mustang-aftermarket-auspuff","48":"product_tag-mustang-auspuff","49":"product_tag-mustang-carbon-tip","50":"product_tag-mustang-cat-back","51":"product_tag-mustang-catback","52":"product_tag-mustang-dual-exit","53":"product_tag-mustang-edelstahl-auspuff","54":"product_tag-mustang-gt","55":"product_tag-mustang-muffler","56":"product_tag-mustang-performance","57":"product_tag-mustang-performance-auspuff","58":"product_tag-mustang-polished-tip","59":"product_tag-mustang-sound-upgrade","60":"product_tag-mustang-sportauspuff","61":"product_tag-mustang-sportpaket","62":"product_tag-mustang-street-profile","63":"product_tag-mustang-t304","64":"product_tag-mustang-upgrade","65":"product_tag-mustang-v8","66":"product_tag-mustang-v8-5-0","67":"product_tag-s72773cf","68":"product_shipping_class-spedition-1","70":"first","71":"onbackorder","72":"taxable","73":"shipping-taxable","74":"purchasable","75":"product-type-simple"},"bundled_by":[],"bundle_stock_status":"onbackorder","bundle_stock_quantity":0,"bundle_virtual":false,"bundle_layout":"","bundle_add_to_cart_form_location":"","bundle_editable_in_cart":false,"bundle_sold_individually_context":"","bundle_item_grouping":"","bundle_min_size":"","bundle_max_size":"","bundle_price":[],"bundled_items":[],"bundle_sell_ids":[],"exclude_global_add_ons":[],"addons":[],"acf":[],"_links":{"self":[{"href":"https:\/\/kraftwerk-shop.cc\/pl\/wp-json\/wp\/v2\/product\/68355610","targetHints":{"allow":["GET"]}}],"collection":[{"href":"https:\/\/kraftwerk-shop.cc\/pl\/wp-json\/wp\/v2\/product"}],"about":[{"href":"https:\/\/kraftwerk-shop.cc\/pl\/wp-json\/wp\/v2\/types\/product"}],"replies":[{"embeddable":true,"href":"https:\/\/kraftwerk-shop.cc\/pl\/wp-json\/wp\/v2\/comments?post=68355610"}],"version-history":[{"count":0,"href":"https:\/\/kraftwerk-shop.cc\/pl\/wp-json\/wp\/v2\/product\/68355610\/revisions"}],"wp:featuredmedia":[{"embeddable":true,"href":"https:\/\/kraftwerk-shop.cc\/pl\/wp-json\/wp\/v2\/media\/68355617"}],"wp:attachment":[{"href":"https:\/\/kraftwerk-shop.cc\/pl\/wp-json\/wp\/v2\/media?parent=68355610"}],"wp:term":[{"taxonomy":"product_brand","embeddable":true,"href":"https:\/\/kraftwerk-shop.cc\/pl\/wp-json\/wp\/v2\/product_brand?post=68355610"},{"taxonomy":"product_cat","embeddable":true,"href":"https:\/\/kraftwerk-shop.cc\/pl\/wp-json\/wp\/v2\/product_cat?post=68355610"},{"taxonomy":"product_tag","embeddable":true,"href":"https:\/\/kraftwerk-shop.cc\/pl\/wp-json\/wp\/v2\/product_tag?post=68355610"}],"curies":[{"name":"wp","href":"https:\/\/api.w.org\/{rel}","templated":true}]}}