{"id":68356301,"date":"2026-01-29T10:31:40","date_gmt":"2026-01-29T09:31:40","guid":{"rendered":"https:\/\/kraftwerk-shop.cc\/?post_type=product&#038;p=68356301"},"modified":"2026-02-15T01:28:17","modified_gmt":"2026-02-15T00:28:17","slug":"mbrp-s50053cf-chevrolet-silverado-gmc","status":"publish","type":"product","link":"https:\/\/kraftwerk-shop.cc\/pl\/produkt\/mbrp-s50053cf-chevrolet-silverado-gmc\/","title":{"rendered":"MBRP Dual Cat-Back Street Profile Chevrolet Silverado 1500 6.2 \/ GMC Siera 1500"},"content":{"rendered":"<h1>Uk\u0142ad wydechowy MBRP cat-back dla Chevrolet Silverado 1500 6.2 \/ GMC Siera 1500 6.2<\/h1>\n<p>&nbsp;<\/p>\n<p>Uk\u0142ad wydechowy cat-back MBRP to wysokiej jako\u015bci modernizacja na rynku wt\u00f3rnym dla Chevrolet Silverado \/ GMC Siera 1500 z silnikiem 6.2 L V8. Zosta\u0142 zaprojektowany tak, aby zapewni\u0107 pojazdowi mocniejszy d\u017awi\u0119k, lepszy wygl\u0105d i lepszy przep\u0142yw spalin w por\u00f3wnaniu z uk\u0142adem fabrycznym bez skomplikowanych modyfikacji pojazdu.<\/p>\n<p><strong>G\u0142\u00f3wne cechy:<\/strong><\/p>\n<p><strong>Typ wydechu:<\/strong> Uk\u0142ad Cat-back - zast\u0119puje ca\u0142y uk\u0142ad wydechowy od tylnej kraw\u0119dzi katalizatora do wylotu, zapewniaj\u0105c optymalny przep\u0142yw i d\u017awi\u0119k.<\/p>\n<p><strong>Materia\u0142:<\/strong> Solidna konstrukcja ze stali nierdzewnej T304.<\/p>\n<p><strong>Profil d\u017awi\u0119kowy:<\/strong> Profile uliczne - g\u0142\u0119bszy, mocniejszy d\u017awi\u0119k z wyra\u017an\u0105 popraw\u0105 w stosunku do standardowego systemu bez nadmiernej g\u0142o\u015bno\u015bci.<\/p>\n<p><strong>Styl rury wydechowej:<\/strong> Poczw\u00f3rne tylne wyj\u015bcie - stal nierdzewna 304 wewn\u0105trz i w\u0119giel na zewn\u0105trz<\/p>\n<p><strong>Prosta instalacja:<\/strong> Idealne dopasowanie do pojazdu.<\/p>\n<p><strong>Zalety:<\/strong><br \/>\nLepszy przep\u0142yw spalin dla lepszych wra\u017ce\u0144 z jazdy<br \/>\nG\u0142\u0119bszy, bardziej sportowy d\u017awi\u0119k<br \/>\nWytrzyma\u0142e materia\u0142y<br \/>\nSportowy wygl\u0105d<\/p>\n<p><em><strong>UWAGA: nie pasuje do modeli 2WD Crew Cab z przestrzeni\u0105 \u0142adunkow\u0105 6,5\u2033 (dwucz\u0119\u015bciowy wa\u0142 kardana).<\/strong><\/em><\/p>\n<p>Uk\u0142ad wydechowy typu cat-back MBRP S50053CF jest odpowiedni dla nast\u0119puj\u0105cych modeli:<\/p>\n<table style=\"width: 566px; height: 358px;\" width=\"482\">\n<tbody>\n<tr style=\"height: 23px;\">\n<td style=\"width: 77.1875px; height: 23px;\"><strong>Marka<\/strong><\/td>\n<td style=\"width: 271.862px; height: 23px;\"><strong>Model<\/strong><\/td>\n<td style=\"width: 76.7188px; height: 23px;\"><strong>Silnik<\/strong><\/td>\n<td style=\"width: 115.638px; height: 23px;\"><strong>Rok<\/strong><\/td>\n<\/tr>\n<tr style=\"height: 47px;\">\n<td style=\"width: 77.1875px; height: 47px;\">Chevrolet<\/td>\n<td style=\"width: 271.862px; height: 47px;\">Silverado 1500 (High Country)<\/td>\n<td style=\"width: 76.7188px; height: 47px;\">6.2<\/td>\n<td style=\"width: 115.638px; height: 47px;\">2019 - 2026<\/td>\n<\/tr>\n<tr style=\"height: 47px;\">\n<td style=\"width: 77.1875px; height: 47px;\">Chevrolet<\/td>\n<td style=\"width: 271.862px; height: 47px;\">Silverado 1500 (LTZ)<\/td>\n<td style=\"width: 76.7188px; height: 47px;\">6.2<\/td>\n<td style=\"width: 115.638px; height: 47px;\">2019 - 2026<\/td>\n<\/tr>\n<tr style=\"height: 47px;\">\n<td style=\"width: 77.1875px; height: 47px;\">Chevrolet<\/td>\n<td style=\"width: 271.862px; height: 47px;\">Silverado 1500 (LT Trail Boss)<\/td>\n<td style=\"width: 76.7188px; height: 47px;\">6.2<\/td>\n<td style=\"width: 115.638px; height: 47px;\">2020 - 2026<\/td>\n<\/tr>\n<tr style=\"height: 47px;\">\n<td style=\"width: 77.1875px; height: 30px;\">Chevrolet<\/td>\n<td style=\"width: 271.862px; height: 30px;\">Silverado 1500 (RST)<\/td>\n<td style=\"width: 76.7188px; height: 30px;\">6.2<\/td>\n<td style=\"width: 115.638px; height: 30px;\">2020 - 2026<\/td>\n<\/tr>\n<tr style=\"height: 71px;\">\n<td style=\"width: 77.1875px; height: 26px;\">Chevrolet<\/td>\n<td style=\"width: 271.862px; height: 26px;\">Silverado 1500 (Custom Trail Boss)<\/td>\n<td style=\"width: 76.7188px; height: 26px;\">6.2<\/td>\n<td style=\"width: 115.638px; height: 26px;\">2020 - 2022<\/td>\n<\/tr>\n<tr style=\"height: 71px;\">\n<td style=\"width: 77.1875px; height: 26px;\">Chevrolet<\/td>\n<td style=\"width: 271.862px; height: 26px;\">Silverado 1500 LTD (Custom Trail, LTZ, LT Trail Boss, RST, High Country)<span style=\"font-family: inherit; font-size: inherit;\">)<\/span><\/td>\n<td style=\"width: 76.7188px; height: 26px;\">6.2<\/td>\n<td style=\"width: 115.638px; height: 26px;\">2022<\/td>\n<\/tr>\n<tr style=\"height: 47px;\">\n<td style=\"width: 77.1875px; height: 40px;\">GMC<\/td>\n<td style=\"width: 271.862px; height: 40px;\">Siera 1500 (Denali)<\/td>\n<td style=\"width: 76.7188px; height: 40px;\">6.2<\/td>\n<td style=\"width: 115.638px; height: 40px;\">2019 - 2026<\/td>\n<\/tr>\n<tr style=\"height: 23px;\">\n<td style=\"width: 77.1875px; height: 28px;\">GMC<\/td>\n<td style=\"width: 271.862px; height: 28px;\">Siera 1500 (SLT)<\/td>\n<td style=\"width: 76.7188px; height: 28px;\">6.2<\/td>\n<td style=\"width: 115.638px; height: 28px;\">2019 - 2026<\/td>\n<\/tr>\n<tr style=\"height: 47px;\">\n<td style=\"width: 77.1875px; height: 47px;\">GMC<\/td>\n<td style=\"width: 271.862px; height: 47px;\">Siera 1500 (Denali Ultimate)<\/td>\n<td style=\"width: 76.7188px; height: 47px;\">6.2<\/td>\n<td style=\"width: 115.638px; height: 47px;\">2022 - 2026<\/td>\n<\/tr>\n<tr style=\"height: 23px;\">\n<td style=\"width: 77.1875px; height: 23px;\">GMC<\/td>\n<td style=\"width: 271.862px; height: 23px;\">Siera 1500 (AT4)<\/td>\n<td style=\"width: 76.7188px; height: 23px;\">6.2<\/td>\n<td style=\"width: 115.638px; height: 23px;\">2024 - 2026<\/td>\n<\/tr>\n<tr style=\"height: 71px;\">\n<td style=\"width: 77.1875px; height: 26px;\">GMC<\/td>\n<td style=\"width: 271.862px; height: 26px;\">Sierra 1500 Limited (Denali, SLT)<\/td>\n<td style=\"width: 76.7188px; height: 26px;\">6.2<\/td>\n<td style=\"width: 115.638px; height: 26px;\">2022<\/td>\n<\/tr>\n<\/tbody>\n<\/table>\n<p>&nbsp;<\/p>\n<p><iframe loading=\"lazy\" title=\"MBRP S50053CF Cat-Back Street Profile Chevrolet Silverado 1500 \/ GMC Siera 1500 6.2 V8\" src=\"https:\/\/www.youtube.com\/embed\/5uxoV7fAqjI\" width=\"1096\" height=\"617\" frameborder=\"0\" allowfullscreen=\"allowfullscreen\"><\/iframe><\/p>","protected":false},"excerpt":{"rendered":"<p>2019 - 2026<br \/>\nStal nierdzewna T304, w\u0119glowe rury wydechowe<\/p>","protected":false},"featured_media":68356309,"comment_status":"open","ping_status":"closed","template":"","meta":{"_acf_changed":false},"product_brand":[17169],"product_cat":[3024,3687],"product_tag":[20394,773,20379,20346,20361,20362,20358,20359,20363,20360,20357,20371,20372,2934,20273,20367,20366,20370,20364,20368,20365,20369,20393,20392,20381,20382,20383,20384,20385,20386,20387,20388,20353,20354,20348,20376,20347,20350,20351,20378,20355,20375,20349,20352,20377,20356,20380,20373,20374],"class_list":{"0":"post-68356301","1":"product","2":"type-product","3":"status-publish","4":"has-post-thumbnail","6":"product_brand-mbrp","7":"product_cat-nicht-nach-eu","8":"product_cat-silverado-abgasanlage","9":"product_tag-50053cf","10":"product_tag-carbon","11":"product_tag-chevrolet-pickup-auspuff","12":"product_tag-chevrolet-silverado-1500","13":"product_tag-chevrolet-silverado-1500-6-2","14":"product_tag-chevrolet-silverado-1500-62","15":"product_tag-chevrolet-silverado-1500-abgasanlage","16":"product_tag-chevrolet-silverado-1500-cat-back","17":"product_tag-chevrolet-silverado-1500-rst","18":"product_tag-chevrolet-silverado-1500-v8","19":"product_tag-chevrolet-silverado-auspuff","20":"product_tag-dual-exit-auspuff-silverado-1500","21":"product_tag-edelstahl-auspuff-silverado-1500","22":"product_tag-harder","23":"product_tag-keintuev","24":"product_tag-mbrp-auspuff-silverado-1500","25":"product_tag-mbrp-cat-back-silverado","26":"product_tag-mbrp-performance-auspuff-silverado","27":"product_tag-mbrp-silverado-1500","28":"product_tag-mbrp-silverado-1500-6-2","29":"product_tag-mbrp-silverado-auspuff","30":"product_tag-mbrp-silverado-rst","31":"product_tag-s5005","32":"product_tag-s50053cf","33":"product_tag-silverado-1500-2019","34":"product_tag-silverado-1500-2020","35":"product_tag-silverado-1500-2021","36":"product_tag-silverado-1500-2022","37":"product_tag-silverado-1500-2023","38":"product_tag-silverado-1500-2024","39":"product_tag-silverado-1500-2025","40":"product_tag-silverado-1500-2026","41":"product_tag-silverado-1500-6-2-auspuff","42":"product_tag-silverado-1500-62-v8-auspuff","43":"product_tag-silverado-1500-abgasanlage","44":"product_tag-silverado-1500-aftermarket-auspuff","45":"product_tag-silverado-1500-auspuff","46":"product_tag-silverado-1500-cat-back","47":"product_tag-silverado-1500-performance-auspuff","48":"product_tag-silverado-1500-performance-tuning","49":"product_tag-silverado-1500-rst-auspuff","50":"product_tag-silverado-1500-sound-auspuff","51":"product_tag-silverado-1500-sportauspuff","52":"product_tag-silverado-1500-v8-auspuff","53":"product_tag-silverado-1500-v8-sound","54":"product_tag-silverado-rst-auspuff","55":"product_tag-silverado-truck-auspuff","56":"product_tag-sportauspuff-silverado-rst","57":"product_tag-tuning-auspuff-silverado-1500","58":"product_shipping_class-spedition-1","60":"first","61":"onbackorder","62":"taxable","63":"shipping-taxable","64":"purchasable","65":"product-type-simple"},"bundled_by":[],"bundle_stock_status":"onbackorder","bundle_stock_quantity":0,"bundle_virtual":false,"bundle_layout":"","bundle_add_to_cart_form_location":"","bundle_editable_in_cart":false,"bundle_sold_individually_context":"","bundle_item_grouping":"","bundle_min_size":"","bundle_max_size":"","bundle_price":[],"bundled_items":[],"bundle_sell_ids":[],"exclude_global_add_ons":[],"addons":[],"acf":[],"_links":{"self":[{"href":"https:\/\/kraftwerk-shop.cc\/pl\/wp-json\/wp\/v2\/product\/68356301","targetHints":{"allow":["GET"]}}],"collection":[{"href":"https:\/\/kraftwerk-shop.cc\/pl\/wp-json\/wp\/v2\/product"}],"about":[{"href":"https:\/\/kraftwerk-shop.cc\/pl\/wp-json\/wp\/v2\/types\/product"}],"replies":[{"embeddable":true,"href":"https:\/\/kraftwerk-shop.cc\/pl\/wp-json\/wp\/v2\/comments?post=68356301"}],"version-history":[{"count":0,"href":"https:\/\/kraftwerk-shop.cc\/pl\/wp-json\/wp\/v2\/product\/68356301\/revisions"}],"wp:featuredmedia":[{"embeddable":true,"href":"https:\/\/kraftwerk-shop.cc\/pl\/wp-json\/wp\/v2\/media\/68356309"}],"wp:attachment":[{"href":"https:\/\/kraftwerk-shop.cc\/pl\/wp-json\/wp\/v2\/media?parent=68356301"}],"wp:term":[{"taxonomy":"product_brand","embeddable":true,"href":"https:\/\/kraftwerk-shop.cc\/pl\/wp-json\/wp\/v2\/product_brand?post=68356301"},{"taxonomy":"product_cat","embeddable":true,"href":"https:\/\/kraftwerk-shop.cc\/pl\/wp-json\/wp\/v2\/product_cat?post=68356301"},{"taxonomy":"product_tag","embeddable":true,"href":"https:\/\/kraftwerk-shop.cc\/pl\/wp-json\/wp\/v2\/product_tag?post=68356301"}],"curies":[{"name":"wp","href":"https:\/\/api.w.org\/{rel}","templated":true}]}}