{"id":68356963,"date":"2026-02-19T00:43:12","date_gmt":"2026-02-18T23:43:12","guid":{"rendered":"https:\/\/kraftwerk-shop.cc\/?post_type=product&#038;p=68356963"},"modified":"2026-02-19T23:52:41","modified_gmt":"2026-02-19T22:52:41","slug":"pedalmonster-dodge-challenger","status":"publish","type":"product","link":"https:\/\/kraftwerk-shop.cc\/pl\/produkt\/pedalmonster-dodge-challenger\/","title":{"rendered":"Kontroler peda\u0142u przyspieszenia PedalMonster Challenger"},"content":{"rendered":"<h1>PedalMonster to jedyny pod\u0142\u0105czony do OBD modu\u0142 tuningowy peda\u0142u przyspieszenia do aktywnej kontroli momentu obrotowego i reakcji przepustnicy dla Dodge Challenger (lata modelowe 2008-2023).<\/h1>\n<p>&nbsp;<\/p>\n<p>PedalMonster poprawia ruszanie z miejsca i si\u0142\u0119 uci\u0105gu Dodge Challenger w \u015brednim zakresie. U\u0142atwia ruszanie, nawlekanie i wyprzedzanie.<\/p>\n<p>PedalMonster zosta\u0142 dostrojony w celu wyeliminowania fabrycznego op\u00f3\u017anienia reakcji przepustnicy i natychmiastowego zwi\u0119kszenia przyjemno\u015bci z jazdy. PedalMonster zosta\u0142 zaprojektowany i wyprodukowany w Kalifornii i usuwa niebezpieczne wady, kt\u00f3re mog\u0105 wyst\u0105pi\u0107 w innych skrzynkach peda\u0142u przyspieszenia.<\/p>\n<p>&nbsp;<\/p>\n<p><strong>Jak to dzia\u0142a<\/strong><br \/>\nPedalMonster \u0142\u0105czy dane wej\u015bciowe kierowcy z danymi w czasie rzeczywistym z czujnik\u00f3w pojazdu i ECM, aby przyspieszy\u0107 dostarczanie momentu obrotowego.<\/p>\n<p><strong>Jak z niego korzysta\u0107<\/strong><br \/>\nNajpierw wjed\u017a na autostrad\u0119 i wybierz jedn\u0105 z 30 g\u0142\u00f3wnych krzywych reakcji momentu obrotowego, aby okre\u015bli\u0107 \u017c\u0105dan\u0105 si\u0142\u0119 uci\u0105gu w \u015brednim zakresie. Nast\u0119pnie wr\u00f3\u0107 do ruchu ulicznego i sprawd\u017a start ze startu zatrzymanego. Czy opony si\u0119 obracaj\u0105? Zmniejsz moc za pomoc\u0105 jednego z 5 pocz\u0105tkowych poziom\u00f3w wyposa\u017cenia.<\/p>\n<p><strong>Jest bezpieczniejszy<\/strong><br \/>\nSystem Banks Active Safety\u00ae monitoruje system pod k\u0105tem usterek i w razie wykrycia problemu powraca do standardowego dostarczania momentu obrotowego. Zapobiega to kodom b\u0142\u0119d\u00f3w, trybowi awaryjnemu i martwemu peda\u0142owi przyspieszenia. Ponadto funkcja Reverse Safety przywraca system do ustawie\u0144 fabrycznych, zapobiegaj\u0105c niezamierzonemu przyspieszaniu na biegu wstecznym. Nikt inny nie oferuje takich funkcji.<\/p>\n<p>&nbsp;<\/p>\n<p><strong>Dlaczego jest lepiej<\/strong><\/p>\n<ul>\n<li>Bardziej czu\u0142y i przewidywalny moment obrotowy<\/li>\n<li>Launch Trim optymalizuje moment obrotowy przy niskich pr\u0119dko\u015bciach obrotowych silnika<\/li>\n<li>Wykorzystuje dane uk\u0142adu nap\u0119dowego w czasie rzeczywistym<\/li>\n<li>Wykorzystuje niezawodne zasilanie 12 V z bezpiecznikiem<\/li>\n<li>Przywraca standardowy stan pojazdu podczas cofania.<\/li>\n<li>Brak lampek kontrolnych silnika lub niedzia\u0142aj\u0105cy peda\u0142 przyspieszenia<\/li>\n<\/ul>\n<p>&nbsp;<\/p>\n<p><strong>Najwa\u017cniejsze cechy<\/strong><\/p>\n<ul>\n<li>30 G\u0142\u00f3wne krzywe momentu obrotowego<\/li>\n<li>5 Krzywe startowe<\/li>\n<li>Dwukierunkowa komunikacja OBD z ECM<\/li>\n<li>Bezpiecze\u0144stwo biegu wstecznego<\/li>\n<li>System bezpiecze\u0144stwa ActiveSafety<\/li>\n<li>Zasilanie przez bezpieczne +12 V przez OBD<\/li>\n<li>Kontrola i wy\u015bwietlanie wymaganego momentu obrotowego w czasie rzeczywistym<\/li>\n<li>Plug-and-play<\/li>\n<li>Przyjazny dla gwarancji. Nie pozostawia \u015blad\u00f3w.<\/li>\n<li>Patent USA 10,933,885 B1<\/li>\n<\/ul>\n<p>&nbsp;<\/p>\n<p>&nbsp;<\/p>\n<h2>Krzywe reakcji na moment obrotowy<\/h2>\n<p>PedalMonster poprawia szybko\u015b\u0107 reakcji i si\u0142\u0119 uci\u0105gu w \u015brednim zakresie, optymalizuj\u0105c dostarczanie momentu obrotowego pojazdu za pomoc\u0105 30 wybieranych g\u0142\u00f3wnych krzywych reakcji momentu obrotowego: City, Sport i Track, ka\u017cda z 5-stopniow\u0105 regulacj\u0105 startu aktywn\u0105 poni\u017cej 10 mph.<\/p>\n<p><img decoding=\"async\" class=\"alignnone wp-image-68355121\" src=\"https:\/\/kraftwerk-shop.cc\/wp-content\/uploads\/2026\/01\/PedalMonster-CurvesAnimation.gif\" alt=\"\" width=\"500\" height=\"500\" \/><\/p>\n<p>&nbsp;<\/p>\n<h2>Launch Trim<\/h2>\n<p>Je\u015bli wybra\u0142e\u015b agresywn\u0105 g\u0142\u00f3wn\u0105 krzyw\u0105 momentu obrotowego dla maksymalnej si\u0142y uci\u0105gu w \u015brednim zakresie, ale uwa\u017casz, \u017ce jest ona zbyt agresywna przy niskich pr\u0119dko\u015bciach, mo\u017cesz wybra\u0107 jeden z 5 poziom\u00f3w Launch Trim, aby zmniejszy\u0107 wyj\u015bciowy moment obrotowy poni\u017cej 10 mph.<\/p>\n<p>&nbsp;<\/p>\n<p><img decoding=\"async\" class=\"alignnone wp-image-68355123\" src=\"https:\/\/kraftwerk-shop.cc\/wp-content\/uploads\/2026\/01\/PedalMonster-Launch-Trim.gif\" alt=\"\" width=\"500\" height=\"500\" \/><\/p>\n<p>&nbsp;<\/p>\n<h2>Interfejsy sterowania<\/h2>\n<p>Konfiguruj, kontroluj i monitoruj PedalMonster za pomoc\u0105 aplikacji mobilnej Banks dla iDash. Krzywe reakcji momentu obrotowego mo\u017cna zmienia\u0107 podczas jazdy bez zatrzymywania pojazdu.<\/p>\n<p>&nbsp;<\/p>\n<p>&nbsp;<\/p>\n<p>&nbsp;<\/p>\n<p><img decoding=\"async\" class=\"alignnone wp-image-68355124\" src=\"https:\/\/kraftwerk-shop.cc\/wp-content\/uploads\/2026\/01\/PedalMonster-App-In-Hand.webp\" alt=\"\" width=\"500\" height=\"500\" srcset=\"https:\/\/kraftwerk-shop.cc\/wp-content\/uploads\/2026\/01\/PedalMonster-App-In-Hand.webp 1500w, https:\/\/kraftwerk-shop.cc\/wp-content\/uploads\/2026\/01\/PedalMonster-App-In-Hand-500x500.webp 500w, https:\/\/kraftwerk-shop.cc\/wp-content\/uploads\/2026\/01\/PedalMonster-App-In-Hand-160x160.webp 160w, https:\/\/kraftwerk-shop.cc\/wp-content\/uploads\/2026\/01\/PedalMonster-App-In-Hand-600x600.webp 600w, https:\/\/kraftwerk-shop.cc\/wp-content\/uploads\/2026\/01\/PedalMonster-App-In-Hand-300x300.webp 300w, https:\/\/kraftwerk-shop.cc\/wp-content\/uploads\/2026\/01\/PedalMonster-App-In-Hand-900x900.webp 900w, https:\/\/kraftwerk-shop.cc\/wp-content\/uploads\/2026\/01\/PedalMonster-App-In-Hand-150x150.webp 150w, https:\/\/kraftwerk-shop.cc\/wp-content\/uploads\/2026\/01\/PedalMonster-App-In-Hand-768x768.webp 768w, https:\/\/kraftwerk-shop.cc\/wp-content\/uploads\/2026\/01\/PedalMonster-App-In-Hand-12x12.webp 12w\" sizes=\"(max-width: 500px) 100vw, 500px\" \/><\/p>\n<p>&nbsp;<\/p>\n<p>&nbsp;<\/p>\n<p>Nowe funkcje i obs\u0142uga innych pojazd\u00f3w mog\u0105 by\u0107 dodawane bezprzewodowo dzi\u0119ki zintegrowanej \u0142\u0105czno\u015bci Bluetooth. Nie jest wymagany komputer.<\/p>\n<p>&nbsp;<\/p>\n<p><img decoding=\"async\" class=\"alignnone wp-image-68355125\" src=\"https:\/\/kraftwerk-shop.cc\/wp-content\/uploads\/2026\/01\/App-Control-Definitions.webp\" alt=\"\" width=\"500\" height=\"200\" srcset=\"https:\/\/kraftwerk-shop.cc\/wp-content\/uploads\/2026\/01\/App-Control-Definitions.webp 1500w, https:\/\/kraftwerk-shop.cc\/wp-content\/uploads\/2026\/01\/App-Control-Definitions-500x200.webp 500w, https:\/\/kraftwerk-shop.cc\/wp-content\/uploads\/2026\/01\/App-Control-Definitions-160x64.webp 160w, https:\/\/kraftwerk-shop.cc\/wp-content\/uploads\/2026\/01\/App-Control-Definitions-600x240.webp 600w, https:\/\/kraftwerk-shop.cc\/wp-content\/uploads\/2026\/01\/App-Control-Definitions-300x120.webp 300w, https:\/\/kraftwerk-shop.cc\/wp-content\/uploads\/2026\/01\/App-Control-Definitions-1000x400.webp 1000w, https:\/\/kraftwerk-shop.cc\/wp-content\/uploads\/2026\/01\/App-Control-Definitions-768x307.webp 768w, https:\/\/kraftwerk-shop.cc\/wp-content\/uploads\/2026\/01\/App-Control-Definitions-18x7.webp 18w\" sizes=\"(max-width: 500px) 100vw, 500px\" \/><\/p>\n<p>&nbsp;<\/p>\n<h2><\/h2>\n<h2>Dwukierunkowa komunikacja OBD<\/h2>\n<p>Pod\u0142\u0105czenie PedalMonster do portu diagnostyki pok\u0142adowej pojazdu (OBD) zapewnia dwukierunkowe dane uk\u0142adu nap\u0119dowego w czasie rzeczywistym oraz bezpieczne, stabilne \u017ar\u00f3d\u0142o zasilania 12V.<\/p>\n<p>&nbsp;<\/p>\n<p><img decoding=\"async\" class=\"alignnone wp-image-68355126\" src=\"https:\/\/kraftwerk-shop.cc\/wp-content\/uploads\/2026\/01\/Wire-Diagram-Animation.gif\" alt=\"\" width=\"500\" height=\"500\" \/><\/p>\n<p>&nbsp;<\/p>\n<h2>Bezpiecze\u0144stwo<\/h2>\n<p>PedalMonster posiada dwa systemy bezpiecze\u0144stwa: Banki <b>Active Safety\u00ae<\/b> oraz <b>Bezpiecze\u0144stwo wsteczne<\/b><\/p>\n<p>&nbsp;<\/p>\n<p><img decoding=\"async\" class=\"alignnone wp-image-68355127\" src=\"https:\/\/kraftwerk-shop.cc\/wp-content\/uploads\/2026\/01\/12V_Safe.gif\" alt=\"\" width=\"500\" height=\"265\" \/><\/p>\n<p>&nbsp;<\/p>\n<p>The <b>Aktywne bezpiecze\u0144stwo<\/b>Obw\u00f3d monitorowania \u00ae przywraca pojazd do standardowego momentu obrotowego w ma\u0142o prawdopodobnym przypadku wyst\u0105pienia problemu, zapobiegaj\u0105c w ten spos\u00f3b kodom b\u0142\u0119d\u00f3w, trybowi awaryjnemu i zablokowaniu peda\u0142u.<\/p>\n<p><b>Bezpiecze\u0144stwo wsteczne<\/b> przywraca pojazd do standardowego momentu obrotowego i zapobiega przypadkowemu cofni\u0119ciu przez bram\u0119 gara\u017cow\u0105. Oba systemy bezpiecze\u0144stwa s\u0105 opatentowane.<\/p>\n<p>&nbsp;<\/p>\n<h2>Inni dostawcy<\/h2>\n<p>PedalMonster r\u00f3\u017cni si\u0119 od kontroler\u00f3w reakcji przepustnicy, takich jak Pedal Commander, Sprint Booster i innych, kt\u00f3re \u201cz grubsza\u201d manipuluj\u0105 po\u0142o\u017ceniem peda\u0142u. PedalMonster wykorzystuje dane uk\u0142adu nap\u0119dowego w czasie rzeczywistym do kalibracji wyj\u015bciowego momentu obrotowego. Konkurenci nie maj\u0105 takiej \u0142\u0105czno\u015bci ani funkcji bezpiecze\u0144stwa i traktuj\u0105 wszystkie pojazdy i sytuacje tak samo.<\/p>\n<p>&nbsp;<\/p>\n<p><img decoding=\"async\" class=\"alignnone wp-image-68355128\" src=\"https:\/\/kraftwerk-shop.cc\/wp-content\/uploads\/2026\/01\/PedalMonster-Comparison-Chart-Simplified.webp\" alt=\"\" width=\"500\" height=\"781\" srcset=\"https:\/\/kraftwerk-shop.cc\/wp-content\/uploads\/2026\/01\/PedalMonster-Comparison-Chart-Simplified.webp 900w, https:\/\/kraftwerk-shop.cc\/wp-content\/uploads\/2026\/01\/PedalMonster-Comparison-Chart-Simplified-500x781.webp 500w, https:\/\/kraftwerk-shop.cc\/wp-content\/uploads\/2026\/01\/PedalMonster-Comparison-Chart-Simplified-160x250.webp 160w, https:\/\/kraftwerk-shop.cc\/wp-content\/uploads\/2026\/01\/PedalMonster-Comparison-Chart-Simplified-600x937.webp 600w, https:\/\/kraftwerk-shop.cc\/wp-content\/uploads\/2026\/01\/PedalMonster-Comparison-Chart-Simplified-192x300.webp 192w, https:\/\/kraftwerk-shop.cc\/wp-content\/uploads\/2026\/01\/PedalMonster-Comparison-Chart-Simplified-577x900.webp 577w, https:\/\/kraftwerk-shop.cc\/wp-content\/uploads\/2026\/01\/PedalMonster-Comparison-Chart-Simplified-768x1199.webp 768w, https:\/\/kraftwerk-shop.cc\/wp-content\/uploads\/2026\/01\/PedalMonster-Comparison-Chart-Simplified-8x12.webp 8w\" sizes=\"(max-width: 500px) 100vw, 500px\" \/><\/p>\n<p>&nbsp;<\/p>","protected":false},"excerpt":{"rendered":"<p>PedalMonster ist die einzige \u00fcber OBD angebundene Gaspedal-Tuning-Box zur aktiven Drehmoment- und Gasannahme-Regelung f\u00fcr Dodge Challenger (Modelljahre 2008\u20132023) &nbsp; PedalMonster<\/p>","protected":false},"featured_media":68355131,"comment_status":"open","ping_status":"closed","template":"","meta":{"_acf_changed":false},"product_brand":[20698],"product_cat":[10262,2573,7282,1673,7285,1681,7289,1689,7293,1697,7301,1705,7297,1779],"product_tag":[88,169,91,92,101,93,20711,54,49,20710,20707,4842,20705,20703,20702,20708,4890,20701,17898,17900,4844,100,126,7221,4879,20704,20709,20700,96,20706],"class_list":{"0":"post-68356963","1":"product","2":"type-product","3":"status-publish","4":"has-post-thumbnail","6":"product_brand-banks-power","7":"product_cat-alle-produkte","8":"product_cat-challenger-35-programmiergerate","9":"product_cat-challenger-35-elektrik-sonstiges","10":"product_cat-challenger-36-programmiergeraete","11":"product_cat-challenger-36-elektrik-sonstiges","12":"product_cat-challenger-57-programmiergeraete","13":"product_cat-challenger-57-elektrik-sonstiges","14":"product_cat-challenger-61-programmiergeraete","15":"product_cat-challenger-61-elektrik-sonstiges","16":"product_cat-challenger-hellcat-programmiergeraete","17":"product_cat-challenger-hellcat-elektrik-sonstiges","18":"product_cat-challenger-64-programmiergeraete","19":"product_cat-challenger-64-elektrik-sonstiges","20":"product_cat-neue-produkte","21":"product_tag-3-5","22":"product_tag-3-6","23":"product_tag-5-7","24":"product_tag-6-1","25":"product_tag-6-2","26":"product_tag-6-4","27":"product_tag-banks","28":"product_tag-challenger","29":"product_tag-dodge","30":"product_tag-elektronisches-gaspedal-tuning","31":"product_tag-gasannahme-verbessern","32":"product_tag-gaspedal","33":"product_tag-gaspedal-beschleuniger","34":"product_tag-gaspedal-controller","35":"product_tag-gaspedal-tuning","36":"product_tag-gaspedal-verzoegerung-entfernen","37":"product_tag-gaspedalbooster","38":"product_tag-gaspedalbox","39":"product_tag-gaspedalsensor","40":"product_tag-gaspedalstellung","41":"product_tag-gaspedaltuning","42":"product_tag-hellcat","43":"product_tag-hemi","44":"product_tag-mopar10","45":"product_tag-pedalbox","46":"product_tag-pedalbox-auto","47":"product_tag-pedalbox-obd","48":"product_tag-pedalmonster","49":"product_tag-srt","50":"product_tag-throttle-controller","51":"product_shipping_class-deutschlandohne","53":"first","54":"instock","55":"taxable","56":"shipping-taxable","57":"purchasable","58":"product-type-simple"},"bundled_by":[],"bundle_stock_status":"instock","bundle_stock_quantity":2,"bundle_virtual":false,"bundle_layout":"","bundle_add_to_cart_form_location":"","bundle_editable_in_cart":false,"bundle_sold_individually_context":"","bundle_item_grouping":"","bundle_min_size":"","bundle_max_size":"","bundle_price":[],"bundled_items":[],"bundle_sell_ids":[],"exclude_global_add_ons":[],"addons":[],"acf":[],"_links":{"self":[{"href":"https:\/\/kraftwerk-shop.cc\/pl\/wp-json\/wp\/v2\/product\/68356963","targetHints":{"allow":["GET"]}}],"collection":[{"href":"https:\/\/kraftwerk-shop.cc\/pl\/wp-json\/wp\/v2\/product"}],"about":[{"href":"https:\/\/kraftwerk-shop.cc\/pl\/wp-json\/wp\/v2\/types\/product"}],"replies":[{"embeddable":true,"href":"https:\/\/kraftwerk-shop.cc\/pl\/wp-json\/wp\/v2\/comments?post=68356963"}],"version-history":[{"count":0,"href":"https:\/\/kraftwerk-shop.cc\/pl\/wp-json\/wp\/v2\/product\/68356963\/revisions"}],"wp:featuredmedia":[{"embeddable":true,"href":"https:\/\/kraftwerk-shop.cc\/pl\/wp-json\/wp\/v2\/media\/68355131"}],"wp:attachment":[{"href":"https:\/\/kraftwerk-shop.cc\/pl\/wp-json\/wp\/v2\/media?parent=68356963"}],"wp:term":[{"taxonomy":"product_brand","embeddable":true,"href":"https:\/\/kraftwerk-shop.cc\/pl\/wp-json\/wp\/v2\/product_brand?post=68356963"},{"taxonomy":"product_cat","embeddable":true,"href":"https:\/\/kraftwerk-shop.cc\/pl\/wp-json\/wp\/v2\/product_cat?post=68356963"},{"taxonomy":"product_tag","embeddable":true,"href":"https:\/\/kraftwerk-shop.cc\/pl\/wp-json\/wp\/v2\/product_tag?post=68356963"}],"curies":[{"name":"wp","href":"https:\/\/api.w.org\/{rel}","templated":true}]}}