{"id":68357017,"date":"2026-02-21T22:12:03","date_gmt":"2026-02-21T21:12:03","guid":{"rendered":"https:\/\/kraftwerk-shop.cc\/?post_type=product&#038;p=68357017"},"modified":"2026-02-21T22:32:48","modified_gmt":"2026-02-21T21:32:48","slug":"klocki-hamulcowe-powerstop-track-day-challenger-61-64","status":"publish","type":"product","link":"https:\/\/kraftwerk-shop.cc\/pl\/produkt\/powerstop-track-day-bremsbelaege-challenger-61-64\/","title":{"rendered":"Klocki hamulcowe PowerStop Track Day Challenger 6.1 i 6.4"},"content":{"rendered":"<h1>Klocki hamulcowe PowerStop Track Day dla Dodge Challenger 6.1 SRT8 i 6.4 (o\u015b przednia)<\/h1>\n<p>&nbsp;<\/p>\n<p>Klocki hamulcowe Track Day maj\u0105 ju\u017c wysoki wsp\u00f3\u0142czynnik tarcia, gdy s\u0105 zimne, a maj\u0105 jeszcze wy\u017cszy wsp\u00f3\u0142czynnik tarcia, gdy s\u0105 gor\u0105ce - kiedy to naprawd\u0119 si\u0119 liczy.<\/p>\n<p>PowerStop postawi\u0142 sobie za zadanie zaoferowanie ka\u017cdemu kierowcy Dodge Magnum prostego i niedrogiego sposobu na popraw\u0119 hamulc\u00f3w - niezale\u017cnie od miejsca i sposobu u\u017cytkowania pojazdu.<br \/>\nJe\u015bli je\u017adzisz swoim samochodem drogowym na torze wy\u015bcigowym podczas wy\u015bcig\u00f3w typu track day lub wyczynowych, z pewno\u015bci\u0105 wiesz, jak wa\u017cne s\u0105 wysokiej jako\u015bci klocki hamulcowe. Klocki hamulcowe PowerStop Track Day s\u0105 idealne do wy\u015bcig\u00f3w torowych.<br \/>\nZesp\u00f3\u0142 badawczo-rozwojowy PowerStop sp\u0119dzi\u0142 niezliczone godziny na znalezieniu odpowiedniej mieszanki klock\u00f3w hamulcowych dla ka\u017cdej platformy pojazdu, dzi\u0119ki czemu nie musisz sp\u0119dza\u0107 niezliczonych dni na torze, pr\u00f3buj\u0105c samemu to rozgry\u017a\u0107.<br \/>\nTe specyficzne dla platformy klocki hamulcowe maj\u0105 doskona\u0142y wsp\u00f3\u0142czynnik tarcia i s\u0105 odporne na blakni\u0119cie pod wp\u0142ywem napr\u0119\u017ce\u0144 podczas ka\u017cdego dnia na torze.<\/p>\n<p>&nbsp;<\/p>\n<p><strong>Liczby por\u00f3wnawcze Mopar:<\/strong> 5174311AA, 5174311AB, 5174311AC, 05174311AA, 05174311AB, 05174311AC, 68144213AA, 68144213AB, 68144213AC<\/p>\n<p>&nbsp;<\/p>\n<p><strong>Odpowiedni dla:<\/strong><\/p>\n<table width=\"0\">\n<tbody>\n<tr>\n<td width=\"64\">Dodge<\/td>\n<td width=\"100\">Challenger<\/td>\n<td width=\"163\">6.1, 6.4<\/td>\n<td width=\"305\">Wszystkie lata modelowe z tarczami hamulcowymi 360 mm<\/td>\n<\/tr>\n<\/tbody>\n<\/table>\n<p>&nbsp;<\/p>\n<p>Wszystkie SRT do roku modelowego 2014.<br \/>\nOd roku modelowego 2015 tylko 4-t\u0142oczkowe Brembo z tarcz\u0105 hamulcow\u0105 360 mm.<\/p>\n<p>Cena dotyczy 1 zestawu dla kompletnej osi przedniej.<\/p>\n<p>&nbsp;<\/p>","protected":false},"excerpt":{"rendered":"<p>Nadaje si\u0119 do tarcz hamulcowych 360 mm<\/p>","protected":false},"featured_media":68279232,"comment_status":"open","ping_status":"closed","template":"","meta":{"_acf_changed":false},"product_brand":[],"product_cat":[17695,17687],"product_tag":[836,837,960,52,834,835,833,17993,17994,17995,832,838,590,10803,795,839,840,54,49,3853,692,36,953,954,2445,4563,96,4559,4562,842,841,673],"class_list":{"0":"post-68357017","1":"product","2":"type-product","3":"status-publish","4":"has-post-thumbnail","6":"product_cat-challenger-61-bremsbelaege-vorne","7":"product_cat-challenger-64-bremsbelaege-vorne","8":"product_tag-05174311aa","9":"product_tag-05174311ab","10":"product_tag-05174311ac","11":"product_tag-300c","12":"product_tag-5174311aa","13":"product_tag-5174311ab","14":"product_tag-5174311ac","15":"product_tag-68144213aa","16":"product_tag-68144213ab","17":"product_tag-68144213ac","18":"product_tag-brembo","19":"product_tag-bremsbelag","20":"product_tag-bremsbelaege","21":"product_tag-bremsbelaege-fuer-dodge-challenger-6-4","22":"product_tag-bremse","23":"product_tag-bremsklotz","24":"product_tag-bremskloetze","25":"product_tag-challenger","26":"product_tag-dodge","27":"product_tag-dodge-challenger","28":"product_tag-ersatzteil","29":"product_tag-kraftwerk","30":"product_tag-power-stop","31":"product_tag-powerstop","32":"product_tag-powerstop-pads","33":"product_tag-pst-1298","34":"product_tag-srt","35":"product_tag-track-day","36":"product_tag-trackday","37":"product_tag-vorderachse","38":"product_tag-vorne","39":"product_tag-zubehoer","41":"first","42":"instock","43":"taxable","44":"shipping-taxable","45":"purchasable","46":"product-type-simple"},"bundled_by":[],"bundle_stock_status":"instock","bundle_stock_quantity":1,"bundle_virtual":false,"bundle_layout":"","bundle_add_to_cart_form_location":"","bundle_editable_in_cart":false,"bundle_sold_individually_context":"","bundle_item_grouping":"","bundle_min_size":"","bundle_max_size":"","bundle_price":[],"bundled_items":[],"bundle_sell_ids":[],"exclude_global_add_ons":[],"addons":[],"acf":[],"_links":{"self":[{"href":"https:\/\/kraftwerk-shop.cc\/pl\/wp-json\/wp\/v2\/product\/68357017","targetHints":{"allow":["GET"]}}],"collection":[{"href":"https:\/\/kraftwerk-shop.cc\/pl\/wp-json\/wp\/v2\/product"}],"about":[{"href":"https:\/\/kraftwerk-shop.cc\/pl\/wp-json\/wp\/v2\/types\/product"}],"replies":[{"embeddable":true,"href":"https:\/\/kraftwerk-shop.cc\/pl\/wp-json\/wp\/v2\/comments?post=68357017"}],"version-history":[{"count":0,"href":"https:\/\/kraftwerk-shop.cc\/pl\/wp-json\/wp\/v2\/product\/68357017\/revisions"}],"wp:featuredmedia":[{"embeddable":true,"href":"https:\/\/kraftwerk-shop.cc\/pl\/wp-json\/wp\/v2\/media\/68279232"}],"wp:attachment":[{"href":"https:\/\/kraftwerk-shop.cc\/pl\/wp-json\/wp\/v2\/media?parent=68357017"}],"wp:term":[{"taxonomy":"product_brand","embeddable":true,"href":"https:\/\/kraftwerk-shop.cc\/pl\/wp-json\/wp\/v2\/product_brand?post=68357017"},{"taxonomy":"product_cat","embeddable":true,"href":"https:\/\/kraftwerk-shop.cc\/pl\/wp-json\/wp\/v2\/product_cat?post=68357017"},{"taxonomy":"product_tag","embeddable":true,"href":"https:\/\/kraftwerk-shop.cc\/pl\/wp-json\/wp\/v2\/product_tag?post=68357017"}],"curies":[{"name":"wp","href":"https:\/\/api.w.org\/{rel}","templated":true}]}}