{"id":68357060,"date":"2026-02-21T22:11:47","date_gmt":"2026-02-21T21:11:47","guid":{"rendered":"https:\/\/kraftwerk-shop.cc\/?post_type=product&#038;p=68357060"},"modified":"2026-02-21T22:36:01","modified_gmt":"2026-02-21T21:36:01","slug":"klocki-hamulcowe-powerstop-z23-magnum-srt8","status":"publish","type":"product","link":"https:\/\/kraftwerk-shop.cc\/pl\/produkt\/powerstop-z23-bremsbelaege-magnum-srt8\/","title":{"rendered":"Klocki hamulcowe PowerStop Z23 Evolution Sport Magnum 6.1"},"content":{"rendered":"<h1>PowerStop Z23 Klocki hamulcowe do Dodge Magnum 6.1 SRT8 (o\u015b przednia)<\/h1>\n<p>&nbsp;<\/p>\n<p>Evolution Sport Carbon - ceramiczne klocki hamulcowe dla modeli SRT<\/p>\n<ul>\n<li>Znaczne ograniczenie powstawania py\u0142u hamulcowego<\/li>\n<li>Nadaje si\u0119 do codziennego u\u017cytku<\/li>\n<li>Zawiera past\u0119 monta\u017cow\u0105 i zestaw osprz\u0119tu ze stali nierdzewnej<\/li>\n<\/ul>\n<p>&nbsp;<\/p>\n<p><strong>Liczby por\u00f3wnawcze Mopar:<\/strong> 5174311AA, 5174311AB, 5174311AC, 05174311AA, 05174311AB, 05174311AC, 68144213AA, 68144213AB, 68144213AC<\/p>\n<p>&nbsp;<\/p>\n<p><strong>Odpowiedni dla:<\/strong><\/p>\n<table width=\"0\">\n<tbody>\n<tr>\n<td width=\"64\">Dodge<\/td>\n<td width=\"100\">Magnum<\/td>\n<td width=\"163\">6.1<\/td>\n<td width=\"305\">Wszystkie lata modelowe z tarczami hamulcowymi 360 mm<\/td>\n<\/tr>\n<\/tbody>\n<\/table>\n<p>&nbsp;<\/p>\n<p>Wszystkie SRT do roku modelowego 2014.<br \/>\nOd roku modelowego 2015 tylko 4-t\u0142oczkowe Brembo z tarcz\u0105 hamulcow\u0105 360 mm.<\/p>\n<p>Cena dotyczy 1 zestawu dla kompletnej osi przedniej.<\/p>\n<p>&nbsp;<\/p>","protected":false},"excerpt":{"rendered":"<p>Nadaje si\u0119 do tarcz hamulcowych 360 mm<\/p>","protected":false},"featured_media":68274516,"comment_status":"open","ping_status":"closed","template":"","meta":{"_acf_changed":false},"product_brand":[],"product_cat":[17775],"product_tag":[836,837,960,52,834,835,833,17993,17994,17995,832,838,590,10803,795,839,840,54,53,48,536,49,3853,3854,692,100,36,953,954,2445,96,842,841,955,1174,673],"class_list":{"0":"post-68357060","1":"product","2":"type-product","3":"status-publish","4":"has-post-thumbnail","6":"product_cat-magnum-61-bremsbelaege-vorne","7":"product_tag-05174311aa","8":"product_tag-05174311ab","9":"product_tag-05174311ac","10":"product_tag-300c","11":"product_tag-5174311aa","12":"product_tag-5174311ab","13":"product_tag-5174311ac","14":"product_tag-68144213aa","15":"product_tag-68144213ab","16":"product_tag-68144213ac","17":"product_tag-brembo","18":"product_tag-bremsbelag","19":"product_tag-bremsbelaege","20":"product_tag-bremsbelaege-fuer-dodge-challenger-6-4","21":"product_tag-bremse","22":"product_tag-bremsklotz","23":"product_tag-bremskloetze","24":"product_tag-challenger","25":"product_tag-charger","26":"product_tag-chrysler","27":"product_tag-chrysler-300c","28":"product_tag-dodge","29":"product_tag-dodge-challenger","30":"product_tag-dodge-charger","31":"product_tag-ersatzteil","32":"product_tag-hellcat","33":"product_tag-kraftwerk","34":"product_tag-power-stop","35":"product_tag-powerstop","36":"product_tag-powerstop-pads","37":"product_tag-srt","38":"product_tag-vorderachse","39":"product_tag-vorne","40":"product_tag-z23","41":"product_tag-z23-1298","42":"product_tag-zubehoer","43":"product_shipping_class-deutschlandohne","45":"first","46":"instock","47":"taxable","48":"shipping-taxable","49":"purchasable","50":"product-type-simple"},"bundled_by":[],"bundle_stock_status":"instock","bundle_stock_quantity":2,"bundle_virtual":false,"bundle_layout":"","bundle_add_to_cart_form_location":"","bundle_editable_in_cart":false,"bundle_sold_individually_context":"","bundle_item_grouping":"","bundle_min_size":"","bundle_max_size":"","bundle_price":[],"bundled_items":[],"bundle_sell_ids":[],"exclude_global_add_ons":[],"addons":[],"acf":[],"_links":{"self":[{"href":"https:\/\/kraftwerk-shop.cc\/pl\/wp-json\/wp\/v2\/product\/68357060","targetHints":{"allow":["GET"]}}],"collection":[{"href":"https:\/\/kraftwerk-shop.cc\/pl\/wp-json\/wp\/v2\/product"}],"about":[{"href":"https:\/\/kraftwerk-shop.cc\/pl\/wp-json\/wp\/v2\/types\/product"}],"replies":[{"embeddable":true,"href":"https:\/\/kraftwerk-shop.cc\/pl\/wp-json\/wp\/v2\/comments?post=68357060"}],"version-history":[{"count":0,"href":"https:\/\/kraftwerk-shop.cc\/pl\/wp-json\/wp\/v2\/product\/68357060\/revisions"}],"wp:featuredmedia":[{"embeddable":true,"href":"https:\/\/kraftwerk-shop.cc\/pl\/wp-json\/wp\/v2\/media\/68274516"}],"wp:attachment":[{"href":"https:\/\/kraftwerk-shop.cc\/pl\/wp-json\/wp\/v2\/media?parent=68357060"}],"wp:term":[{"taxonomy":"product_brand","embeddable":true,"href":"https:\/\/kraftwerk-shop.cc\/pl\/wp-json\/wp\/v2\/product_brand?post=68357060"},{"taxonomy":"product_cat","embeddable":true,"href":"https:\/\/kraftwerk-shop.cc\/pl\/wp-json\/wp\/v2\/product_cat?post=68357060"},{"taxonomy":"product_tag","embeddable":true,"href":"https:\/\/kraftwerk-shop.cc\/pl\/wp-json\/wp\/v2\/product_tag?post=68357060"}],"curies":[{"name":"wp","href":"https:\/\/api.w.org\/{rel}","templated":true}]}}