{"id":68357087,"date":"2026-02-22T00:37:08","date_gmt":"2026-02-21T23:37:08","guid":{"rendered":"https:\/\/kraftwerk-shop.cc\/?post_type=product&#038;p=68357087"},"modified":"2026-02-22T00:59:39","modified_gmt":"2026-02-21T23:59:39","slug":"klocki-hamulcowe-powerstop-track-day-durango-srt","status":"publish","type":"product","link":"https:\/\/kraftwerk-shop.cc\/pl\/produkt\/powerstop-track-day-bremsbelaege-durango-srt\/","title":{"rendered":"Klocki hamulcowe PowerStop Track Day Durango SRT"},"content":{"rendered":"<h1>Klocki hamulcowe PowerStop Track Day dla Dodge Durango 6.4 SRT (o\u015b przednia)<\/h1>\n<p>&nbsp;<\/p>\n<p>Klocki hamulcowe Track Day maj\u0105 ju\u017c wysoki wsp\u00f3\u0142czynnik tarcia, gdy s\u0105 zimne, a maj\u0105 jeszcze wy\u017cszy wsp\u00f3\u0142czynnik tarcia, gdy s\u0105 gor\u0105ce - kiedy to naprawd\u0119 si\u0119 liczy.<\/p>\n<p>PowerStop postawi\u0142 sobie za zadanie zaoferowanie ka\u017cdemu kierowcy prostego i niedrogiego sposobu na popraw\u0119 hamulc\u00f3w - niezale\u017cnie od tego, gdzie i w jaki spos\u00f3b korzysta z pojazdu.<br \/>\nJe\u015bli je\u017adzisz swoim samochodem drogowym na torze wy\u015bcigowym podczas wy\u015bcig\u00f3w typu track day lub wyczynowych, z pewno\u015bci\u0105 wiesz, jak wa\u017cne s\u0105 wysokiej jako\u015bci klocki hamulcowe. Klocki hamulcowe PowerStop Track Day s\u0105 idealne do wy\u015bcig\u00f3w torowych.<br \/>\nZesp\u00f3\u0142 badawczo-rozwojowy PowerStop sp\u0119dzi\u0142 niezliczone godziny na znalezieniu odpowiedniej mieszanki klock\u00f3w hamulcowych dla ka\u017cdej platformy pojazdu, dzi\u0119ki czemu nie musisz sp\u0119dza\u0107 niezliczonych dni na torze, pr\u00f3buj\u0105c samemu to rozgry\u017a\u0107.<br \/>\nTe specyficzne dla platformy klocki hamulcowe maj\u0105 doskona\u0142y wsp\u00f3\u0142czynnik tarcia i s\u0105 odporne na blakni\u0119cie pod wp\u0142ywem napr\u0119\u017ce\u0144 podczas ka\u017cdego dnia na torze.<\/p>\n<p>&nbsp;<\/p>\n<p><strong>Liczby por\u00f3wnawcze Mopar:<\/strong> 68248384AA, 68248384AB, 68248384AC, 68248384AD, 68144427AA, 68144427AB, 68303052AA, 68507583AB, 68525329AA, 68525329AB<\/p>\n<p>&nbsp;<\/p>\n<p><strong>Odpowiedni dla:<\/strong><\/p>\n<table width=\"905\">\n<tbody>\n<tr>\n<td width=\"209\">Dodge<\/td>\n<td width=\"165\">Durango<\/td>\n<td width=\"206\">6.4<\/td>\n<td width=\"325\">2018 - 2024 z tarczami hamulcowymi 380 mm<\/td>\n<\/tr>\n<\/tbody>\n<\/table>\n<p><strong>\u00a0<\/strong><\/p>\n<p>Cena dotyczy 1 zestawu dla kompletnej osi przedniej.<\/p>\n<p>&nbsp;<\/p>","protected":false},"excerpt":{"rendered":"<p>Nadaje si\u0119 do tarcz hamulcowych 380 mm<\/p>","protected":false},"featured_media":68279185,"comment_status":"open","ping_status":"closed","template":"","meta":{"_acf_changed":false},"product_brand":[],"product_cat":[17932],"product_tag":[52,2194,929,930,945,943,944,6821,931,4547,4556,4557,832,838,590,795,839,840,49,95,692,36,953,954,2445,4558,96,4559,842,841,673],"class_list":{"0":"post-68357087","1":"product","2":"type-product","3":"status-publish","4":"has-post-thumbnail","6":"product_cat-durango-64-bremsbelaege-vorne","7":"product_tag-300c","8":"product_tag-390-mm","9":"product_tag-68144427aa","10":"product_tag-68144427ab","11":"product_tag-68248384aa","12":"product_tag-68248384ab","13":"product_tag-68248384ac","14":"product_tag-68248384ad","15":"product_tag-68303052aa","16":"product_tag-68507583ab","17":"product_tag-68525329aa","18":"product_tag-68525329ab","19":"product_tag-brembo","20":"product_tag-bremsbelag","21":"product_tag-bremsbelaege","22":"product_tag-bremse","23":"product_tag-bremsklotz","24":"product_tag-bremskloetze","25":"product_tag-dodge","26":"product_tag-durango","27":"product_tag-ersatzteil","28":"product_tag-kraftwerk","29":"product_tag-power-stop","30":"product_tag-powerstop","31":"product_tag-powerstop-pads","32":"product_tag-pst-1405","33":"product_tag-srt","34":"product_tag-track-day","35":"product_tag-vorderachse","36":"product_tag-vorne","37":"product_tag-zubehoer","39":"first","40":"instock","41":"taxable","42":"shipping-taxable","43":"purchasable","44":"product-type-simple"},"bundled_by":[],"bundle_stock_status":"instock","bundle_stock_quantity":1,"bundle_virtual":false,"bundle_layout":"","bundle_add_to_cart_form_location":"","bundle_editable_in_cart":false,"bundle_sold_individually_context":"","bundle_item_grouping":"","bundle_min_size":"","bundle_max_size":"","bundle_price":[],"bundled_items":[],"bundle_sell_ids":[],"exclude_global_add_ons":[],"addons":[],"acf":[],"_links":{"self":[{"href":"https:\/\/kraftwerk-shop.cc\/pl\/wp-json\/wp\/v2\/product\/68357087","targetHints":{"allow":["GET"]}}],"collection":[{"href":"https:\/\/kraftwerk-shop.cc\/pl\/wp-json\/wp\/v2\/product"}],"about":[{"href":"https:\/\/kraftwerk-shop.cc\/pl\/wp-json\/wp\/v2\/types\/product"}],"replies":[{"embeddable":true,"href":"https:\/\/kraftwerk-shop.cc\/pl\/wp-json\/wp\/v2\/comments?post=68357087"}],"version-history":[{"count":0,"href":"https:\/\/kraftwerk-shop.cc\/pl\/wp-json\/wp\/v2\/product\/68357087\/revisions"}],"wp:featuredmedia":[{"embeddable":true,"href":"https:\/\/kraftwerk-shop.cc\/pl\/wp-json\/wp\/v2\/media\/68279185"}],"wp:attachment":[{"href":"https:\/\/kraftwerk-shop.cc\/pl\/wp-json\/wp\/v2\/media?parent=68357087"}],"wp:term":[{"taxonomy":"product_brand","embeddable":true,"href":"https:\/\/kraftwerk-shop.cc\/pl\/wp-json\/wp\/v2\/product_brand?post=68357087"},{"taxonomy":"product_cat","embeddable":true,"href":"https:\/\/kraftwerk-shop.cc\/pl\/wp-json\/wp\/v2\/product_cat?post=68357087"},{"taxonomy":"product_tag","embeddable":true,"href":"https:\/\/kraftwerk-shop.cc\/pl\/wp-json\/wp\/v2\/product_tag?post=68357087"}],"curies":[{"name":"wp","href":"https:\/\/api.w.org\/{rel}","templated":true}]}}