{"id":68357135,"date":"2026-02-22T13:46:20","date_gmt":"2026-02-22T12:46:20","guid":{"rendered":"https:\/\/kraftwerk-shop.cc\/?post_type=product&#038;p=68357135"},"modified":"2026-02-22T15:14:01","modified_gmt":"2026-02-22T14:14:01","slug":"klocki-hamulcowe-powerstop-z23-challenger-62-64","status":"publish","type":"product","link":"https:\/\/kraftwerk-shop.cc\/pl\/produkt\/powerstop-z23-bremsbelaege-challenger-62-64\/","title":{"rendered":"Klocki hamulcowe PowerStop Z23 Evolution Sport Challenger 6.2 &amp; 6.4"},"content":{"rendered":"<h1>Klocki hamulcowe PowerStop Z23 Evolution Sport dla Dodge Challenger 6.2 Hellcat i 6.4 (o\u015b przednia)<\/h1>\n<p>&nbsp;<\/p>\n<p>Evolution Sport Carbon - ceramiczne klocki hamulcowe dla modeli SRT i 6.4<\/p>\n<ul>\n<li>Znaczne ograniczenie powstawania py\u0142u hamulcowego<\/li>\n<li>Nadaje si\u0119 do codziennego u\u017cytku<\/li>\n<li>Zawiera past\u0119 monta\u017cow\u0105 i zestaw osprz\u0119tu ze stali nierdzewnej<\/li>\n<\/ul>\n<p>&nbsp;<\/p>\n<p><strong>Liczby por\u00f3wnawcze Mopar:<\/strong> 68248384AA, 68248384AB, 68248384AC, 68248384AD, 68525329AA, 68525329AB, 68144427AA, 68144427AB, 68303052AA<\/p>\n<p>&nbsp;<\/p>\n<p><strong>Odpowiedni dla:<\/strong><\/p>\n<table width=\"905\">\n<tbody>\n<tr>\n<td width=\"209\">Dodge<\/td>\n<td width=\"165\">Challenger<\/td>\n<td width=\"206\">6.4<\/td>\n<td width=\"325\">2015-2020 z tarczami hamulcowymi 390 mm<\/td>\n<\/tr>\n<tr>\n<td width=\"209\">Dodge<\/td>\n<td width=\"165\">Challenger<\/td>\n<td width=\"206\">6.4<\/td>\n<td width=\"325\">2021 - 2023 z tarczami hamulcowymi 400 mm<\/td>\n<\/tr>\n<tr>\n<td width=\"209\">Dodge<\/td>\n<td width=\"165\">Challenger Hellcat<\/td>\n<td width=\"206\">6.2<\/td>\n<td width=\"325\">2015-2020 z tarczami hamulcowymi 390 mm<\/td>\n<\/tr>\n<tr>\n<td width=\"209\">Dodge<\/td>\n<td width=\"165\">Challenger Hellcat<\/td>\n<td width=\"206\">6.2<\/td>\n<td width=\"325\">2021 - 2023 z tarczami hamulcowymi 400 mm<\/td>\n<\/tr>\n<\/tbody>\n<\/table>\n<p>&nbsp;<\/p>\n<p>Cena dotyczy 1 zestawu dla kompletnej osi przedniej.<\/p>\n<p>&nbsp;<\/p>","protected":false},"excerpt":{"rendered":"<p>Nadaje si\u0119 do tarcz hamulcowych 390 i 400 mm<\/p>","protected":false},"featured_media":68274519,"comment_status":"open","ping_status":"closed","template":"","meta":{"_acf_changed":false},"product_brand":[],"product_cat":[17691,17687],"product_tag":[929,930,945,943,944,6821,931,4556,4557,832,838,590,10803,795,839,840,54,49,3853,692,100,36,953,954,2445,96,842,841,955,1175,673],"class_list":{"0":"post-68357135","1":"product","2":"type-product","3":"status-publish","4":"has-post-thumbnail","6":"product_cat-challenger-hellcat-bremsbelaege-vorne","7":"product_cat-challenger-64-bremsbelaege-vorne","8":"product_tag-68144427aa","9":"product_tag-68144427ab","10":"product_tag-68248384aa","11":"product_tag-68248384ab","12":"product_tag-68248384ac","13":"product_tag-68248384ad","14":"product_tag-68303052aa","15":"product_tag-68525329aa","16":"product_tag-68525329ab","17":"product_tag-brembo","18":"product_tag-bremsbelag","19":"product_tag-bremsbelaege","20":"product_tag-bremsbelaege-fuer-dodge-challenger-6-4","21":"product_tag-bremse","22":"product_tag-bremsklotz","23":"product_tag-bremskloetze","24":"product_tag-challenger","25":"product_tag-dodge","26":"product_tag-dodge-challenger","27":"product_tag-ersatzteil","28":"product_tag-hellcat","29":"product_tag-kraftwerk","30":"product_tag-power-stop","31":"product_tag-powerstop","32":"product_tag-powerstop-pads","33":"product_tag-srt","34":"product_tag-vorderachse","35":"product_tag-vorne","36":"product_tag-z23","37":"product_tag-z23-1405","38":"product_tag-zubehoer","39":"product_shipping_class-deutschlandohne","41":"first","42":"instock","43":"taxable","44":"shipping-taxable","45":"purchasable","46":"product-type-simple"},"bundled_by":[],"bundle_stock_status":"instock","bundle_stock_quantity":2,"bundle_virtual":false,"bundle_layout":"","bundle_add_to_cart_form_location":"","bundle_editable_in_cart":false,"bundle_sold_individually_context":"","bundle_item_grouping":"","bundle_min_size":"","bundle_max_size":"","bundle_price":[],"bundled_items":[],"bundle_sell_ids":[],"exclude_global_add_ons":[],"addons":[],"acf":[],"_links":{"self":[{"href":"https:\/\/kraftwerk-shop.cc\/pl\/wp-json\/wp\/v2\/product\/68357135","targetHints":{"allow":["GET"]}}],"collection":[{"href":"https:\/\/kraftwerk-shop.cc\/pl\/wp-json\/wp\/v2\/product"}],"about":[{"href":"https:\/\/kraftwerk-shop.cc\/pl\/wp-json\/wp\/v2\/types\/product"}],"replies":[{"embeddable":true,"href":"https:\/\/kraftwerk-shop.cc\/pl\/wp-json\/wp\/v2\/comments?post=68357135"}],"version-history":[{"count":0,"href":"https:\/\/kraftwerk-shop.cc\/pl\/wp-json\/wp\/v2\/product\/68357135\/revisions"}],"wp:featuredmedia":[{"embeddable":true,"href":"https:\/\/kraftwerk-shop.cc\/pl\/wp-json\/wp\/v2\/media\/68274519"}],"wp:attachment":[{"href":"https:\/\/kraftwerk-shop.cc\/pl\/wp-json\/wp\/v2\/media?parent=68357135"}],"wp:term":[{"taxonomy":"product_brand","embeddable":true,"href":"https:\/\/kraftwerk-shop.cc\/pl\/wp-json\/wp\/v2\/product_brand?post=68357135"},{"taxonomy":"product_cat","embeddable":true,"href":"https:\/\/kraftwerk-shop.cc\/pl\/wp-json\/wp\/v2\/product_cat?post=68357135"},{"taxonomy":"product_tag","embeddable":true,"href":"https:\/\/kraftwerk-shop.cc\/pl\/wp-json\/wp\/v2\/product_tag?post=68357135"}],"curies":[{"name":"wp","href":"https:\/\/api.w.org\/{rel}","templated":true}]}}