{"id":68357139,"date":"2026-02-22T13:46:25","date_gmt":"2026-02-22T12:46:25","guid":{"rendered":"https:\/\/kraftwerk-shop.cc\/?post_type=product&#038;p=68357139"},"modified":"2026-02-22T15:19:34","modified_gmt":"2026-02-22T14:19:34","slug":"klocki-hamulcowe-powerstop-z23-durango-srt","status":"publish","type":"product","link":"https:\/\/kraftwerk-shop.cc\/pl\/produkt\/powerstop-z23-bremsbelaege-durango-srt\/","title":{"rendered":"Klocki hamulcowe PowerStop Z23 Evolution Sport Klocki hamulcowe Durango SRT"},"content":{"rendered":"<h1>Klocki hamulcowe PowerStop Z23 Evolution Sport dla Dodge Durango 6.4 SRT (o\u015b przednia)<\/h1>\n<p>&nbsp;<\/p>\n<p>Evolution Sport Carbon - ceramiczne klocki hamulcowe dla modeli SRT<\/p>\n<ul>\n<li>Znaczne ograniczenie powstawania py\u0142u hamulcowego<\/li>\n<li>Nadaje si\u0119 do codziennego u\u017cytku<\/li>\n<li>Zawiera past\u0119 monta\u017cow\u0105 i zestaw osprz\u0119tu ze stali nierdzewnej<\/li>\n<\/ul>\n<p>&nbsp;<\/p>\n<p><strong>Liczby por\u00f3wnawcze Mopar:<\/strong> 68248384AA, 68248384AB, 68248384AC, 68248384AD, 68525329AA, 68525329AB, 68144427AA, 68144427AB, 68303052AA<\/p>\n<p>&nbsp;<\/p>\n<p><strong>Odpowiedni dla:<\/strong><\/p>\n<table width=\"905\">\n<tbody>\n<tr>\n<td width=\"209\">Dodge<\/td>\n<td width=\"165\">Durango<\/td>\n<td width=\"206\">6.4<\/td>\n<td width=\"325\">2018 - 2024 z tarczami hamulcowymi 380 mm<\/td>\n<\/tr>\n<\/tbody>\n<\/table>\n<p><strong>\u00a0<\/strong><\/p>\n<p>Cena dotyczy 1 zestawu dla kompletnej osi przedniej.<\/p>\n<p>&nbsp;<\/p>","protected":false},"excerpt":{"rendered":"<p>Nadaje si\u0119 do tarcz hamulcowych 380 mm<\/p>","protected":false},"featured_media":68274519,"comment_status":"open","ping_status":"closed","template":"","meta":{"_acf_changed":false},"product_brand":[],"product_cat":[17932],"product_tag":[929,930,945,943,944,6821,931,4556,4557,832,838,590,795,839,840,49,95,692,36,953,954,2445,96,842,841,955,1175,673],"class_list":{"0":"post-68357139","1":"product","2":"type-product","3":"status-publish","4":"has-post-thumbnail","6":"product_cat-durango-64-bremsbelaege-vorne","7":"product_tag-68144427aa","8":"product_tag-68144427ab","9":"product_tag-68248384aa","10":"product_tag-68248384ab","11":"product_tag-68248384ac","12":"product_tag-68248384ad","13":"product_tag-68303052aa","14":"product_tag-68525329aa","15":"product_tag-68525329ab","16":"product_tag-brembo","17":"product_tag-bremsbelag","18":"product_tag-bremsbelaege","19":"product_tag-bremse","20":"product_tag-bremsklotz","21":"product_tag-bremskloetze","22":"product_tag-dodge","23":"product_tag-durango","24":"product_tag-ersatzteil","25":"product_tag-kraftwerk","26":"product_tag-power-stop","27":"product_tag-powerstop","28":"product_tag-powerstop-pads","29":"product_tag-srt","30":"product_tag-vorderachse","31":"product_tag-vorne","32":"product_tag-z23","33":"product_tag-z23-1405","34":"product_tag-zubehoer","36":"first","37":"instock","38":"taxable","39":"shipping-taxable","40":"purchasable","41":"product-type-simple"},"bundled_by":[],"bundle_stock_status":"instock","bundle_stock_quantity":2,"bundle_virtual":false,"bundle_layout":"","bundle_add_to_cart_form_location":"","bundle_editable_in_cart":false,"bundle_sold_individually_context":"","bundle_item_grouping":"","bundle_min_size":"","bundle_max_size":"","bundle_price":[],"bundled_items":[],"bundle_sell_ids":[],"exclude_global_add_ons":[],"addons":[],"acf":[],"_links":{"self":[{"href":"https:\/\/kraftwerk-shop.cc\/pl\/wp-json\/wp\/v2\/product\/68357139","targetHints":{"allow":["GET"]}}],"collection":[{"href":"https:\/\/kraftwerk-shop.cc\/pl\/wp-json\/wp\/v2\/product"}],"about":[{"href":"https:\/\/kraftwerk-shop.cc\/pl\/wp-json\/wp\/v2\/types\/product"}],"replies":[{"embeddable":true,"href":"https:\/\/kraftwerk-shop.cc\/pl\/wp-json\/wp\/v2\/comments?post=68357139"}],"version-history":[{"count":0,"href":"https:\/\/kraftwerk-shop.cc\/pl\/wp-json\/wp\/v2\/product\/68357139\/revisions"}],"wp:featuredmedia":[{"embeddable":true,"href":"https:\/\/kraftwerk-shop.cc\/pl\/wp-json\/wp\/v2\/media\/68274519"}],"wp:attachment":[{"href":"https:\/\/kraftwerk-shop.cc\/pl\/wp-json\/wp\/v2\/media?parent=68357139"}],"wp:term":[{"taxonomy":"product_brand","embeddable":true,"href":"https:\/\/kraftwerk-shop.cc\/pl\/wp-json\/wp\/v2\/product_brand?post=68357139"},{"taxonomy":"product_cat","embeddable":true,"href":"https:\/\/kraftwerk-shop.cc\/pl\/wp-json\/wp\/v2\/product_cat?post=68357139"},{"taxonomy":"product_tag","embeddable":true,"href":"https:\/\/kraftwerk-shop.cc\/pl\/wp-json\/wp\/v2\/product_tag?post=68357139"}],"curies":[{"name":"wp","href":"https:\/\/api.w.org\/{rel}","templated":true}]}}