{"id":68357306,"date":"2026-02-28T12:56:04","date_gmt":"2026-02-28T11:56:04","guid":{"rendered":"https:\/\/kraftwerk-shop.cc\/?post_type=product&#038;p=68357306"},"modified":"2026-03-01T21:00:50","modified_gmt":"2026-03-01T20:00:50","slug":"przepustnica-mopar-68428448ab","status":"publish","type":"product","link":"https:\/\/kraftwerk-shop.cc\/pl\/produkt\/mopar-drosselklappe-68428448ab\/","title":{"rendered":"Przepustnica Mopar (68428448AB)"},"content":{"rendered":"<h1>Oryginalna przepustnica Mopar (68428448AB) dla Dodge Hornet, Jeep, Compass, Grand Cherokee i Wrangler 2.0 Turbo<\/h1>\n<p>&nbsp;<\/p>\n<p><span lang=\"DE\"><strong>Numer cz\u0119\u015bci Mopar:<\/strong>\u00a068428448AB<br \/>\n<strong>Zast\u0105piony: <\/strong>68428448AA<\/span><\/p>\n<p>&nbsp;<\/p>\n<p><strong>Odpowiedni dla:<\/strong><\/p>\n<table width=\"996\">\n<tbody>\n<tr>\n<td width=\"138\"><strong>Rok<\/strong><\/td>\n<td width=\"168\"><strong>Marka<\/strong><\/td>\n<td width=\"144\"><strong>Model<\/strong><\/td>\n<td width=\"290\"><strong>Wersja<\/strong><\/td>\n<td width=\"256\"><strong>Silnik<\/strong><\/td>\n<\/tr>\n<tr>\n<td width=\"138\">2025<\/td>\n<td width=\"168\">Dodge<\/td>\n<td width=\"144\">Szersze\u0144<\/td>\n<td width=\"290\">GT, GT Plus<\/td>\n<td width=\"256\">2.0L<\/td>\n<\/tr>\n<tr>\n<td width=\"138\">2025<\/td>\n<td width=\"168\">Jeep<\/td>\n<td width=\"144\">Compass<\/td>\n<td width=\"290\">Latitude, Limited, Sport, Trailhawk<\/td>\n<td width=\"256\">2.0L<\/td>\n<\/tr>\n<tr>\n<td width=\"138\">2025<\/td>\n<td width=\"168\">Jeep<\/td>\n<td width=\"144\">Wrangler<\/td>\n<td width=\"290\">Rubicon, Rubicon X, Sport, Sport S, Unlimited High Altitude 4xe, Unlimited Rubicon, Unlimited Rubicon 4xe, Unlimited Rubicon X, Unlimited Rubicon X 4xe, Unlimited Sahara, Unlimited Sahara 4xe, Unlimited Sport, Unlimited Sport S, Unlimited Sport S 4xe, Unlimited Willys, Unlimited Willys 4xe, Willys<\/td>\n<td width=\"256\">2.0L<\/td>\n<\/tr>\n<tr>\n<td width=\"138\">2024<\/td>\n<td width=\"168\">Dodge<\/td>\n<td width=\"144\">Szersze\u0144<\/td>\n<td width=\"290\">GT, GT Plus<\/td>\n<td width=\"256\">2.0L<\/td>\n<\/tr>\n<tr>\n<td width=\"138\">2024<\/td>\n<td width=\"168\">Jeep<\/td>\n<td width=\"144\">Compass<\/td>\n<td width=\"290\">Latitude, Latitude Lux, Limited, Sport, Trailhawk<\/td>\n<td width=\"256\">2.0L<\/td>\n<\/tr>\n<tr>\n<td width=\"138\">2024<\/td>\n<td width=\"168\">Jeep<\/td>\n<td width=\"144\">Grand Cherokee<\/td>\n<td width=\"290\">4xe, Overland 4xe, Summit 4xe, Summit Reserve 4xe, Trailhawk 4xe<\/td>\n<td width=\"256\">2.0L<\/td>\n<\/tr>\n<tr>\n<td width=\"138\">2024<\/td>\n<td width=\"168\">Jeep<\/td>\n<td width=\"144\">Wrangler<\/td>\n<td width=\"290\">Rubicon, Rubicon X, Sport, Sport S, Unlimited High Altitude 4xe, Unlimited Rubicon, Unlimited Rubicon 4xe, Unlimited Rubicon X, Unlimited Rubicon X 4xe, Unlimited Sahara, Unlimited Sahara 4xe, Unlimited Sport, Unlimited Sport S, Unlimited Sport S 4xe, Unlimited Willys, Unlimited Willys 4xe, Unlimited Willys Sport, Willys, Willys Sport<\/td>\n<td width=\"256\">2.0L<\/td>\n<\/tr>\n<tr>\n<td width=\"138\">2023<\/td>\n<td width=\"168\">Dodge<\/td>\n<td width=\"144\">Szersze\u0144<\/td>\n<td width=\"290\">GT, GT Plus<\/td>\n<td width=\"256\">2.0L<\/td>\n<\/tr>\n<tr>\n<td width=\"138\">2023<\/td>\n<td width=\"168\">Jeep<\/td>\n<td width=\"144\">Cherokee<\/td>\n<td width=\"290\">Trailhawk<\/td>\n<td width=\"256\">2.0L<\/td>\n<\/tr>\n<tr>\n<td width=\"138\">2023<\/td>\n<td width=\"168\">Jeep<\/td>\n<td width=\"144\">Compass<\/td>\n<td width=\"290\">Altitude, High Altitude, Latitude, Latitude Lux, Limited, Red, Sport, Trailhawk<\/td>\n<td width=\"256\">2.0L<\/td>\n<\/tr>\n<tr>\n<td width=\"138\">2023<\/td>\n<td width=\"168\">Jeep<\/td>\n<td width=\"144\">Grand Cherokee<\/td>\n<td width=\"290\">30th Anniversary 4xe, 4xe, Overland 4xe, Summit 4xe, Summit Reserve 4xe, Trailhawk 4xe<\/td>\n<td width=\"256\">2.0L<\/td>\n<\/tr>\n<tr>\n<td width=\"138\">2023<\/td>\n<td width=\"168\">Jeep<\/td>\n<td width=\"144\">Wrangler<\/td>\n<td width=\"290\">Freedom, Rubicon, Sport, Sport S, Unlimited Freedom, Unlimited High Altitude, Unlimited High Altitude 4xe, Unlimited Rubicon, Unlimited Rubicon 4xe, Unlimited Sahara, Unlimited Sahara 4xe, Unlimited Sahara Altitude, Unlimited Sport, Unlimited Sport Altitude, Unlimited Sport S, Unlimited Willys, Unlimited Willys 4xe, Unlimited Willys Sport, Willys, Willys Sport<\/td>\n<td width=\"256\">2.0L<\/td>\n<\/tr>\n<tr>\n<td width=\"138\">2022<\/td>\n<td width=\"168\">Jeep<\/td>\n<td width=\"144\">Cherokee<\/td>\n<td width=\"290\">Latitude Lux, Limited<\/td>\n<td width=\"256\">2.0L<\/td>\n<\/tr>\n<tr>\n<td width=\"138\">2022<\/td>\n<td width=\"168\">Jeep<\/td>\n<td width=\"144\">Grand Cherokee<\/td>\n<td width=\"290\">4xe, Overland 4xe, Summit 4xe, Summit Reserve 4xe, Trailhawk 4xe<\/td>\n<td width=\"256\">2.0L<\/td>\n<\/tr>\n<tr>\n<td width=\"138\">2022<\/td>\n<td width=\"168\">Jeep<\/td>\n<td width=\"144\">Wrangler<\/td>\n<td width=\"290\">Rubicon, Sport, Sport S, Unlimited High Altitude, Unlimited High Altitude 4xe, Unlimited Rubicon, Unlimited Rubicon 4xe, Unlimited Sahara 4xe, Unlimited Sahara Altitude, Unlimited Sport, Unlimited Sport Altitude, Unlimited Sport S, Unlimited Willys, Unlimited Willys Sport, Willys, Willys Sport<\/td>\n<td width=\"256\">2.0L<\/td>\n<\/tr>\n<tr>\n<td width=\"138\">2021<\/td>\n<td width=\"168\">Jeep<\/td>\n<td width=\"144\">Cherokee<\/td>\n<td width=\"290\">80th Anniversary, High Altitude, Latitude Lux, Limited<\/td>\n<td width=\"256\">2.0L<\/td>\n<\/tr>\n<tr>\n<td width=\"138\">2021<\/td>\n<td width=\"168\">Jeep<\/td>\n<td width=\"144\">Wrangler<\/td>\n<td width=\"290\">80th Anniversary, Freedom, Islander, Rubicon, Sport, Sport S, Unlimited 80th Anniversary, Unlimited Freedom, Unlimited High Altitude, Unlimited High Altitude 4xe, Unlimited Islander, Unlimited Rubicon, Unlimited Rubicon 392, Unlimited Rubicon 4xe, Unlimited Sahara, Unlimited Sahara 4xe, Unlimited Sahara Altitude, Unlimited Sport, Unlimited Sport Altitude, Unlimited Sport S, Unlimited Willys, Unlimited Willys Sport, Willys, Willys Sport<\/td>\n<td width=\"256\">2.0L<\/td>\n<\/tr>\n<tr>\n<td width=\"138\">2020<\/td>\n<td width=\"168\">Jeep<\/td>\n<td width=\"144\">Cherokee<\/td>\n<td width=\"290\">Altitude, High Altitude, Latitude Plus, Limited, Overland, Trailhawk, Trailhawk Elite<\/td>\n<td width=\"256\">2.0L<\/td>\n<\/tr>\n<tr>\n<td width=\"138\">2020<\/td>\n<td width=\"168\">Jeep<\/td>\n<td width=\"144\">Wrangler<\/td>\n<td width=\"290\">Rubicon, Sport, Sport S, Unlimited Rubicon, Unlimited Sahara, Unlimited Sport, Unlimited Sport S<\/td>\n<td width=\"256\">2.0L<\/td>\n<\/tr>\n<tr>\n<td width=\"138\">2019<\/td>\n<td width=\"168\">Jeep<\/td>\n<td width=\"144\">Cherokee<\/td>\n<td width=\"290\">Altitude, High Altitude, Latitude Plus, Limited, Overland, Trailhawk, Trailhawk Elite<\/td>\n<td width=\"256\">2.0L<\/td>\n<\/tr>\n<tr>\n<td width=\"138\">2019<\/td>\n<td width=\"168\">Jeep<\/td>\n<td width=\"144\">Wrangler<\/td>\n<td width=\"290\">Rubicon, Sport, Sport S, Unlimited Rubicon, Unlimited Sahara, Unlimited Sport, Unlimited Sport S<\/td>\n<td width=\"256\">2.0L<\/td>\n<\/tr>\n<tr>\n<td width=\"138\">2018<\/td>\n<td width=\"168\">Jeep<\/td>\n<td width=\"144\">Wrangler<\/td>\n<td width=\"290\">Rubicon, Sport, Sport S, Unlimited Rubicon, Unlimited Sahara, Unlimited Sport, Unlimited Sport S<\/td>\n<td width=\"256\">2.0L<\/td>\n<\/tr>\n<\/tbody>\n<\/table>\n<p>&nbsp;<\/p>\n<p>&nbsp;<\/p>\n<p>&nbsp;<\/p>\n<h4>Dlaczego z oryginalnymi cz\u0119\u015bciami Mopar mo\u017cna gra\u0107 bezpiecznie?<\/h4>\n<p>Idealnie dopasowane do Twojego modelu: Mopar dostarcza oryginalne cz\u0119\u015bci, kt\u00f3re s\u0105 precyzyjnie dostosowane do technologii Twojego pojazdu. Gwarantuje to nie tylko idealne dopasowanie, ale tak\u017ce pe\u0142n\u0105 kompatybilno\u015b\u0107 ze wszystkimi funkcjami pojazdu.<\/p>\n<p>Trwa\u0142a jako\u015b\u0107 dla ka\u017cdego zastosowania: Ka\u017cda cz\u0119\u015b\u0107 Mopar jest dok\u0142adnie testowana przed opuszczeniem fabryki. Po\u0142\u0105czenie wytrzyma\u0142ych materia\u0142\u00f3w i precyzyjnej produkcji zapewnia niezawodne dzia\u0142anie pojazdu - dzie\u0144 po dniu, kilometr po kilometrze.<\/p>","protected":false},"excerpt":{"rendered":"<p>Oryginalna cz\u0119\u015b\u0107 Mopar<\/p>","protected":false},"featured_media":68357309,"comment_status":"open","ping_status":"closed","template":"","meta":{"_acf_changed":false},"product_brand":[16270],"product_cat":[2939],"product_tag":[21008,21001,677,49,158,56,7941,50,31,8813,9424,16271,16273,16275,16272,16274,7221,175],"class_list":{"0":"post-68357306","1":"product","2":"type-product","3":"status-publish","4":"has-post-thumbnail","6":"product_brand-mopar","7":"product_cat-wrangler-20-turbo-ansaugung","8":"product_tag-68428448aa","9":"product_tag-68428448ab","10":"product_tag-compass","11":"product_tag-dodge","12":"product_tag-drosselklappe","13":"product_tag-grand-cherokee","14":"product_tag-hornet","15":"product_tag-jeep","16":"product_tag-mopar","17":"product_tag-mopar-autoteile","18":"product_tag-mopar-ersatzteile","19":"product_tag-mopar-ersatzteile-kaufen","20":"product_tag-mopar-performance-teile","21":"product_tag-mopar-teile-katalog","22":"product_tag-mopar-teile-online","23":"product_tag-mopar-tuningteile","24":"product_tag-mopar10","25":"product_tag-wrangler","27":"first","28":"instock","29":"taxable","30":"shipping-taxable","31":"purchasable","32":"product-type-simple"},"bundled_by":[],"bundle_stock_status":"instock","bundle_stock_quantity":1,"bundle_virtual":false,"bundle_layout":"","bundle_add_to_cart_form_location":"","bundle_editable_in_cart":false,"bundle_sold_individually_context":"","bundle_item_grouping":"","bundle_min_size":"","bundle_max_size":"","bundle_price":[],"bundled_items":[],"bundle_sell_ids":[],"exclude_global_add_ons":[],"addons":[],"acf":[],"_links":{"self":[{"href":"https:\/\/kraftwerk-shop.cc\/pl\/wp-json\/wp\/v2\/product\/68357306","targetHints":{"allow":["GET"]}}],"collection":[{"href":"https:\/\/kraftwerk-shop.cc\/pl\/wp-json\/wp\/v2\/product"}],"about":[{"href":"https:\/\/kraftwerk-shop.cc\/pl\/wp-json\/wp\/v2\/types\/product"}],"replies":[{"embeddable":true,"href":"https:\/\/kraftwerk-shop.cc\/pl\/wp-json\/wp\/v2\/comments?post=68357306"}],"version-history":[{"count":0,"href":"https:\/\/kraftwerk-shop.cc\/pl\/wp-json\/wp\/v2\/product\/68357306\/revisions"}],"wp:featuredmedia":[{"embeddable":true,"href":"https:\/\/kraftwerk-shop.cc\/pl\/wp-json\/wp\/v2\/media\/68357309"}],"wp:attachment":[{"href":"https:\/\/kraftwerk-shop.cc\/pl\/wp-json\/wp\/v2\/media?parent=68357306"}],"wp:term":[{"taxonomy":"product_brand","embeddable":true,"href":"https:\/\/kraftwerk-shop.cc\/pl\/wp-json\/wp\/v2\/product_brand?post=68357306"},{"taxonomy":"product_cat","embeddable":true,"href":"https:\/\/kraftwerk-shop.cc\/pl\/wp-json\/wp\/v2\/product_cat?post=68357306"},{"taxonomy":"product_tag","embeddable":true,"href":"https:\/\/kraftwerk-shop.cc\/pl\/wp-json\/wp\/v2\/product_tag?post=68357306"}],"curies":[{"name":"wp","href":"https:\/\/api.w.org\/{rel}","templated":true}]}}