{"id":68357462,"date":"2026-03-04T00:43:25","date_gmt":"2026-03-03T23:43:25","guid":{"rendered":"https:\/\/kraftwerk-shop.cc\/?post_type=product&#038;p=68357462"},"modified":"2026-03-15T23:01:18","modified_gmt":"2026-03-15T22:01:18","slug":"filtr-powietrza-dodge-durango","status":"publish","type":"product","link":"https:\/\/kraftwerk-shop.cc\/pl\/produkt\/luftfilter-dodge-durango\/","title":{"rendered":"Filtr powietrza Dodge Durango"},"content":{"rendered":"<h1>Filtr powietrza dla Dodge Durango 3.6, 5.7 i 6.4<\/h1>\n<p>&nbsp;<\/p>\n<p><strong>Liczby por\u00f3wnawcze Mopar:<\/strong> 04861756AA, 4861756AA<\/p>\n<p>&nbsp;<\/p>\n<p>Markowy filtr powietrza do Dodge 1TP61Wykonany ze specjalnie mieszanych materia\u0142\u00f3w filtracyjnych, aby zapewni\u0107 optymaln\u0105 zdolno\u015b\u0107 zatrzymywania zanieczyszcze\u0144, wydajno\u015b\u0107 filtra i maksymaln\u0105 ochron\u0119 silnika przed szkodliwymi zanieczyszczeniami unosz\u0105cymi si\u0119 w powietrzu.<br \/>\nDopasowanie, funkcjonalno\u015b\u0107 i wydajno\u015b\u0107 odpowiadaj\u0105 lub przewy\u017cszaj\u0105 oryginalne wyposa\u017cenie.<\/p>\n<p>Czyste powietrze ma kluczowe znaczenie dla wydajno\u015bci i \u017cywotno\u015bci silnika Dodge Durango. W\u0142a\u015bciwa filtracja powietrza jest wa\u017cna, poniewa\u017c niewielka ilo\u015b\u0107 zanieczyszcze\u0144 mo\u017ce spowodowa\u0107 ogromne szkody. Zadaniem filtra powietrza jest zapewnienie d\u0142ugiej \u017cywotno\u015bci uk\u0142adu poprzez utrzymywanie szkodliwych zanieczyszcze\u0144 z dala od wra\u017cliwych element\u00f3w silnika.<\/p>\n<p>&nbsp;<\/p>\n<p><strong>W\u0142a\u015bciwo\u015bci:<\/strong><\/p>\n<ul>\n<li>spe\u0142nia wszystkie specyfikacje oryginalnego wyposa\u017cenia w zakresie jako\u015bci i dopasowania<\/li>\n<li>Wielowarstwowa konstrukcja wychwytuj\u0105ca maksymaln\u0105 liczb\u0119 cz\u0105stek<\/li>\n<li>R\u00f3wnomiernie z\u0142o\u017cony papier zapobiega przywieraniu papieru filtracyjnego i wyd\u0142u\u017ca \u017cywotno\u015b\u0107 filtra.<\/li>\n<li>Elastyczna rama poliuretanowa umo\u017cliwia \u0142atw\u0105 instalacj\u0119<\/li>\n<li>Uszczelka poliuretanowa ma wysok\u0105 odporno\u015b\u0107 na rozdarcie i mo\u017ce wytrzyma\u0107 ekstremalne temperatury i zimno.<\/li>\n<li>Metalowe wzmocnienie z du\u017cym diamentowym wzorem zosta\u0142o opracowane w celu poprawy przep\u0142ywu powietrza<\/li>\n<li>Wysoki przep\u0142yw powietrza poprawia osi\u0105gi i zu\u017cycie paliwa<\/li>\n<li>Maksymalna wydajno\u015b\u0107 zmniejsza zu\u017cycie silnika<\/li>\n<li>Wysoka zdolno\u015b\u0107 poch\u0142aniania cz\u0105stek zapewnia d\u0142ug\u0105 \u017cywotno\u015b\u0107 w ekstremalnych warunkach, takich jak ciep\u0142o, zimno lub zanieczyszczenie chemiczne.<\/li>\n<li>Zapobiega przedwczesnemu zu\u017cyciu zawor\u00f3w, powierzchni bie\u017cnych cylindr\u00f3w, pier\u015bcieni t\u0142okowych, \u0142o\u017cysk i innych element\u00f3w silnika.<\/li>\n<li>\u0141atwa instalacja dzi\u0119ki precyzyjnemu dopasowaniu w jako\u015bci OEM<\/li>\n<\/ul>\n<p>&nbsp;<\/p>\n<p><strong>Zakres dostawy:<\/strong><\/p>\n<ul>\n<li>1 filtr powietrza dla Dodge Durango<\/li>\n<\/ul>\n<p>&nbsp;<\/p>","protected":false},"excerpt":{"rendered":"<p>Luftfilter f\u00fcr Dodge Durango 3.6, 5.7 und 6.4 &nbsp; Mopar Vergleichsnummern: 04861756AA, 4861756AA &nbsp; Markenluftfilter f\u00fcr Dodge Durangoaus speziell gemischten<\/p>","protected":false},"featured_media":68357675,"comment_status":"open","ping_status":"closed","template":"","meta":{"_acf_changed":false},"product_brand":[19064],"product_cat":[1647,1655,2710,1663],"product_tag":[4490,18168,169,18169,91,4492,101,93,49,4432,95,692,648,19616,100,126,57,8517,31,7221,34,96,21014,21015,37],"class_list":{"0":"post-68357462","1":"product","2":"type-product","3":"status-publish","4":"has-post-thumbnail","6":"product_brand-vaico","7":"product_cat-durango-36-wartung","8":"product_cat-durango-57-wartung","9":"product_cat-durango-hellcat-wartung","10":"product_cat-durango-64-wartung","11":"product_tag-04861756aa","12":"product_tag-053010798ad","13":"product_tag-3-6","14":"product_tag-4861756aa","15":"product_tag-5-7","16":"product_tag-53010798ad","17":"product_tag-6-2","18":"product_tag-6-4","19":"product_tag-dodge","20":"product_tag-dodge-durango","21":"product_tag-durango","22":"product_tag-ersatzteil","23":"product_tag-filter","24":"product_tag-filterelement","25":"product_tag-hellcat","26":"product_tag-hemi","27":"product_tag-luftfilter","28":"product_tag-luftfilterelement","29":"product_tag-mopar","30":"product_tag-mopar10","31":"product_tag-original","32":"product_tag-srt","33":"product_tag-v33-0031","34":"product_tag-vaico-vierol","35":"product_tag-wartung","37":"first","38":"instock","39":"taxable","40":"shipping-taxable","41":"purchasable","42":"product-type-variable"},"bundled_by":[],"bundle_stock_status":"instock","bundle_stock_quantity":30,"bundle_virtual":false,"bundle_layout":"","bundle_add_to_cart_form_location":"","bundle_editable_in_cart":false,"bundle_sold_individually_context":"","bundle_item_grouping":"","bundle_min_size":"","bundle_max_size":"","bundle_price":[],"bundled_items":[],"bundle_sell_ids":[],"exclude_global_add_ons":[],"addons":[],"acf":[],"_links":{"self":[{"href":"https:\/\/kraftwerk-shop.cc\/pl\/wp-json\/wp\/v2\/product\/68357462","targetHints":{"allow":["GET"]}}],"collection":[{"href":"https:\/\/kraftwerk-shop.cc\/pl\/wp-json\/wp\/v2\/product"}],"about":[{"href":"https:\/\/kraftwerk-shop.cc\/pl\/wp-json\/wp\/v2\/types\/product"}],"replies":[{"embeddable":true,"href":"https:\/\/kraftwerk-shop.cc\/pl\/wp-json\/wp\/v2\/comments?post=68357462"}],"version-history":[{"count":0,"href":"https:\/\/kraftwerk-shop.cc\/pl\/wp-json\/wp\/v2\/product\/68357462\/revisions"}],"wp:featuredmedia":[{"embeddable":true,"href":"https:\/\/kraftwerk-shop.cc\/pl\/wp-json\/wp\/v2\/media\/68357675"}],"wp:attachment":[{"href":"https:\/\/kraftwerk-shop.cc\/pl\/wp-json\/wp\/v2\/media?parent=68357462"}],"wp:term":[{"taxonomy":"product_brand","embeddable":true,"href":"https:\/\/kraftwerk-shop.cc\/pl\/wp-json\/wp\/v2\/product_brand?post=68357462"},{"taxonomy":"product_cat","embeddable":true,"href":"https:\/\/kraftwerk-shop.cc\/pl\/wp-json\/wp\/v2\/product_cat?post=68357462"},{"taxonomy":"product_tag","embeddable":true,"href":"https:\/\/kraftwerk-shop.cc\/pl\/wp-json\/wp\/v2\/product_tag?post=68357462"}],"curies":[{"name":"wp","href":"https:\/\/api.w.org\/{rel}","templated":true}]}}