{"id":68357998,"date":"2026-03-15T13:21:13","date_gmt":"2026-03-15T12:21:13","guid":{"rendered":"https:\/\/kraftwerk-shop.cc\/?post_type=product&#038;p=68357998"},"modified":"2026-03-15T16:08:47","modified_gmt":"2026-03-15T15:08:47","slug":"wymienny-filtr-powietrza-afe-magnum-flow-24-90112k","status":"publish","type":"product","link":"https:\/\/kraftwerk-shop.cc\/pl\/produkt\/afe-magnum-flow-ersatz-luftfilter-24-90112k\/","title":{"rendered":"aFe Magnum FLOW Czarny wymienny filtr powietrza 24-90112K"},"content":{"rendered":"<div class=\"description std\">\n<h1>aFe Magnum FLOW Pro 5R zamienny filtr powietrza 24-90112 pasuj\u0105cy do aFe 57-10002D, 57-10002R, 57-10009D, 57-10009R, 57-10018D, 57-10018R, 57-10028K i 57-10028D<\/h1>\n<\/div>\n<p>&nbsp;<\/p>\n<p>Dzi\u0119ki pi\u0119ciu warstwom coraz drobniejszej tkaniny bawe\u0142nianej mi\u0119dzy g\u00f3rn\u0105 powierzchni\u0105 a doln\u0105 powierzchni\u0105 z poliuretanu 100 %, ten \"naoliwiony\" odwr\u00f3cony sto\u017ckowy filtr o wysokiej wydajno\u015bci zapewnia doskona\u0142y przep\u0142yw powietrza dla maksymalnej mocy i momentu obrotowego.<br \/>\nWysokie, otwarte i r\u00f3wnomiernie rozmieszczone plisy nadaj\u0105 si\u0119 do prania i wielokrotnego u\u017cytku oraz zapewniaj\u0105 doskona\u0142\u0105 zdolno\u015b\u0107 zatrzymywania kurzu, co wyd\u0142u\u017ca okresy mi\u0119dzy kolejnymi czyszczeniami.<br \/>\nElastyczny ko\u0142nierz poliuretanowy ze zintegrowanymi ko\u0142kami zapewnia szczelne, wolne od wyciek\u00f3w uszczelnienie przez ca\u0142y okres eksploatacji filtra.<\/p>\n<p>&nbsp;<\/p>\n<p><strong>W\u0142a\u015bciwo\u015bci:<\/strong><\/p>\n<ul>\n<li>(7-1\/2\u00d75-1\/2) IN F x (9-1\/4\u00d77-1\/4) IN W x (6\u00d74) IN D x 7 IN H<\/li>\n<\/ul>\n<p>&nbsp;<\/p>\n<p><strong>Zakres dostawy:<\/strong><\/p>\n<ul>\n<li>1 filtr powietrza aFe 24-90112K<\/li>\n<\/ul>\n<p>&nbsp;<\/p>","protected":false},"excerpt":{"rendered":"<p>aFe Magnum FLOW Pro 5R zamienny filtr powietrza 24-90112 pasuj\u0105cy do aFe 57-10002D, 57-10002R, 57-10009D, 57-10009R, 57-10018D, 57-10018R, 57-10028K i 57-10028D<\/p>","protected":false},"featured_media":68358000,"comment_status":"open","ping_status":"closed","template":"","meta":{"_acf_changed":false},"product_brand":[16879],"product_cat":[2711,2668,1779],"product_tag":[19161,21035,19162,904,19163,19164,19165,19166,19168,19167,16880,498,9538,2441,9542,965,8515,502,2393,36,57,8665,9567,8653,9548,9558,503,55,9539,2394,9540,148,500,501,698],"class_list":{"0":"post-68357998","1":"product","2":"type-product","3":"status-publish","4":"has-post-thumbnail","6":"product_brand-afe-power","7":"product_cat-durango-hellcat-ansaugung","8":"product_cat-trackhawk-ansaugung","9":"product_cat-neue-produkte","10":"product_tag-24-90112","11":"product_tag-24-90112k","12":"product_tag-57-10002d","13":"product_tag-57-10002r","14":"product_tag-57-10009d","15":"product_tag-57-10009r","16":"product_tag-57-10018d","17":"product_tag-57-10018r","18":"product_tag-57-10028d","19":"product_tag-57-10028k","20":"product_tag-advanced-flow-engineering","21":"product_tag-afe","22":"product_tag-afe-luftfilter","23":"product_tag-afe-power","24":"product_tag-baumwollgewebe","25":"product_tag-black","26":"product_tag-ersatzfilter","27":"product_tag-filtereinsatz","28":"product_tag-flow","29":"product_tag-kraftwerk","30":"product_tag-luftfilter","31":"product_tag-luftfilter-ersatz","32":"product_tag-luftfilter-ersatzteile","33":"product_tag-luftfilter-kaufen","34":"product_tag-luftfilter-upgrade","35":"product_tag-luftfilter-zubehoer","36":"product_tag-luftfiltereinsatz","37":"product_tag-magnum","38":"product_tag-magnum-flow","39":"product_tag-pro","40":"product_tag-pro-5r","41":"product_tag-schwarz","42":"product_tag-sportluftfilter","43":"product_tag-tauschfilter","44":"product_tag-wiederverwendbar","46":"first","47":"instock","48":"taxable","49":"shipping-taxable","50":"purchasable","51":"product-type-simple"},"bundled_by":[],"bundle_stock_status":"instock","bundle_stock_quantity":2,"bundle_virtual":false,"bundle_layout":"","bundle_add_to_cart_form_location":"","bundle_editable_in_cart":false,"bundle_sold_individually_context":"","bundle_item_grouping":"","bundle_min_size":"","bundle_max_size":"","bundle_price":[],"bundled_items":[],"bundle_sell_ids":[],"exclude_global_add_ons":[],"addons":[],"acf":[],"_links":{"self":[{"href":"https:\/\/kraftwerk-shop.cc\/pl\/wp-json\/wp\/v2\/product\/68357998","targetHints":{"allow":["GET"]}}],"collection":[{"href":"https:\/\/kraftwerk-shop.cc\/pl\/wp-json\/wp\/v2\/product"}],"about":[{"href":"https:\/\/kraftwerk-shop.cc\/pl\/wp-json\/wp\/v2\/types\/product"}],"replies":[{"embeddable":true,"href":"https:\/\/kraftwerk-shop.cc\/pl\/wp-json\/wp\/v2\/comments?post=68357998"}],"version-history":[{"count":0,"href":"https:\/\/kraftwerk-shop.cc\/pl\/wp-json\/wp\/v2\/product\/68357998\/revisions"}],"wp:featuredmedia":[{"embeddable":true,"href":"https:\/\/kraftwerk-shop.cc\/pl\/wp-json\/wp\/v2\/media\/68358000"}],"wp:attachment":[{"href":"https:\/\/kraftwerk-shop.cc\/pl\/wp-json\/wp\/v2\/media?parent=68357998"}],"wp:term":[{"taxonomy":"product_brand","embeddable":true,"href":"https:\/\/kraftwerk-shop.cc\/pl\/wp-json\/wp\/v2\/product_brand?post=68357998"},{"taxonomy":"product_cat","embeddable":true,"href":"https:\/\/kraftwerk-shop.cc\/pl\/wp-json\/wp\/v2\/product_cat?post=68357998"},{"taxonomy":"product_tag","embeddable":true,"href":"https:\/\/kraftwerk-shop.cc\/pl\/wp-json\/wp\/v2\/product_tag?post=68357998"}],"curies":[{"name":"wp","href":"https:\/\/api.w.org\/{rel}","templated":true}]}}