{"id":68358365,"date":"2026-03-29T00:09:11","date_gmt":"2026-03-28T23:09:11","guid":{"rendered":"https:\/\/kraftwerk-shop.cc\/?post_type=product&#038;p=68358365"},"modified":"2026-03-29T00:17:41","modified_gmt":"2026-03-28T23:17:41","slug":"czujnik-cisnienia-mopar-68224444ab","status":"publish","type":"product","link":"https:\/\/kraftwerk-shop.cc\/pl\/produkt\/mopar-drucksensor-68224444ab\/","title":{"rendered":"Czujnik ci\u015bnienia Mopar (68224444AB)"},"content":{"rendered":"<h1>Oryginalny czujnik ci\u015bnienia Mopar (68224444AB) dla Dodge Challenger i Charger Hellcat od 2015 do 2017 roku<\/h1>\n<p>&nbsp;<\/p>\n<p><span lang=\"DE\"><strong>Numer cz\u0119\u015bci Mopar:<\/strong>\u00a068224444AB<br \/>\n<strong>Zast\u0105piony: <\/strong>68224444AA<\/span><\/p>\n<p>&nbsp;<\/p>\n<p><strong>Odpowiedni dla:<\/strong><\/p>\n<table style=\"width: 867px;\">\n<tbody>\n<tr>\n<td style=\"width: 133.25px;\"><strong>Rok<\/strong><\/td>\n<td style=\"width: 161.317px;\"><strong>Marka<\/strong><\/td>\n<td style=\"width: 149.283px;\"><strong>Model<\/strong><\/td>\n<td style=\"width: 233.45px;\"><strong>Wersja<\/strong><\/td>\n<td style=\"width: 154.3px;\"><strong>Silnik<\/strong><\/td>\n<\/tr>\n<tr>\n<td style=\"width: 133.25px;\">2017<\/td>\n<td style=\"width: 161.317px;\">Dodge<\/td>\n<td style=\"width: 149.283px;\">Challenger<\/td>\n<td style=\"width: 233.45px;\">SRT Hellcat<\/td>\n<td style=\"width: 154.3px;\">6.2L<\/td>\n<\/tr>\n<tr>\n<td style=\"width: 133.25px;\">2017<\/td>\n<td style=\"width: 161.317px;\">Dodge<\/td>\n<td style=\"width: 149.283px;\">Charger<\/td>\n<td style=\"width: 233.45px;\">SRT Hellcat<\/td>\n<td style=\"width: 154.3px;\">6.2L<\/td>\n<\/tr>\n<tr>\n<td style=\"width: 133.25px;\">2016<\/td>\n<td style=\"width: 161.317px;\">Dodge<\/td>\n<td style=\"width: 149.283px;\">Challenger<\/td>\n<td style=\"width: 233.45px;\">SRT Hellcat<\/td>\n<td style=\"width: 154.3px;\">6.2L<\/td>\n<\/tr>\n<tr>\n<td style=\"width: 133.25px;\">2016<\/td>\n<td style=\"width: 161.317px;\">Dodge<\/td>\n<td style=\"width: 149.283px;\">Charger<\/td>\n<td style=\"width: 233.45px;\">SRT Hellcat<\/td>\n<td style=\"width: 154.3px;\">6.2L<\/td>\n<\/tr>\n<tr>\n<td style=\"width: 133.25px;\">2015<\/td>\n<td style=\"width: 161.317px;\">Dodge<\/td>\n<td style=\"width: 149.283px;\">Challenger<\/td>\n<td style=\"width: 233.45px;\">SRT Hellcat<\/td>\n<td style=\"width: 154.3px;\">6.2L<\/td>\n<\/tr>\n<tr>\n<td style=\"width: 133.25px;\">2015<\/td>\n<td style=\"width: 161.317px;\">Dodge<\/td>\n<td style=\"width: 149.283px;\">Charger<\/td>\n<td style=\"width: 233.45px;\">SRT Hellcat<\/td>\n<td style=\"width: 154.3px;\">6.2L<\/td>\n<\/tr>\n<\/tbody>\n<\/table>\n<p>&nbsp;<\/p>\n<p>&nbsp;<\/p>\n<h4>Dlaczego warto wybra\u0107 oryginalne cz\u0119\u015bci zamienne Mopar?<\/h4>\n<p><strong>Idealne dopasowanie i najwy\u017csza jako\u015b\u0107:<\/strong> Oryginalne cz\u0119\u015bci zamienne Mopar s\u0105 produkowane zgodnie ze \u015bcis\u0142ymi specyfikacjami producenta, co oznacza, \u017ce idealnie pasuj\u0105 do Twojego pojazdu. Zapewnia to nie tylko \u0142atw\u0105 instalacj\u0119, ale tak\u017ce optymaln\u0105 funkcjonalno\u015b\u0107 i bezpiecze\u0144stwo.<\/p>\n<p><strong>Niezawodno\u015b\u0107 i trwa\u0142o\u015b\u0107:<\/strong> Dzi\u0119ki zastosowaniu wysokiej jako\u015bci materia\u0142\u00f3w i rygorystycznej kontroli jako\u015bci, cz\u0119\u015bci zamienne Mopar zapewniaj\u0105 niezawodne dzia\u0142anie pojazdu nawet w ekstremalnych warunkach. Zosta\u0142y zaprojektowane z my\u015bl\u0105 o trwa\u0142o\u015bci i maksymalizacji osi\u0105g\u00f3w pojazdu.<\/p>","protected":false},"excerpt":{"rendered":"<p>Oryginalna cz\u0119\u015b\u0107 Mopar<\/p>\n<p>2015\u20132017<\/p>","protected":false},"featured_media":68358367,"comment_status":"open","ping_status":"closed","template":"","meta":{"_acf_changed":false},"product_brand":[16270],"product_cat":[7300,7327,1779],"product_tag":[21045,21044,21046,21047,84,31,8813,9424,16271,16273,16275,16272,16274,7221,713],"class_list":{"0":"post-68358365","1":"product","2":"type-product","3":"status-publish","4":"has-post-thumbnail","6":"product_brand-mopar","7":"product_cat-challenger-hellcat-sensoren","8":"product_cat-charger-hellcat-sensoren","9":"product_cat-neue-produkte","10":"product_tag-68224444aa","11":"product_tag-68224444ab","12":"product_tag-drucksensor","13":"product_tag-kge","14":"product_tag-kurbelgehaeuseentlueftung","15":"product_tag-mopar","16":"product_tag-mopar-autoteile","17":"product_tag-mopar-ersatzteile","18":"product_tag-mopar-ersatzteile-kaufen","19":"product_tag-mopar-performance-teile","20":"product_tag-mopar-teile-katalog","21":"product_tag-mopar-teile-online","22":"product_tag-mopar-tuningteile","23":"product_tag-mopar10","24":"product_tag-sensor","26":"first","27":"instock","28":"taxable","29":"shipping-taxable","30":"purchasable","31":"product-type-simple"},"bundled_by":[],"bundle_stock_status":"instock","bundle_stock_quantity":1,"bundle_virtual":false,"bundle_layout":"","bundle_add_to_cart_form_location":"","bundle_editable_in_cart":false,"bundle_sold_individually_context":"","bundle_item_grouping":"","bundle_min_size":"","bundle_max_size":"","bundle_price":[],"bundled_items":[],"bundle_sell_ids":[],"exclude_global_add_ons":[],"addons":[],"acf":[],"_links":{"self":[{"href":"https:\/\/kraftwerk-shop.cc\/pl\/wp-json\/wp\/v2\/product\/68358365","targetHints":{"allow":["GET"]}}],"collection":[{"href":"https:\/\/kraftwerk-shop.cc\/pl\/wp-json\/wp\/v2\/product"}],"about":[{"href":"https:\/\/kraftwerk-shop.cc\/pl\/wp-json\/wp\/v2\/types\/product"}],"replies":[{"embeddable":true,"href":"https:\/\/kraftwerk-shop.cc\/pl\/wp-json\/wp\/v2\/comments?post=68358365"}],"version-history":[{"count":0,"href":"https:\/\/kraftwerk-shop.cc\/pl\/wp-json\/wp\/v2\/product\/68358365\/revisions"}],"wp:featuredmedia":[{"embeddable":true,"href":"https:\/\/kraftwerk-shop.cc\/pl\/wp-json\/wp\/v2\/media\/68358367"}],"wp:attachment":[{"href":"https:\/\/kraftwerk-shop.cc\/pl\/wp-json\/wp\/v2\/media?parent=68358365"}],"wp:term":[{"taxonomy":"product_brand","embeddable":true,"href":"https:\/\/kraftwerk-shop.cc\/pl\/wp-json\/wp\/v2\/product_brand?post=68358365"},{"taxonomy":"product_cat","embeddable":true,"href":"https:\/\/kraftwerk-shop.cc\/pl\/wp-json\/wp\/v2\/product_cat?post=68358365"},{"taxonomy":"product_tag","embeddable":true,"href":"https:\/\/kraftwerk-shop.cc\/pl\/wp-json\/wp\/v2\/product_tag?post=68358365"}],"curies":[{"name":"wp","href":"https:\/\/api.w.org\/{rel}","templated":true}]}}