{"id":68358718,"date":"2026-04-03T23:56:01","date_gmt":"2026-04-03T21:56:01","guid":{"rendered":"https:\/\/kraftwerk-shop.cc\/?post_type=product&#038;p=68358718"},"modified":"2026-04-12T22:37:34","modified_gmt":"2026-04-12T20:37:34","slug":"rozrusznik-mopar-05035322ac","status":"publish","type":"product","link":"https:\/\/kraftwerk-shop.cc\/pl\/produkt\/mopar-anlasser-05035322ac\/","title":{"rendered":"Silnik rozrusznika Mopar (05035322AC)"},"content":{"rendered":"<h1>Oryginalny rozrusznik Mopar (05035322AC) dla Chrysler 300C, Dodge Challenger, Charger i Jeep Grand Cherokee 6.4<\/h1>\n<p>&nbsp;<\/p>\n<p><span lang=\"DE\"><strong>Numer cz\u0119\u015bci Mopar:<\/strong>\u00a005035322AC<br \/>\n<strong>Zast\u0105piony: <\/strong>5035322AA, 5035322AB<\/span><\/p>\n<p>&nbsp;<\/p>\n<p><strong>Odpowiedni dla:<\/strong><\/p>\n<table width=\"1051\">\n<tbody>\n<tr>\n<td width=\"138\"><strong>Rok<\/strong><\/td>\n<td width=\"168\"><strong>Marka<\/strong><\/td>\n<td width=\"144\"><strong>Model<\/strong><\/td>\n<td width=\"345\"><strong>Wersja<\/strong><\/td>\n<td width=\"256\"><strong>Silnik<\/strong><\/td>\n<\/tr>\n<tr>\n<td width=\"138\">2023<\/td>\n<td width=\"168\">Chrysler<\/td>\n<td width=\"144\">300<\/td>\n<td width=\"345\">C<\/td>\n<td width=\"256\">6.4L<\/td>\n<\/tr>\n<tr>\n<td width=\"138\">2023<\/td>\n<td width=\"168\">Dodge<\/td>\n<td width=\"144\">Challenger<\/td>\n<td width=\"345\">R\/T Scat Pack, R\/T Scat Pack Widebody<\/td>\n<td width=\"256\">6.4L<\/td>\n<\/tr>\n<tr>\n<td width=\"138\">2023<\/td>\n<td width=\"168\">Dodge<\/td>\n<td width=\"144\">Charger<\/td>\n<td width=\"345\">Scat Pack, Scat Pack Widebody<\/td>\n<td width=\"256\">6.4L<\/td>\n<\/tr>\n<tr>\n<td width=\"138\">2022<\/td>\n<td width=\"168\">Dodge<\/td>\n<td width=\"144\">Challenger<\/td>\n<td width=\"345\">R\/T Scat Pack, R\/T Scat Pack Widebody<\/td>\n<td width=\"256\">6.4L<\/td>\n<\/tr>\n<tr>\n<td width=\"138\">2022<\/td>\n<td width=\"168\">Dodge<\/td>\n<td width=\"144\">Charger<\/td>\n<td width=\"345\">Scat Pack, Scat Pack Widebody<\/td>\n<td width=\"256\">6.4L<\/td>\n<\/tr>\n<tr>\n<td width=\"138\">2021<\/td>\n<td width=\"168\">Dodge<\/td>\n<td width=\"144\">Challenger<\/td>\n<td width=\"345\">R\/T Scat Pack, R\/T Scat Pack Widebody<\/td>\n<td width=\"256\">6.4L<\/td>\n<\/tr>\n<tr>\n<td width=\"138\">2021<\/td>\n<td width=\"168\">Dodge<\/td>\n<td width=\"144\">Charger<\/td>\n<td width=\"345\">Scat Pack<\/td>\n<td width=\"256\">6.4L<\/td>\n<\/tr>\n<tr>\n<td width=\"138\">2020<\/td>\n<td width=\"168\">Dodge<\/td>\n<td width=\"144\">Challenger<\/td>\n<td width=\"345\">R\/T Scat Pack, R\/T Scat Pack Widebody<\/td>\n<td width=\"256\">6.4L<\/td>\n<\/tr>\n<tr>\n<td width=\"138\">2020<\/td>\n<td width=\"168\">Dodge<\/td>\n<td width=\"144\">Charger<\/td>\n<td width=\"345\">Scat Pack<\/td>\n<td width=\"256\">6.4L<\/td>\n<\/tr>\n<tr>\n<td width=\"138\">2019<\/td>\n<td width=\"168\">Dodge<\/td>\n<td width=\"144\">Challenger<\/td>\n<td width=\"345\">R\/T Scat Pack, R\/T Scat Pack Widebody<\/td>\n<td width=\"256\">6.4L<\/td>\n<\/tr>\n<tr>\n<td width=\"138\">2019<\/td>\n<td width=\"168\">Dodge<\/td>\n<td width=\"144\">Charger<\/td>\n<td width=\"345\">Scat Pack<\/td>\n<td width=\"256\">6.4L<\/td>\n<\/tr>\n<tr>\n<td width=\"138\">2018<\/td>\n<td width=\"168\">Dodge<\/td>\n<td width=\"144\">Challenger<\/td>\n<td width=\"345\">R\/T Scat Pack, SRT 392, T\/A 392<\/td>\n<td width=\"256\">6.4L<\/td>\n<\/tr>\n<tr>\n<td width=\"138\">2018<\/td>\n<td width=\"168\">Dodge<\/td>\n<td width=\"144\">Charger<\/td>\n<td width=\"345\">R\/T Scat Pack, SRT 392<\/td>\n<td width=\"256\">6.4L<\/td>\n<\/tr>\n<tr>\n<td width=\"138\">2017<\/td>\n<td width=\"168\">Dodge<\/td>\n<td width=\"144\">Challenger<\/td>\n<td width=\"345\">R\/T Scat Pack, SRT 392, T\/A 392<\/td>\n<td width=\"256\">6.4L<\/td>\n<\/tr>\n<tr>\n<td width=\"138\">2017<\/td>\n<td width=\"168\">Dodge<\/td>\n<td width=\"144\">Charger<\/td>\n<td width=\"345\">R\/T Scat Pack, SRT 392<\/td>\n<td width=\"256\">6.4L<\/td>\n<\/tr>\n<tr>\n<td width=\"138\">2016<\/td>\n<td width=\"168\">Dodge<\/td>\n<td width=\"144\">Challenger<\/td>\n<td width=\"345\">392 Hemi Scat Pack Shaker, R\/T Scat Pack, SRT 392<\/td>\n<td width=\"256\">6.4L<\/td>\n<\/tr>\n<tr>\n<td width=\"138\">2016<\/td>\n<td width=\"168\">Dodge<\/td>\n<td width=\"144\">Charger<\/td>\n<td width=\"345\">R\/T Scat Pack, SRT 392<\/td>\n<td width=\"256\">6.4L<\/td>\n<\/tr>\n<tr>\n<td width=\"138\">2015<\/td>\n<td width=\"168\">Dodge<\/td>\n<td width=\"144\">Challenger<\/td>\n<td width=\"345\">SRT 392, Scat Pack<\/td>\n<td width=\"256\">6.4L<\/td>\n<\/tr>\n<tr>\n<td width=\"138\">2015<\/td>\n<td width=\"168\">Dodge<\/td>\n<td width=\"144\">Charger<\/td>\n<td width=\"345\">R\/T Scat Pack, SRT 392<\/td>\n<td width=\"256\">6.4L<\/td>\n<\/tr>\n<tr>\n<td width=\"138\">2013<\/td>\n<td width=\"168\">Jeep<\/td>\n<td width=\"144\">Grand Cherokee<\/td>\n<td width=\"345\">SRT8<\/td>\n<td width=\"256\">6.4L<\/td>\n<\/tr>\n<tr>\n<td width=\"138\">2012<\/td>\n<td width=\"168\">Jeep<\/td>\n<td width=\"144\">Grand Cherokee<\/td>\n<td width=\"345\">SRT8<\/td>\n<td width=\"256\">6.4L<\/td>\n<\/tr>\n<\/tbody>\n<\/table>\n<p>&nbsp;<\/p>\n<h4>Dlaczego warto wybra\u0107 oryginalne cz\u0119\u015bci zamienne Mopar?<\/h4>\n<p><strong>Idealne dopasowanie i najwy\u017csza jako\u015b\u0107:<\/strong> Oryginalne cz\u0119\u015bci zamienne Mopar s\u0105 produkowane zgodnie ze \u015bcis\u0142ymi specyfikacjami producenta, co oznacza, \u017ce idealnie pasuj\u0105 do Twojego pojazdu. Zapewnia to nie tylko \u0142atw\u0105 instalacj\u0119, ale tak\u017ce optymaln\u0105 funkcjonalno\u015b\u0107 i bezpiecze\u0144stwo.<\/p>\n<p><strong>Niezawodno\u015b\u0107 i trwa\u0142o\u015b\u0107:<\/strong> Dzi\u0119ki zastosowaniu wysokiej jako\u015bci materia\u0142\u00f3w i rygorystycznej kontroli jako\u015bci, cz\u0119\u015bci zamienne Mopar zapewniaj\u0105 niezawodne dzia\u0142anie pojazdu nawet w ekstremalnych warunkach. Zosta\u0142y zaprojektowane z my\u015bl\u0105 o trwa\u0142o\u015bci i maksymalizacji osi\u0105g\u00f3w pojazdu.<\/p>\n<p>&nbsp;<\/p>","protected":false},"excerpt":{"rendered":"<p>Oryginalna cz\u0119\u015b\u0107 Mopar<\/p>","protected":false},"featured_media":0,"comment_status":"open","ping_status":"closed","template":"","meta":{"_acf_changed":false},"product_brand":[16270],"product_cat":[7276,7297,7333,7413],"product_tag":[21079,21080,21075,52,21077,21078,21076,19951,21086,54,53,48,16696,49,21087,56,50,31,8813,9424,16271,16273,16275,16272,16274,7221,21089,96,164,19952,21088,21085],"class_list":{"0":"post-68358718","1":"product","2":"type-product","3":"status-publish","5":"product_brand-mopar","6":"product_cat-300c-64-elektrik-sonstiges","7":"product_cat-challenger-64-elektrik-sonstiges","8":"product_cat-64-elektrik-sonstiges","9":"product_cat-grand-cherokee-64-elektrik-sonstiges","10":"product_tag-05035322aa","11":"product_tag-05035322ab","12":"product_tag-05035322ac","13":"product_tag-300c","14":"product_tag-5035322aa","15":"product_tag-5035322ab","16":"product_tag-5035322ac","17":"product_tag-anlasser","18":"product_tag-anlassmotor","19":"product_tag-challenger","20":"product_tag-charger","21":"product_tag-chrysler","22":"product_tag-chrysler-300c-srt8-kolben","23":"product_tag-dodge","24":"product_tag-elektrostarter","25":"product_tag-grand-cherokee","26":"product_tag-jeep","27":"product_tag-mopar","28":"product_tag-mopar-autoteile","29":"product_tag-mopar-ersatzteile","30":"product_tag-mopar-ersatzteile-kaufen","31":"product_tag-mopar-performance-teile","32":"product_tag-mopar-teile-katalog","33":"product_tag-mopar-teile-online","34":"product_tag-mopar-tuningteile","35":"product_tag-mopar10","36":"product_tag-motorstarter","37":"product_tag-srt","38":"product_tag-srt8","39":"product_tag-starter","40":"product_tag-startermotor","41":"product_tag-startmotor","43":"first","44":"onbackorder","45":"taxable","46":"shipping-taxable","47":"purchasable","48":"product-type-simple"},"bundled_by":[],"bundle_stock_status":"onbackorder","bundle_stock_quantity":0,"bundle_virtual":false,"bundle_layout":"","bundle_add_to_cart_form_location":"","bundle_editable_in_cart":false,"bundle_sold_individually_context":"","bundle_item_grouping":"","bundle_min_size":"","bundle_max_size":"","bundle_price":[],"bundled_items":[],"bundle_sell_ids":[],"exclude_global_add_ons":[],"addons":[],"acf":[],"_links":{"self":[{"href":"https:\/\/kraftwerk-shop.cc\/pl\/wp-json\/wp\/v2\/product\/68358718","targetHints":{"allow":["GET"]}}],"collection":[{"href":"https:\/\/kraftwerk-shop.cc\/pl\/wp-json\/wp\/v2\/product"}],"about":[{"href":"https:\/\/kraftwerk-shop.cc\/pl\/wp-json\/wp\/v2\/types\/product"}],"replies":[{"embeddable":true,"href":"https:\/\/kraftwerk-shop.cc\/pl\/wp-json\/wp\/v2\/comments?post=68358718"}],"version-history":[{"count":0,"href":"https:\/\/kraftwerk-shop.cc\/pl\/wp-json\/wp\/v2\/product\/68358718\/revisions"}],"wp:attachment":[{"href":"https:\/\/kraftwerk-shop.cc\/pl\/wp-json\/wp\/v2\/media?parent=68358718"}],"wp:term":[{"taxonomy":"product_brand","embeddable":true,"href":"https:\/\/kraftwerk-shop.cc\/pl\/wp-json\/wp\/v2\/product_brand?post=68358718"},{"taxonomy":"product_cat","embeddable":true,"href":"https:\/\/kraftwerk-shop.cc\/pl\/wp-json\/wp\/v2\/product_cat?post=68358718"},{"taxonomy":"product_tag","embeddable":true,"href":"https:\/\/kraftwerk-shop.cc\/pl\/wp-json\/wp\/v2\/product_tag?post=68358718"}],"curies":[{"name":"wp","href":"https:\/\/api.w.org\/{rel}","templated":true}]}}